{"id":10132,"date":"2024-02-16T16:18:29","date_gmt":"2024-02-16T21:18:29","guid":{"rendered":"https:\/\/asac.ca\/?page_id=10132"},"modified":"2024-05-18T14:51:07","modified_gmt":"2024-05-18T18:51:07","slug":"congres-2024","status":"publish","type":"page","link":"https:\/\/asac.ca\/fr\/congres-2024\/","title":{"rendered":"Congr\u00e8s 2024"},"content":{"rendered":"<p class=\"has-text-align-center has-text-color has-link-color wp-elements-fd085af2678eea639c1facfe890bcfcd wp-block-paragraph\" style=\"color:#486a5c;font-size:49px\"><strong>ASAC 2024 <\/strong>| <strong>Montr\u00e9al (Longueuil)<\/strong><\/p>\n\n\n\n<p class=\"has-text-align-center wp-block-paragraph\"><strong>1 au 3 juin 2024 |  June 1 to 3, 2024<br><\/strong><em>En ligne 28\/29 mai |  Online May 28\/29<\/em><\/p>\n\n\n\n<div style=\"height:45px\" aria-hidden=\"true\" class=\"wp-block-spacer\"><\/div>\n\n\n\n<div class=\"wp-block-buttons is-content-justification-center is-layout-flex wp-container-core-buttons-is-layout-fe48e5de wp-block-buttons-is-layout-flex\">\n<div class=\"wp-block-button has-custom-width wp-block-button__width-75 has-custom-font-size is-style-circular has-normal-font-size\"><a class=\"wp-block-button__link has-background has-text-align-center wp-element-button\" href=\"https:\/\/sites.grenadine.co\/sites\/asac\/en\/asac-2024\" style=\"border-radius:0px;background-color:#4a9557\" target=\"_blank\" rel=\"noreferrer noopener\">Aller au programme de la conf\u00e9rence<\/a><\/div>\n<\/div>\n\n\n\n<div style=\"height:45px\" aria-hidden=\"true\" class=\"wp-block-spacer\"><\/div>\n\n\n\n<h2 class=\"wp-block-heading has-text-align-center\">Il est encore temps de s&#8217;inscrire !<\/h2>\n\n\n\n<p class=\"has-text-align-center wp-block-paragraph\">Pour vous inscrire, commencez par <a href=\"https:\/\/asac.ca\/fr\/rejoindre\/#join\">renouveler ou acheter votre adh\u00e9sion<\/a>.<br>Ensuite, vous recevrez un email dans les 24 heures avec un lien pour vous inscrire.<br>Si vous avez une adh\u00e9sion en cours, vous avez d\u00e9j\u00e0 re\u00e7u un e-mail.<br><br>Trouvez les informations sur <a href=\"https:\/\/asac.ca\/fr\/inscription-pour-lasac-2024\/\" data-type=\"link\" data-id=\"https:\/\/asac.ca\/fr\/inscription-pour-lasac-2024\/\">les tarifs d&#8217;inscription \u00e0 la conf\u00e9rence ici<\/a>.<\/p>\n\n\n\n<p class=\"has-text-align-center wp-block-paragraph\"><strong>Politique de remboursement et de modification d&#8217;inscription<br><\/strong>Frais administratifs de 15 $ jusqu&#8217;au 22 mai 2024.<br>Aucun remboursement ou modification d&#8217;inscription apr\u00e8s le 22 mai 2024.<\/p>\n\n\n\n<p class=\"has-text-align-center wp-block-paragraph\"><strong>Pour plus d&#8217;informations<\/strong><br>Consultez les <a href=\"https:\/\/asac.ca\/fr\/faq-de-la-conference\/\">FAQ de la conf\u00e9rence<\/a>.<\/p>\n\n\n\n<p class=\"has-text-align-center wp-block-paragraph\"><strong>Mod\u00e8les de pr\u00e9sentation disponibles <br><\/strong>T\u00e9l\u00e9chargez les <a href=\"https:\/\/asac.ca\/wp-content\/uploads\/2024\/05\/ASAC-2024-presentation-templates.zip\">mod\u00e8les PPT de l&#8217;ASAC 2024<\/a>.<\/p>\n\n\n\n<div style=\"height:64px\" aria-hidden=\"true\" class=\"wp-block-spacer\"><\/div>\n\n\n\n<div class=\"wp-block-coblocks-features coblocks-features-111018723864\"><div class=\"wp-block-coblocks-features__inner has-columns has-2-columns has-responsive-columns has-center-content has-medium-gutter\">\n<div class=\"wp-block-coblocks-feature coblocks-feature-111018723974\"><div class=\"wp-block-coblocks-feature__inner has-no-padding\"><div class=\"wp-block-coblocks-icon\">\n\t\t\t\t<div class=\"wp-block-coblocks-icon__inner\" style=\"height: 60px; width: 60px;\">\n\t\t\t\t\t<svg fill=\"none\" viewbox=\"0 0 20 20\" xmlns=\"http:\/\/www.w3.org\/2000\/svg\"><path d=\"m10 12.6315789c1.7473684 0 3.1473684-1.4105263 3.1473684-3.15789469l.0105263-6.31578947c0-1.74736842-1.4105263-3.15789474-3.1578947-3.15789474-1.74736842 0-3.15789474 1.41052632-3.15789474 3.15789474v6.31578947c0 1.74736839 1.41052632 3.15789469 3.15789474 3.15789469zm-1.26315789-9.57894732c0-.69473684.56842105-1.2631579 1.26315789-1.2631579.6947368 0 1.2631579.56842106 1.2631579 1.2631579l-.0105263 6.52631579c0 .69473683-.5578948 1.26315793-1.2526316 1.26315793-.69473684 0-1.26315789-.5684211-1.26315789-1.26315793zm6.84210529 6.42105263c0 3.15789469-2.6736842 5.36842109-5.5789474 5.36842109-2.90526316 0-5.57894737-2.2105264-5.57894737-5.36842109h-1.78947368c0 3.58947369 2.86315789 6.55789469 6.31578947 7.07368419v3.4526316h2.10526318v-3.4526316c3.4526316-.5052631 6.3157895-3.4736842 6.3157895-7.07368419z\" fill=\"currentColor\" \/><\/svg>\n\t\t\t\t<\/div>\n\t\t\t<\/div>\n\n\n<h4 class=\"wp-block-heading\">Conf\u00e9renciers<\/h4>\n\n\n\n<p class=\"wp-block-paragraph\">Conf\u00e9rencier principal, pan\u00e9listes et experts sur divers sujets pertinents<\/p>\n<\/div><\/div>\n\n\n\n<div class=\"wp-block-coblocks-feature coblocks-feature-111018723974\"><div class=\"wp-block-coblocks-feature__inner has-no-padding\"><div class=\"wp-block-coblocks-icon\">\n\t\t\t\t<div class=\"wp-block-coblocks-icon__inner\" style=\"height: 60px; width: 60px;\">\n\t\t\t\t\t<svg fill=\"none\" viewbox=\"0 0 20 20\" xmlns=\"http:\/\/www.w3.org\/2000\/svg\"><path d=\"m19.99 7c0-.72-.37-1.35-.94-1.7l-9.05-5.3-9.05 5.3c-.57.35-.95.98-.95 1.7v11c0 1.1.9 2 2 2h16c1.1 0 2-.9 2-2zm-2 0v.01l-7.99 4.99-8-5 8-4.68zm-15.99 11v-8.66l8 5.02 7.99-4.99.01 8.63z\" fill=\"currentColor\" \/><\/svg>\n\t\t\t\t<\/div>\n\t\t\t<\/div>\n\n\n<h4 class=\"wp-block-heading\">Programmes divisionnaires<\/h4>\n\n\n\n<p class=\"wp-block-paragraph\">Pr\u00e9sentations de recherche et sessions d&#8217;engagement dans 20 disciplines de gestion.<\/p>\n<\/div><\/div>\n<\/div><\/div>\n\n\n\n<div style=\"height:65px\" aria-hidden=\"true\" class=\"wp-block-spacer\"><\/div>\n\n\n\n<div class=\"wp-block-coblocks-features coblocks-features-111018745708\"><div class=\"wp-block-coblocks-features__inner has-columns has-2-columns has-responsive-columns has-center-content has-medium-gutter\">\n<div class=\"wp-block-coblocks-feature coblocks-feature-111018745772\"><div class=\"wp-block-coblocks-feature__inner has-no-padding\"><div class=\"wp-block-coblocks-icon\">\n\t\t\t\t<div class=\"wp-block-coblocks-icon__inner\" style=\"height: 60px; width: 60px;\">\n\t\t\t\t\t<svg fill=\"none\" viewbox=\"0 0 20 20\" xmlns=\"http:\/\/www.w3.org\/2000\/svg\"><path d=\"m18 0h-16c-1.1 0-1.99.9-1.99 2l-.01 10c0 1.1.9 2 2 2h16c1.1 0 2-.9 2-2v-10c0-1.1-.9-2-2-2zm-9 3h2v2h-2zm0 3h2v2h-2zm-3-3h2v2h-2zm0 3h2v2h-2zm-1 2h-2v-2h2zm0-3h-2v-2h2zm9 7h-8v-2h8zm0-4h-2v-2h2zm0-3h-2v-2h2zm3 3h-2v-2h2zm0-3h-2v-2h2z\" transform=\"translate(0, 3)\" fill=\"currentColor\" \/><\/svg>\n\t\t\t\t<\/div>\n\t\t\t<\/div>\n\n\n<h4 class=\"wp-block-heading\">D\u00e9veloppement professionnel<\/h4>\n\n\n\n<p class=\"wp-block-paragraph\">Sessions qui vous tiennent inform\u00e9 des derni\u00e8res tendances en mati\u00e8re de recherche de gestion<\/p>\n<\/div><\/div>\n\n\n\n<div class=\"wp-block-coblocks-feature coblocks-feature-111018745772\"><div class=\"wp-block-coblocks-feature__inner has-no-padding\"><div class=\"wp-block-coblocks-icon\">\n\t\t\t\t<div class=\"wp-block-coblocks-icon__inner\" style=\"height: 60px; width: 60px;\">\n\t\t\t\t\t<svg fill=\"none\" viewbox=\"0 0 20 20\" xmlns=\"http:\/\/www.w3.org\/2000\/svg\"><path d=\"m15.5555556 14.4444444-4.4444445-4.4444444v-3.53333333c1.2888889-.46666667 2.2222222-1.68888889 2.2222222-3.13333334 0-1.84444444-1.4888889-3.33333333-3.3333333-3.33333333-1.84444444 0-3.33333333 1.48888889-3.33333333 3.33333333 0 1.44444445.93333333 2.66666667 2.22222222 3.13333334v3.53333333l-4.44444445 4.4444444h-4.44444444v5.5555556h5.55555556v-3.3888889l4.44444444-4.6666667 4.4444444 4.6666667v3.3888889h5.5555556v-5.5555556z\" fill=\"currentColor\" \/><\/svg>\n\t\t\t\t<\/div>\n\t\t\t<\/div>\n\n\n<h4 class=\"wp-block-heading\"><a href=\"https:\/\/asac.ca\/fr\/consortium-doctoral-asac-2024\/\">Consortium doctoral<\/a><\/h4>\n\n\n\n<p class=\"wp-block-paragraph\">Con\u00e7u pour les doctorants, organis\u00e9 par l&#8217;Universit\u00e9 de Sherbrooke.<\/p>\n<\/div><\/div>\n<\/div><\/div>\n\n\n\n<div style=\"height:65px\" aria-hidden=\"true\" class=\"wp-block-spacer\"><\/div>\n\n\n\n<h4 class=\"wp-block-heading\">De plus, b\u00e9n\u00e9ficiez <a href=\"https:\/\/asac.ca\/wp-admin\/post.php?post=9909&amp;action=edit\">d&#8217;une r\u00e9duction de 20%<\/a> pour voir le Cirque du Soleil<\/h4>\n\n\n\n<div style=\"height:45px\" aria-hidden=\"true\" class=\"wp-block-spacer\"><\/div>\n\n\n\n<p class=\"has-text-align-center wp-block-paragraph\">ASAC 2024 est organis\u00e9 par l&#8217;Universit\u00e9 de Sherbrooke<\/p>\n\n\n<div class=\"wp-block-image\">\n<figure class=\"aligncenter size-full is-resized\"><a href=\"https:\/\/asac.ca\/wp-content\/uploads\/2023\/10\/91242715-udes_logo_test.jpg\"><img fetchpriority=\"high\" decoding=\"async\" width=\"1000\" height=\"500\" data-attachment-id=\"9488\" data-permalink=\"https:\/\/asac.ca\/fr\/home\/91242715-udes_logo_test-2\/\" data-orig-file=\"https:\/\/asac.ca\/wp-content\/uploads\/2023\/10\/91242715-udes_logo_test.jpg\" data-orig-size=\"1000,500\" data-comments-opened=\"0\" data-image-meta=\"{&quot;aperture&quot;:&quot;0&quot;,&quot;credit&quot;:&quot;&quot;,&quot;camera&quot;:&quot;&quot;,&quot;caption&quot;:&quot;&quot;,&quot;created_timestamp&quot;:&quot;0&quot;,&quot;copyright&quot;:&quot;&quot;,&quot;focal_length&quot;:&quot;0&quot;,&quot;iso&quot;:&quot;0&quot;,&quot;shutter_speed&quot;:&quot;0&quot;,&quot;title&quot;:&quot;&quot;,&quot;orientation&quot;:&quot;1&quot;}\" data-image-title=\"91242715-udes_logo_test\" data-image-description=\"\" data-image-caption=\"\" data-medium-file=\"https:\/\/asac.ca\/wp-content\/uploads\/2023\/10\/91242715-udes_logo_test-300x150.jpg\" data-large-file=\"https:\/\/asac.ca\/wp-content\/uploads\/2023\/10\/91242715-udes_logo_test.jpg\" src=\"https:\/\/asac.ca\/wp-content\/uploads\/2023\/10\/91242715-udes_logo_test.jpg\" alt=\"\" class=\"wp-image-9488\" style=\"width:357px;height:auto\" srcset=\"https:\/\/asac.ca\/wp-content\/uploads\/2023\/10\/91242715-udes_logo_test.jpg 1000w, https:\/\/asac.ca\/wp-content\/uploads\/2023\/10\/91242715-udes_logo_test-300x150.jpg 300w, https:\/\/asac.ca\/wp-content\/uploads\/2023\/10\/91242715-udes_logo_test-768x384.jpg 768w\" sizes=\"(max-width: 1000px) 100vw, 1000px\" \/><\/a><\/figure>\n<\/div>\n\n\n<p class=\"has-text-align-center wp-block-paragraph\"><a href=\"https:\/\/sites.grenadine.co\/sites\/asac\/en\/asac-2024\/venues\/47\" data-type=\"link\" data-id=\"https:\/\/sites.grenadine.co\/sites\/asac\/en\/asac-2024\/venues\/47\" target=\"_blank\" rel=\"noreferrer noopener\">Campus de Longueuil<\/a><br>150, place Charles-Le Moyne<br>Longueuil (Qu\u00e9bec) J4K 0A8.<\/p>\n\n\n\n<div style=\"height:45px\" aria-hidden=\"true\" class=\"wp-block-spacer\"><\/div>\n\n\n\n<h2 class=\"wp-block-heading has-text-align-center\"><strong>Commanditaire ou exposant \u00e0 l&#8217;ASAC 2024<\/strong><\/h2>\n\n\n\n<p class=\"has-text-align-center wp-block-paragraph\">En savoir plus sur les <a href=\"https:\/\/asac.ca\/wp-content\/uploads\/2024\/01\/ASAC-2024-\u2014-Parrainage-et-Exposants-Sponsorship-and-exhibitors-1.pdf\" data-type=\"link\" data-id=\"https:\/\/asac.ca\/wp-content\/uploads\/2024\/01\/ASAC-2024-\u2014-Parrainage-et-Exposants-Sponsorship-and-exhibitors-1.pdf\">opportunit\u00e9s de commandite et d&#8217;exposition \u00e0 l&#8217;ASAC 2024<\/a>.<\/p>\n\n\n\n<div style=\"height:56px\" aria-hidden=\"true\" class=\"wp-block-spacer\"><\/div>\n\n\n\n<hr class=\"wp-block-separator has-alpha-channel-opacity\"\/>\n\n\n\n<p class=\"wp-block-paragraph\"><a href=\"https:\/\/asac.ca\/fr\/membres-seulement\/\">Les actes de conf\u00e9rence<\/a> sont disponibles en ligne pour les membres de l&#8217;ASAC depuis 1979 !<\/p>","protected":false},"excerpt":{"rendered":"<p>ASAC 2024 | Montr\u00e9al (Longueuil) 1 au 3 juin 2024 | June 1 to 3, 2024En ligne 28\/29 mai | Online May 28\/29 Il est encore temps de s&#8217;inscrire ! [&hellip;]<\/p>\n","protected":false},"author":88652768,"featured_media":9849,"parent":0,"menu_order":0,"comment_status":"closed","ping_status":"closed","template":"","meta":{"_bbp_topic_count":0,"_bbp_reply_count":0,"_bbp_total_topic_count":0,"_bbp_total_reply_count":0,"_bbp_voice_count":0,"_bbp_anonymous_reply_count":0,"_bbp_topic_count_hidden":0,"_bbp_reply_count_hidden":0,"_bbp_forum_subforum_count":0,"_coblocks_attr":"","_coblocks_dimensions":"","_coblocks_responsive_height":"","_coblocks_accordion_ie_support":"","_crdt_document":"","_genesis_hide_title":false,"_genesis_hide_breadcrumbs":false,"_genesis_hide_singular_image":false,"_genesis_hide_footer_widgets":false,"_genesis_custom_body_class":"","_genesis_custom_post_class":"","_genesis_layout":"","jetpack_post_was_ever_published":false,"footnotes":""},"class_list":["post-10132","page","type-page","status-publish","has-post-thumbnail","entry"],"jetpack_likes_enabled":false,"jetpack_sharing_enabled":true,"jetpack_shortlink":"https:\/\/wp.me\/P6jvYC-2Dq","jetpack-related-posts":[{"id":10135,"url":"https:\/\/asac.ca\/fr\/congres-2023\/","url_meta":{"origin":10132,"position":0},"title":"Congr\u00e8s 2023","author":"asaccanada","date":"janvier 23, 2024","format":false,"excerpt":"Montr\u00e9al (Longueuil) 1 au 3 juin 2024 | June 1 to 3, 2024En ligne 28\/29 mai | Online May 28\/29 Trouvez l'appel \u00e0 communications ici Conf\u00e9renciers Conf\u00e9rencier principal, pan\u00e9listes et experts sur divers sujets pertinents Programmes divisionnaires Pr\u00e9sentations de recherche et sessions d'engagement dans 20 disciplines de gestion. D\u00e9veloppement professionnel\u2026","rel":"","context":"Article similaire","block_context":{"text":"Article similaire","link":""},"img":{"alt_text":"","src":"https:\/\/i0.wp.com\/asac.ca\/wp-content\/uploads\/2023\/11\/Main-ASAC-2024-website-banner-2000-567.jpg?resize=350%2C200&ssl=1","width":350,"height":200,"srcset":"https:\/\/i0.wp.com\/asac.ca\/wp-content\/uploads\/2023\/11\/Main-ASAC-2024-website-banner-2000-567.jpg?resize=350%2C200&ssl=1 1x, https:\/\/i0.wp.com\/asac.ca\/wp-content\/uploads\/2023\/11\/Main-ASAC-2024-website-banner-2000-567.jpg?resize=525%2C300&ssl=1 1.5x, https:\/\/i0.wp.com\/asac.ca\/wp-content\/uploads\/2023\/11\/Main-ASAC-2024-website-banner-2000-567.jpg?resize=700%2C400&ssl=1 2x, https:\/\/i0.wp.com\/asac.ca\/wp-content\/uploads\/2023\/11\/Main-ASAC-2024-website-banner-2000-567.jpg?resize=1050%2C600&ssl=1 3x, https:\/\/i0.wp.com\/asac.ca\/wp-content\/uploads\/2023\/11\/Main-ASAC-2024-website-banner-2000-567.jpg?resize=1400%2C800&ssl=1 4x"},"classes":[]},{"id":8190,"url":"https:\/\/asac.ca\/fr\/8190-2\/","url_meta":{"origin":10132,"position":1},"title":"H\u00e9bergement","author":"asaccanada","date":"mars 19, 2023","format":false,"excerpt":"Voici quelques options d'h\u00e9bergement pour votre s\u00e9jour \u00e0 Montr\u00e9al (Longueuil). Sandman Hotel 999 Rue de S\u00e9rigny, Montr\u00e9al, QC J4K 2T1, Canada 3 minutes \u00e0 pied du campus 180 $ + taxes Ce tarif est disponible jusqu'au 30 avril ou jusqu'\u00e0 \u00e9puisement des stocks et est valide du 30 mai au\u2026","rel":"","context":"Article similaire","block_context":{"text":"Article similaire","link":""},"img":{"alt_text":"","src":"","width":0,"height":0},"classes":[]},{"id":1406,"url":"https:\/\/asac.ca\/fr\/conferences\/pastasacconferences\/","url_meta":{"origin":10132,"position":2},"title":"Congr\u00e8s de l&#8217;ASAC pass\u00e9s","author":"asaccanada","date":"janvier 11, 2020","format":false,"excerpt":"Les actes de la conf\u00e9rence des congr\u00e8s pass\u00e9s sont disponibles pour tous les membres de l'ASAC via le portail des membres dans la zone d'acc\u00e8s restreint aux membres. ASAC 2024: A Bridge to Partnership \/ Un pont vers le partenariatUniversit\u00e9 de Sherbrooke \u2013 Campus de LongueuilMontr\u00e9al (Longueuil), Qu\u00e9bec ASAC 2024\u2026","rel":"","context":"Article similaire","block_context":{"text":"Article similaire","link":""},"img":{"alt_text":"","src":"","width":0,"height":0},"classes":[]},{"id":8173,"url":"https:\/\/asac.ca\/accommodations\/","url_meta":{"origin":10132,"position":3},"title":"Accommodations","author":"asaccanada","date":"mars 19, 2023","format":false,"excerpt":"Here are a few accommodation options for your stay in Montreal (Longueuil). Sandman Hotel999 Rue de S\u00e9rigny, Montr\u00e9al, QC J4K 2T1, Canada3 minute walk to campus$180\u00a0+ tax This rate is available until April 30th or while supplies last and valid May 30 - June 5, 2024 (inclusive) Room: king bed\u00a0+\u2026","rel":"","context":"Article similaire","block_context":{"text":"Article similaire","link":""},"img":{"alt_text":"","src":"","width":0,"height":0},"classes":[]},{"id":10654,"url":"https:\/\/asac.ca\/conferencefaqs\/","url_meta":{"origin":10132,"position":4},"title":"Conference FAQs","author":"asaccanada","date":"mars 16, 2024","format":false,"excerpt":"Here's a look at some of the common questions you might have about ASAC 2024. Conference program and registration Where do I find the program? All conference programming and activities are listed and will run through Grenadine, our conference platform.\u00a0 Login to Grenadine and find the conference program here. Personalize\u2026","rel":"","context":"Article similaire","block_context":{"text":"Article similaire","link":""},"img":{"alt_text":"","src":"","width":0,"height":0},"classes":[]},{"id":4765,"url":"https:\/\/asac.ca\/agm\/","url_meta":{"origin":10132,"position":5},"title":"AGA \/\/ AGM","author":"asaccanada","date":"novembre 10, 2020","format":false,"excerpt":"\u00a0 [memberonly] ASSEMBL\u00c9ES G\u00c9N\u00c9RALES ANNUELLES \/\/ ANNUAL GENERAL MEETINGS AGA 2025 \/\/ AGM 2025 L'assembl\u00e9e g\u00e9n\u00e9rale annuelle de l'ASAC 2025 aura lieu le dimanche 19 mai 2025 \u00e0 13 h HE. \/\/ The ASAC 2025 Annual General Meeting will be held on Sunday, My 19, 2025 at 1:00pm ET. Ordre\u2026","rel":"","context":"Article similaire","block_context":{"text":"Article similaire","link":""},"img":{"alt_text":"","src":"","width":0,"height":0},"classes":[]}],"amp_enabled":true,"_links":{"self":[{"href":"https:\/\/asac.ca\/fr\/wp-json\/wp\/v2\/pages\/10132","targetHints":{"allow":["GET"]}}],"collection":[{"href":"https:\/\/asac.ca\/fr\/wp-json\/wp\/v2\/pages"}],"about":[{"href":"https:\/\/asac.ca\/fr\/wp-json\/wp\/v2\/types\/page"}],"author":[{"embeddable":true,"href":"https:\/\/asac.ca\/fr\/wp-json\/wp\/v2\/users\/88652768"}],"replies":[{"embeddable":true,"href":"https:\/\/asac.ca\/fr\/wp-json\/wp\/v2\/comments?post=10132"}],"version-history":[{"count":14,"href":"https:\/\/asac.ca\/fr\/wp-json\/wp\/v2\/pages\/10132\/revisions"}],"predecessor-version":[{"id":11609,"href":"https:\/\/asac.ca\/fr\/wp-json\/wp\/v2\/pages\/10132\/revisions\/11609"}],"wp:featuredmedia":[{"embeddable":true,"href":"https:\/\/asac.ca\/fr\/wp-json\/wp\/v2\/media\/9849"}],"wp:attachment":[{"href":"https:\/\/asac.ca\/fr\/wp-json\/wp\/v2\/media?parent=10132"}],"curies":[{"name":"wp","href":"https:\/\/api.w.org\/{rel}","templated":true}]}}