{"id":10297,"date":"2024-02-08T17:22:53","date_gmt":"2024-02-08T22:22:53","guid":{"rendered":"https:\/\/asac.ca\/?page_id=10297"},"modified":"2024-02-08T17:29:21","modified_gmt":"2024-02-08T22:29:21","slug":"ateliers-et-autres-evenements","status":"publish","type":"page","link":"https:\/\/asac.ca\/fr\/ateliers-et-autres-evenements\/","title":{"rendered":"Ateliers et autres \u00e9v\u00e9nements"},"content":{"rendered":"<p class=\"wp-block-paragraph\">Consultez cette section r\u00e9guli\u00e8rement pour les ateliers et autres \u00e9v\u00e9nements que nous proposerons tout au long de l&#8217;ann\u00e9e.<\/p>\n\n\n\n<p class=\"wp-block-paragraph\">Actuellement, il n&#8217;y a aucun autre \u00e9v\u00e9nement ou atelier pr\u00e9vu en fran\u00e7ais. Basculez vers la version anglaise de cette page pour voir les \u00e9v\u00e9nements et ateliers propos\u00e9s en anglais.<\/p>\n\n\n\n<p class=\"wp-block-paragraph\">Pour des informations sur la conf\u00e9rence ASAC 2024, <a href=\"https:\/\/asac.ca\/fr\/?page_id=10132\">cliquez ici<\/a>. <\/p>\n\n\n\n<p class=\"wp-block-paragraph\">Nous proposerons des traductions simultan\u00e9es pour certaines sessions de la conf\u00e9rence \u00e0 l&#8217;\u00e9chelle de la conf\u00e9rence.<\/p>","protected":false},"excerpt":{"rendered":"<p>Consultez cette section r\u00e9guli\u00e8rement pour les ateliers et autres \u00e9v\u00e9nements que nous proposerons tout au long de l&#8217;ann\u00e9e. Actuellement, il n&#8217;y a aucun autre \u00e9v\u00e9nement ou atelier pr\u00e9vu en fran\u00e7ais. [&hellip;]<\/p>\n","protected":false},"author":88652768,"featured_media":0,"parent":0,"menu_order":0,"comment_status":"closed","ping_status":"closed","template":"","meta":{"_bbp_topic_count":0,"_bbp_reply_count":0,"_bbp_total_topic_count":0,"_bbp_total_reply_count":0,"_bbp_voice_count":0,"_bbp_anonymous_reply_count":0,"_bbp_topic_count_hidden":0,"_bbp_reply_count_hidden":0,"_bbp_forum_subforum_count":0,"_coblocks_attr":"","_coblocks_dimensions":"","_coblocks_responsive_height":"","_coblocks_accordion_ie_support":"","_crdt_document":"","_genesis_hide_title":false,"_genesis_hide_breadcrumbs":false,"_genesis_hide_singular_image":false,"_genesis_hide_footer_widgets":false,"_genesis_custom_body_class":"","_genesis_custom_post_class":"","_genesis_layout":"","jetpack_post_was_ever_published":false,"footnotes":""},"class_list":["post-10297","page","type-page","status-publish","entry"],"jetpack_likes_enabled":false,"jetpack_sharing_enabled":true,"jetpack_shortlink":"https:\/\/wp.me\/P6jvYC-2G5","jetpack-related-posts":[{"id":7822,"url":"https:\/\/asac.ca\/fr\/inscription-2023\/","url_meta":{"origin":10297,"position":0},"title":"Inscription 2023 (\u00e0 venir!)","author":"asaccanada","date":"janvier 22, 2023","format":false,"excerpt":"Veuillez noter que seuls les membres en r\u00e8gle de l'ASAC pourront s'inscrire \u00e0 la conf\u00e9rence. Renouvelez votre adh\u00e9sion ici. \u00a0 Horaire de la conf\u00e9rence Ce qui suit est un aper\u00e7u du calendrier des conf\u00e9rences pour l'ASAC 2023. Ce calendrier est sujet \u00e0 changements. Nous publierons plus d'informations d\u00e8s qu'elles seront\u2026","rel":"","context":"Article similaire","block_context":{"text":"Article similaire","link":""},"img":{"alt_text":"","src":"","width":0,"height":0},"classes":[]},{"id":4897,"url":"https:\/\/asac.ca\/fr\/conferences\/congres-2021\/","url_meta":{"origin":10297,"position":1},"title":"Congr\u00e8s 2021","author":"asaccanada","date":"novembre 26, 2020","format":false,"excerpt":"Bienvenue \u00e0 l'ASAC 2021! L\u2019anne\u0301e 2020 a amene\u0301 avec elle des de\u0301fis sans pre\u0301ce\u0301dents et la possibilite\u0301 de changements jamais vus et de longue dure\u0301e. Les premiers mois de l\u2019anne\u0301e ont connu une pande\u0301mie qui a atteint des proportions mondiales. Le meurtre de George Floyd a provoque\u0301 des protestations a\u0300\u2026","rel":"","context":"Article similaire","block_context":{"text":"Article similaire","link":""},"img":{"alt_text":"","src":"","width":0,"height":0},"classes":[]},{"id":6516,"url":"https:\/\/asac.ca\/fr\/conferences\/congres-2022\/call-for-papers-appel-a-communications\/","url_meta":{"origin":10297,"position":2},"title":"Appel \u00e0 communications","author":"asaccanada","date":"novembre 22, 2021","format":false,"excerpt":"ASAC 2022 : Plus fort ensemble 3 - 7 juin 2022 \u00a0| \u00a0Halifax, Nova Scotia T\u00e9l\u00e9charger l'ASAC 2022 Call for Papers | Appel \u00e0 communications \u00a0 En partenariat avec la Rowe School of Business de l\u2019Universit\u00e9 Dalhousie, l\u2019Association des sciences administratives du Canada vous invite \u00e0 soumettre une proposition d\u2019article,\u2026","rel":"","context":"Article similaire","block_context":{"text":"Article similaire","link":""},"img":{"alt_text":"","src":"","width":0,"height":0},"classes":[]},{"id":9555,"url":"https:\/\/asac.ca\/fr\/appel-a-communications-asac-2024\/","url_meta":{"origin":10297,"position":3},"title":"Appel \u00e0 communications ASAC 2024","author":"asaccanada","date":"octobre 21, 2023","format":false,"excerpt":"Du 1er au 3 juin 2024 | Montr\u00e9al et en ligne les 28 et 29 mai L'Association des sciences administratives du Canada (ASAC) vous invite \u00e0 soumettre un article, un travail en cours, un cas, un symposium ou une proposition d'atelier pour la conf\u00e9rence annuelle organis\u00e9e par l'Universit\u00e9 de Sherbrooke.\u2026","rel":"","context":"Article similaire","block_context":{"text":"Article similaire","link":""},"img":{"alt_text":"","src":"https:\/\/i0.wp.com\/asac.ca\/wp-content\/uploads\/2023\/10\/ASAC-2024-Logo.png?resize=350%2C200&ssl=1","width":350,"height":200,"srcset":"https:\/\/i0.wp.com\/asac.ca\/wp-content\/uploads\/2023\/10\/ASAC-2024-Logo.png?resize=350%2C200&ssl=1 1x, https:\/\/i0.wp.com\/asac.ca\/wp-content\/uploads\/2023\/10\/ASAC-2024-Logo.png?resize=525%2C300&ssl=1 1.5x, https:\/\/i0.wp.com\/asac.ca\/wp-content\/uploads\/2023\/10\/ASAC-2024-Logo.png?resize=700%2C400&ssl=1 2x, https:\/\/i0.wp.com\/asac.ca\/wp-content\/uploads\/2023\/10\/ASAC-2024-Logo.png?resize=1050%2C600&ssl=1 3x, https:\/\/i0.wp.com\/asac.ca\/wp-content\/uploads\/2023\/10\/ASAC-2024-Logo.png?resize=1400%2C800&ssl=1 4x"},"classes":[]},{"id":1573,"url":"https:\/\/asac.ca\/fr\/conferences\/submission-policies-and-guidelines\/","url_meta":{"origin":10297,"position":4},"title":"Politiques et directives de soumission","author":"asaccanada","date":"janvier 25, 2020","format":false,"excerpt":"Assurez-vous de lire les politiques et les directives ci-dessous avant de soumettre votre candidature \u00e0 la conf\u00e9rence ASAC. Date limite pour toutes les soumissions :samedi 1er f\u00e9vrier 2025 \u00e0 minuit, heure de l'Est (pas d'extensions). Pour pr\u00e9senter ou assister \u00e0 la conf\u00e9rence ASAC, vous devez \u00eatre membre. Cependant, vous n'avez\u2026","rel":"","context":"Article similaire","block_context":{"text":"Article similaire","link":""},"img":{"alt_text":"","src":"","width":0,"height":0},"classes":[]},{"id":1402,"url":"https:\/\/asac.ca\/fr\/conferences\/asac2020confcallforpapers\/","url_meta":{"origin":10297,"position":5},"title":"Appel \u00e0 communications","author":"asaccanada","date":"janvier 11, 2020","format":false,"excerpt":"l\u2019Universit\u00e9 Memorial de St. John's, Terre-Neuve-et-Labrador est fi\u00e8re de vous recevoir pour le congr\u00e8s de 2020 de l\u2019Association des sciences administratives du Canada (ASAC).\r \r Le th\u00e8me pour le congr\u00e8s de l\u2019ASAC 2020 est \u00ab Une mer de changement : faire face aux changements d\u00e9mographiques, culturels et sociaux dans\u2026","rel":"","context":"Article similaire","block_context":{"text":"Article similaire","link":""},"img":{"alt_text":"","src":"","width":0,"height":0},"classes":[]}],"amp_enabled":true,"_links":{"self":[{"href":"https:\/\/asac.ca\/fr\/wp-json\/wp\/v2\/pages\/10297","targetHints":{"allow":["GET"]}}],"collection":[{"href":"https:\/\/asac.ca\/fr\/wp-json\/wp\/v2\/pages"}],"about":[{"href":"https:\/\/asac.ca\/fr\/wp-json\/wp\/v2\/types\/page"}],"author":[{"embeddable":true,"href":"https:\/\/asac.ca\/fr\/wp-json\/wp\/v2\/users\/88652768"}],"replies":[{"embeddable":true,"href":"https:\/\/asac.ca\/fr\/wp-json\/wp\/v2\/comments?post=10297"}],"version-history":[{"count":3,"href":"https:\/\/asac.ca\/fr\/wp-json\/wp\/v2\/pages\/10297\/revisions"}],"predecessor-version":[{"id":10301,"href":"https:\/\/asac.ca\/fr\/wp-json\/wp\/v2\/pages\/10297\/revisions\/10301"}],"wp:attachment":[{"href":"https:\/\/asac.ca\/fr\/wp-json\/wp\/v2\/media?parent=10297"}],"curies":[{"name":"wp","href":"https:\/\/api.w.org\/{rel}","templated":true}]}}