{"id":1391,"date":"2020-01-11T02:09:39","date_gmt":"2020-01-11T07:09:39","guid":{"rendered":"https:\/\/asac.ca\/about-us\/aboutus\/"},"modified":"2020-02-24T21:39:08","modified_gmt":"2020-02-25T02:39:08","slug":"aboutus","status":"publish","type":"page","link":"https:\/\/asac.ca\/fr\/aboutus\/","title":{"rendered":"\u00c0 propos d&#8217;ASAC"},"content":{"rendered":"<p class=\"wp-block-paragraph\">L&#8217;Association des sciences administratives du Canada (ASAC) est un organisme professionnel qui regroupe tous ceux qui s&#8217;int\u00e9ressent \u00e0 la recherche, \u00e0 l&#8217;enseignement et \u00e0 la pratique en gestion. Fond\u00e9e \u00e0 l&#8217;origine en 1957, l&#8217;Association des \u00e9coles de commerce et d&#8217;administration des affaires du Canada avait pour mission de promouvoir et d&#8217;am\u00e9liorer l&#8217;enseignement sup\u00e9rieur dans le commerce et les affaires ainsi que de fournir un forum pour la recherche savante. En 1977, l&#8217;association a chang\u00e9 de nom pour devenir ASAC et, au milieu des ann\u00e9es 80, elle \u00e9tait comparable \u00e0 des associations telles que l&#8217;Acad\u00e9mie am\u00e9ricaine de gestion.<\/p>\n\n<p class=\"wp-block-paragraph\">L&#8217;ASAC offre un cadre stimulant pour le partage d&#8217;id\u00e9es et l&#8217;\u00e9tablissement de liens interdisciplinaires et interindustriels pour ses membres, qui proviennent d&#8217;institutions postsecondaires canadiennes et internationales li\u00e9es au monde des affaires et d&#8217;autres domaines connexes, ainsi que des entreprises des secteurs priv\u00e9 et public.<\/p>\n\n<p class=\"wp-block-paragraph\">Pour en savoir plus sur l&#8217;ASAC, voir les <a href=\"https:\/\/asac.ca\/fr\/divisions\/asacdivisiondescription\/\"><strong>descriptions des divisions<\/strong><\/a>.<\/p>","protected":false},"excerpt":{"rendered":"<p>L&#8217;Association des sciences administratives du Canada (ASAC) est un organisme professionnel qui regroupe tous ceux qui s&#8217;int\u00e9ressent \u00e0 la recherche, \u00e0 l&#8217;enseignement et \u00e0 la pratique en gestion. Fond\u00e9e \u00e0 [&hellip;]<\/p>\n","protected":false},"author":88652768,"featured_media":0,"parent":0,"menu_order":0,"comment_status":"closed","ping_status":"closed","template":"","meta":{"_bbp_topic_count":0,"_bbp_reply_count":0,"_bbp_total_topic_count":0,"_bbp_total_reply_count":0,"_bbp_voice_count":0,"_bbp_anonymous_reply_count":0,"_bbp_topic_count_hidden":0,"_bbp_reply_count_hidden":0,"_bbp_forum_subforum_count":0,"_coblocks_attr":"","_coblocks_dimensions":"","_coblocks_responsive_height":"","_coblocks_accordion_ie_support":"","_crdt_document":"","_genesis_hide_title":false,"_genesis_hide_breadcrumbs":false,"_genesis_hide_singular_image":false,"_genesis_hide_footer_widgets":false,"_genesis_custom_body_class":"","_genesis_custom_post_class":"","_genesis_layout":"","footnotes":""},"class_list":["post-1391","page","type-page","status-publish","entry"],"jetpack_likes_enabled":false,"jetpack_sharing_enabled":true,"jetpack_shortlink":"https:\/\/wp.me\/P6jvYC-mr","jetpack-related-posts":[{"id":1434,"url":"https:\/\/asac.ca\/fr\/","url_meta":{"origin":1391,"position":0},"title":"ASAC 2026 | Pens\u00e9e sans\u2026","author":"asaccanada","date":"octobre 18, 2024","format":false,"excerpt":"ASAC 2026 | Pens\u00e9e sans limites! Rejoignez-nous \u00e0 Calgary, Alberta, pour l'ASAC 2026, organis\u00e9 par la Bissett School of Business de l\u2019Universit\u00e9 Mount Royal du 22 au 25 mai. Colloque autochtone : 21 maiColloque doctoral et march\u00e9 de l\u2019emploi : 22 mai. INscrivez-vous Programme de la conf\u00e9rence commanditaires Ici, les\u2026","rel":"","context":"Article similaire","block_context":{"text":"Article similaire","link":""},"img":{"alt_text":"","src":"https:\/\/i0.wp.com\/asac.ca\/wp-content\/uploads\/2025\/11\/ASAC_logo_4.2_rework_final_Logo-4.2-C-.webp?resize=350%2C200&ssl=1","width":350,"height":200,"srcset":"https:\/\/i0.wp.com\/asac.ca\/wp-content\/uploads\/2025\/11\/ASAC_logo_4.2_rework_final_Logo-4.2-C-.webp?resize=350%2C200&ssl=1 1x, https:\/\/i0.wp.com\/asac.ca\/wp-content\/uploads\/2025\/11\/ASAC_logo_4.2_rework_final_Logo-4.2-C-.webp?resize=525%2C300&ssl=1 1.5x, https:\/\/i0.wp.com\/asac.ca\/wp-content\/uploads\/2025\/11\/ASAC_logo_4.2_rework_final_Logo-4.2-C-.webp?resize=700%2C400&ssl=1 2x, https:\/\/i0.wp.com\/asac.ca\/wp-content\/uploads\/2025\/11\/ASAC_logo_4.2_rework_final_Logo-4.2-C-.webp?resize=1050%2C600&ssl=1 3x, https:\/\/i0.wp.com\/asac.ca\/wp-content\/uploads\/2025\/11\/ASAC_logo_4.2_rework_final_Logo-4.2-C-.webp?resize=1400%2C800&ssl=1 4x"},"classes":[]},{"id":2036,"url":"https:\/\/asac.ca\/fr\/rejoindre\/","url_meta":{"origin":1391,"position":1},"title":"Rejoindre l&#8217;ASAC","author":"asaccanada","date":"f\u00e9vrier 7, 2020","format":false,"excerpt":"En adh\u00e9rant \u00e0 l'Association canadienne des sciences administratives (ASAC), vous aurez acc\u00e8s \u00e0 un r\u00e9seau d'universitaires en commerce \u00e0 l'\u00e9chelle du Canada et au-del\u00e0 dans une vari\u00e9t\u00e9 de disciplines commerciales et de gestion. Notre communaut\u00e9 est compos\u00e9e d'un large \u00e9ventail de divisions qui offrent aux membres de l'ASAC un lien\u2026","rel":"","context":"Article similaire","block_context":{"text":"Article similaire","link":""},"img":{"alt_text":"","src":"","width":0,"height":0},"classes":[]},{"id":1447,"url":"https:\/\/asac.ca\/fr\/membership\/benefitsofmembership\/","url_meta":{"origin":1391,"position":2},"title":"Avantages des membres","author":"asaccanada","date":"janvier 11, 2020","format":false,"excerpt":"Bonnes raisons pour devenir membre de l\u2019Association des sciences administratives du Canada (ASAC): Revue canadienne des sciences de l'administration Les membres de l'ASAC sont abonn\u00e9s \u00e0 la plus importante revue de recherche universitaire en administration au Canada. La RCSA est une revue trimestrielle qui publie, apr\u00e8s \u00e9valuation, les meilleurs articles\u2026","rel":"","context":"Article similaire","block_context":{"text":"Article similaire","link":""},"img":{"alt_text":"","src":"","width":0,"height":0},"classes":[]},{"id":9555,"url":"https:\/\/asac.ca\/fr\/appel-a-communications-asac-2024\/","url_meta":{"origin":1391,"position":3},"title":"Appel \u00e0 communications ASAC 2024","author":"asaccanada","date":"octobre 21, 2023","format":false,"excerpt":"Du 1er au 3 juin 2024 | Montr\u00e9al et en ligne les 28 et 29 mai L'Association des sciences administratives du Canada (ASAC) vous invite \u00e0 soumettre un article, un travail en cours, un cas, un symposium ou une proposition d'atelier pour la conf\u00e9rence annuelle organis\u00e9e par l'Universit\u00e9 de Sherbrooke.\u2026","rel":"","context":"Article similaire","block_context":{"text":"Article similaire","link":""},"img":{"alt_text":"","src":"https:\/\/i0.wp.com\/asac.ca\/wp-content\/uploads\/2023\/10\/ASAC-2024-Logo.png?resize=350%2C200&ssl=1","width":350,"height":200,"srcset":"https:\/\/i0.wp.com\/asac.ca\/wp-content\/uploads\/2023\/10\/ASAC-2024-Logo.png?resize=350%2C200&ssl=1 1x, https:\/\/i0.wp.com\/asac.ca\/wp-content\/uploads\/2023\/10\/ASAC-2024-Logo.png?resize=525%2C300&ssl=1 1.5x, https:\/\/i0.wp.com\/asac.ca\/wp-content\/uploads\/2023\/10\/ASAC-2024-Logo.png?resize=700%2C400&ssl=1 2x, https:\/\/i0.wp.com\/asac.ca\/wp-content\/uploads\/2023\/10\/ASAC-2024-Logo.png?resize=1050%2C600&ssl=1 3x, https:\/\/i0.wp.com\/asac.ca\/wp-content\/uploads\/2023\/10\/ASAC-2024-Logo.png?resize=1400%2C800&ssl=1 4x"},"classes":[]},{"id":12355,"url":"https:\/\/asac.ca\/fr\/conference-fr\/","url_meta":{"origin":1391,"position":4},"title":"Conf\u00e9rence ASAC","author":"asaccanada","date":"octobre 19, 2024","format":false,"excerpt":"La conf\u00e9rence annuelle de l'ASAC est le principal \u00e9v\u00e9nement permettant aux universitaires en commerce au Canada de se connecter, de partager des id\u00e9es et de faire progresser leurs domaines. R\u00e9unissant des participants de partout au Canada et d\u2019ailleurs, la conf\u00e9rence favorise la collaboration et l\u2019innovation dans la recherche et l\u2019\u00e9ducation\u2026","rel":"","context":"Article similaire","block_context":{"text":"Article similaire","link":""},"img":{"alt_text":"","src":"https:\/\/i0.wp.com\/asac.ca\/wp-content\/uploads\/2026\/01\/ASAC_logo_4.2_rework.png?resize=350%2C200&ssl=1","width":350,"height":200,"srcset":"https:\/\/i0.wp.com\/asac.ca\/wp-content\/uploads\/2026\/01\/ASAC_logo_4.2_rework.png?resize=350%2C200&ssl=1 1x, https:\/\/i0.wp.com\/asac.ca\/wp-content\/uploads\/2026\/01\/ASAC_logo_4.2_rework.png?resize=525%2C300&ssl=1 1.5x, https:\/\/i0.wp.com\/asac.ca\/wp-content\/uploads\/2026\/01\/ASAC_logo_4.2_rework.png?resize=700%2C400&ssl=1 2x, https:\/\/i0.wp.com\/asac.ca\/wp-content\/uploads\/2026\/01\/ASAC_logo_4.2_rework.png?resize=1050%2C600&ssl=1 3x, https:\/\/i0.wp.com\/asac.ca\/wp-content\/uploads\/2026\/01\/ASAC_logo_4.2_rework.png?resize=1400%2C800&ssl=1 4x"},"classes":[]},{"id":1444,"url":"https:\/\/asac.ca\/fr\/membership\/asacfellows\/","url_meta":{"origin":1391,"position":5},"title":"Fellows de l&#8217;ASAC","author":"asaccanada","date":"janvier 11, 2020","format":false,"excerpt":"Le programme des Fellows de l\u2019ASAC est une initiative prestigieuse qui reconna\u00eet et mobilise des chercheurs canadiens \u00e9minents ayant d\u00e9montr\u00e9 l\u2019excellence en recherche et un engagement envers l\u2019avancement de la communaut\u00e9 universitaire. La nomination \u00e0 titre de Fellow de l\u2019ASAC souligne des contributions remarquables \u00e0 la recherche ainsi qu\u2019un engagement\u2026","rel":"","context":"Article similaire","block_context":{"text":"Article similaire","link":""},"img":{"alt_text":"","src":"","width":0,"height":0},"classes":[]}],"amp_enabled":true,"_links":{"self":[{"href":"https:\/\/asac.ca\/fr\/wp-json\/wp\/v2\/pages\/1391","targetHints":{"allow":["GET"]}}],"collection":[{"href":"https:\/\/asac.ca\/fr\/wp-json\/wp\/v2\/pages"}],"about":[{"href":"https:\/\/asac.ca\/fr\/wp-json\/wp\/v2\/types\/page"}],"author":[{"embeddable":true,"href":"https:\/\/asac.ca\/fr\/wp-json\/wp\/v2\/users\/88652768"}],"replies":[{"embeddable":true,"href":"https:\/\/asac.ca\/fr\/wp-json\/wp\/v2\/comments?post=1391"}],"version-history":[{"count":7,"href":"https:\/\/asac.ca\/fr\/wp-json\/wp\/v2\/pages\/1391\/revisions"}],"predecessor-version":[{"id":2255,"href":"https:\/\/asac.ca\/fr\/wp-json\/wp\/v2\/pages\/1391\/revisions\/2255"}],"wp:attachment":[{"href":"https:\/\/asac.ca\/fr\/wp-json\/wp\/v2\/media?parent=1391"}],"curies":[{"name":"wp","href":"https:\/\/api.w.org\/{rel}","templated":true}]}}