{"id":1404,"date":"2020-01-11T02:20:28","date_gmt":"2020-01-11T07:20:28","guid":{"rendered":"https:\/\/asac.ca\/conferences\/asac-2020-conference\/asac2020confcasedivision\/"},"modified":"2023-11-04T18:25:24","modified_gmt":"2023-11-04T22:25:24","slug":"divisiondecas","status":"publish","type":"page","link":"https:\/\/asac.ca\/fr\/conferences\/congres-2022\/divisiondecas\/","title":{"rendered":"Division de cas"},"content":{"rendered":"<p>La division des cas vous invite \u00e0 pr\u00e9senter des soumissions en anglais ou en fran\u00e7ais, soit dans le volet des cas r\u00e9guliers (cas complets) ou le volet des cas en d\u00e9veloppement.<\/p>\n<hr \/>\n<h3 style=\"text-align: center;\"><strong>Volet des cas r\u00e9guliers<\/strong><\/h3>\n<p>Pour le volet des cas r\u00e9guliers, les cas empiriques (c.-\u00e0-d. les cas non-fictifs ayant une vis\u00e9e d\u00e9cisionnelle claire), pertinents pour une utilisation aupr\u00e8s d\u2019\u00e9tudiants des programmes de premier cycle et des cycles sup\u00e9rieurs, et accompagn\u00e9s de notes pour le formateur doivent \u00eatre soumis en respectant les <strong><a href=\"https:\/\/asac.ca\/wp-content\/uploads\/2023\/11\/CASE-DIVISION-Regular-Stream-guide-FR.docx\" target=\"_blank\" rel=\"noopener\">lignes directrices pour les cas<\/a><\/strong>.<\/p>\n<p>Tous les cas doivent aussi inclure un <strong><a href=\"https:\/\/asac.ca\/wp-content\/uploads\/2023\/11\/CASE-DIVISION-release-form-FR.docx\" target=\"_blank\" rel=\"noopener\">formulaire de d\u00e9charge de cas<\/a><\/strong>, lequel doit \u00eatre envoy\u00e9 s\u00e9par\u00e9ment \u00e0 l\u2019\u00e9ditrice divisionnaire.<\/p>\n<p>Pour les cas bas\u00e9s sur des informations de sources premi\u00e8res (p. ex., des entrevues), le formulaire de d\u00e9charge doit \u00eatre sign\u00e9 par un repr\u00e9sentant autoris\u00e9 de l\u2019entreprise concern\u00e9e par le cas. Pour les cas bas\u00e9s sur des informations de sources secondaires, l\u2019auteur du cas doit signer afin d\u2019attester qu\u2019une autorisation d\u2019une entreprise n\u2019est pas requise.<\/p>\n<p>Les soumissions seront examin\u00e9es par des pairs et les auteurs seront avis\u00e9s de la d\u00e9cision rendue quant \u00e0 l\u2019acceptation.<\/p>\n<p>Toutes les contributions retenues pour le congr\u00e8s seront \u00e9valu\u00e9es par des pairs pour la remise des prix de meilleurs cas soumis.<\/p>\n<hr \/>\n<h3 style=\"text-align: center;\"><strong>Volet des cas en d\u00e9veloppement<\/strong><\/h3>\n<p>Pour le volet des cas en d\u00e9veloppement, nous encourageons les cas pour lesquels le travail est amorc\u00e9 (p. ex., les entrevues ont \u00e9t\u00e9 men\u00e9es) et nous offrons une aide pour la structure, le style, les objectifs et les autres aspects de la r\u00e9daction du cas.<\/p>\n<p>Pour soumettre un cas \u00e0 ce volet, vous devez compl\u00e9ter et soumettre le <strong><a href=\"https:\/\/asac.ca\/wp-content\/uploads\/2023\/11\/CASE-DIVISION-Case-in-development-stream-guide-and-form-FR.docx\" target=\"_blank\" rel=\"noopener\">formulaire de soumission des cas en d\u00e9veloppement<\/a><\/strong>, lequel inclut le synopsis du cas et les aspects pour lesquels vous souhaitez recevoir de l\u2019aide.<\/p>","protected":false},"excerpt":{"rendered":"<p>La division des cas vous invite \u00e0 pr\u00e9senter des soumissions en anglais ou en fran\u00e7ais, soit dans le volet des cas r\u00e9guliers (cas complets) ou le volet des cas en [&hellip;]<\/p>\n","protected":false},"author":88652768,"featured_media":0,"parent":6527,"menu_order":2,"comment_status":"closed","ping_status":"closed","template":"","meta":{"_bbp_topic_count":0,"_bbp_reply_count":0,"_bbp_total_topic_count":0,"_bbp_total_reply_count":0,"_bbp_voice_count":0,"_bbp_anonymous_reply_count":0,"_bbp_topic_count_hidden":0,"_bbp_reply_count_hidden":0,"_bbp_forum_subforum_count":0,"_coblocks_attr":"","_coblocks_dimensions":"","_coblocks_responsive_height":"","_coblocks_accordion_ie_support":"","_crdt_document":"","_genesis_hide_title":false,"_genesis_hide_breadcrumbs":false,"_genesis_hide_singular_image":false,"_genesis_hide_footer_widgets":false,"_genesis_custom_body_class":"","_genesis_custom_post_class":"","_genesis_layout":"","footnotes":""},"class_list":["post-1404","page","type-page","status-publish","entry"],"jetpack_likes_enabled":false,"jetpack_sharing_enabled":true,"jetpack_shortlink":"https:\/\/wp.me\/P6jvYC-mE","jetpack-related-posts":[{"id":6516,"url":"https:\/\/asac.ca\/fr\/conferences\/congres-2022\/call-for-papers-appel-a-communications\/","url_meta":{"origin":1404,"position":0},"title":"Appel \u00e0 communications","author":"asaccanada","date":"novembre 22, 2021","format":false,"excerpt":"ASAC 2022 : Plus fort ensemble 3 - 7 juin 2022 \u00a0| \u00a0Halifax, Nova Scotia T\u00e9l\u00e9charger l'ASAC 2022 Call for Papers | Appel \u00e0 communications \u00a0 En partenariat avec la Rowe School of Business de l\u2019Universit\u00e9 Dalhousie, l\u2019Association des sciences administratives du Canada vous invite \u00e0 soumettre une proposition d\u2019article,\u2026","rel":"","context":"Article similaire","block_context":{"text":"Article similaire","link":""},"img":{"alt_text":"","src":"","width":0,"height":0},"classes":[]},{"id":7472,"url":"https:\/\/asac.ca\/fr\/appelacommunications\/","url_meta":{"origin":1404,"position":1},"title":"Appel a\u0300 communications ASAC 2023","author":"asaccanada","date":"novembre 27, 2022","format":false,"excerpt":"L\u2019Association des sciences administratives du Canada (ASAC) vous invite \u00e0 soumettre une proposition d\u2019article, de travail en cours, de cas, de symposium ou d\u2019atelier \u00e0 la conf\u00e9rence annuelle organis\u00e9e par la Ted Rogers School of Management de la Toronto Metropolitan University, du 3 au 6 juin 2023. Pouvons-nous trouver notre\u2026","rel":"","context":"Article similaire","block_context":{"text":"Article similaire","link":""},"img":{"alt_text":"","src":"https:\/\/i0.wp.com\/asac.ca\/wp-content\/uploads\/2022\/12\/ASAC-2023-CFP-webbanner-FR.jpg?resize=350%2C200&ssl=1","width":350,"height":200,"srcset":"https:\/\/i0.wp.com\/asac.ca\/wp-content\/uploads\/2022\/12\/ASAC-2023-CFP-webbanner-FR.jpg?resize=350%2C200&ssl=1 1x, https:\/\/i0.wp.com\/asac.ca\/wp-content\/uploads\/2022\/12\/ASAC-2023-CFP-webbanner-FR.jpg?resize=525%2C300&ssl=1 1.5x, https:\/\/i0.wp.com\/asac.ca\/wp-content\/uploads\/2022\/12\/ASAC-2023-CFP-webbanner-FR.jpg?resize=700%2C400&ssl=1 2x, https:\/\/i0.wp.com\/asac.ca\/wp-content\/uploads\/2022\/12\/ASAC-2023-CFP-webbanner-FR.jpg?resize=1050%2C600&ssl=1 3x, https:\/\/i0.wp.com\/asac.ca\/wp-content\/uploads\/2022\/12\/ASAC-2023-CFP-webbanner-FR.jpg?resize=1400%2C800&ssl=1 4x"},"classes":[]},{"id":1573,"url":"https:\/\/asac.ca\/fr\/conferences\/submission-policies-and-guidelines\/","url_meta":{"origin":1404,"position":2},"title":"Politiques et directives de soumission","author":"asaccanada","date":"janvier 25, 2020","format":false,"excerpt":"Assurez-vous de lire les politiques et les directives ci-dessous avant de soumettre votre candidature \u00e0 la conf\u00e9rence ASAC. Date limite pour toutes les soumissions :samedi 1er f\u00e9vrier 2025 \u00e0 minuit, heure de l'Est (pas d'extensions). Pour pr\u00e9senter ou assister \u00e0 la conf\u00e9rence ASAC, vous devez \u00eatre membre. Cependant, vous n'avez\u2026","rel":"","context":"Article similaire","block_context":{"text":"Article similaire","link":""},"img":{"alt_text":"","src":"","width":0,"height":0},"classes":[]},{"id":5642,"url":"https:\/\/asac.ca\/fr\/membership\/asacawards\/asac-cjas-phd-research-grant\/","url_meta":{"origin":1404,"position":3},"title":"Prix de recherche de doctorat ASAC-CJAS","author":"asaccanada","date":"f\u00e9vrier 24, 2021","format":false,"excerpt":"Lignes directrices g\u00e9n\u00e9rales Objectifs Le prix de recherche au doctorat ASAC-CJAS soutient les doctorants canadiens pendant leur recherche doctorale. En plus du prix de 2500 $, l\u2019\u00e9tudiant re\u00e7oit \u00e9galement un abonnement gratuit de l\u2019ASAC pour l\u2019ann\u00e9e suivante. Il est d\u00e9cern\u00e9 tous les deux ans. Admissibilit\u00e9 Pour \u00eatre admissible au prix,\u2026","rel":"","context":"Article similaire","block_context":{"text":"Article similaire","link":""},"img":{"alt_text":"","src":"","width":0,"height":0},"classes":[]},{"id":9555,"url":"https:\/\/asac.ca\/fr\/appel-a-communications-asac-2024\/","url_meta":{"origin":1404,"position":4},"title":"Appel \u00e0 communications ASAC 2024","author":"asaccanada","date":"octobre 21, 2023","format":false,"excerpt":"Du 1er au 3 juin 2024 | Montr\u00e9al et en ligne les 28 et 29 mai L'Association des sciences administratives du Canada (ASAC) vous invite \u00e0 soumettre un article, un travail en cours, un cas, un symposium ou une proposition d'atelier pour la conf\u00e9rence annuelle organis\u00e9e par l'Universit\u00e9 de Sherbrooke.\u2026","rel":"","context":"Article similaire","block_context":{"text":"Article similaire","link":""},"img":{"alt_text":"","src":"https:\/\/i0.wp.com\/asac.ca\/wp-content\/uploads\/2023\/10\/ASAC-2024-Logo.png?resize=350%2C200&ssl=1","width":350,"height":200,"srcset":"https:\/\/i0.wp.com\/asac.ca\/wp-content\/uploads\/2023\/10\/ASAC-2024-Logo.png?resize=350%2C200&ssl=1 1x, https:\/\/i0.wp.com\/asac.ca\/wp-content\/uploads\/2023\/10\/ASAC-2024-Logo.png?resize=525%2C300&ssl=1 1.5x, https:\/\/i0.wp.com\/asac.ca\/wp-content\/uploads\/2023\/10\/ASAC-2024-Logo.png?resize=700%2C400&ssl=1 2x, https:\/\/i0.wp.com\/asac.ca\/wp-content\/uploads\/2023\/10\/ASAC-2024-Logo.png?resize=1050%2C600&ssl=1 3x, https:\/\/i0.wp.com\/asac.ca\/wp-content\/uploads\/2023\/10\/ASAC-2024-Logo.png?resize=1400%2C800&ssl=1 4x"},"classes":[]},{"id":1575,"url":"https:\/\/asac.ca\/fr\/membership\/asacawards\/asacawardspastpresidentresearch\/","url_meta":{"origin":1404,"position":5},"title":"Prix de recherche des anciens pr\u00e9sidents","author":"asaccanada","date":"janvier 25, 2020","format":false,"excerpt":"Lignes directrices g\u00e9n\u00e9rales Objectif L\u2019objectif du Prix de recherche des anciens pr\u00e9sidents de l\u2019ASAC est d\u2019appuyer les travaux d\u2019un professeur qui travaille \u00e0 temps plein dans une universit\u00e9 canadienne. Ce prix vise \u00e0 encourager la recherche de qualit\u00e9 \u00e9lev\u00e9e relativement aux enjeux en sciences de l\u2019administration les plus urgentes de\u2026","rel":"","context":"Article similaire","block_context":{"text":"Article similaire","link":""},"img":{"alt_text":"","src":"","width":0,"height":0},"classes":[]}],"amp_enabled":true,"_links":{"self":[{"href":"https:\/\/asac.ca\/fr\/wp-json\/wp\/v2\/pages\/1404","targetHints":{"allow":["GET"]}}],"collection":[{"href":"https:\/\/asac.ca\/fr\/wp-json\/wp\/v2\/pages"}],"about":[{"href":"https:\/\/asac.ca\/fr\/wp-json\/wp\/v2\/types\/page"}],"author":[{"embeddable":true,"href":"https:\/\/asac.ca\/fr\/wp-json\/wp\/v2\/users\/88652768"}],"replies":[{"embeddable":true,"href":"https:\/\/asac.ca\/fr\/wp-json\/wp\/v2\/comments?post=1404"}],"version-history":[{"count":21,"href":"https:\/\/asac.ca\/fr\/wp-json\/wp\/v2\/pages\/1404\/revisions"}],"predecessor-version":[{"id":9704,"href":"https:\/\/asac.ca\/fr\/wp-json\/wp\/v2\/pages\/1404\/revisions\/9704"}],"up":[{"embeddable":true,"href":"https:\/\/asac.ca\/fr\/wp-json\/wp\/v2\/pages\/6527"}],"wp:attachment":[{"href":"https:\/\/asac.ca\/fr\/wp-json\/wp\/v2\/media?parent=1404"}],"curies":[{"name":"wp","href":"https:\/\/api.w.org\/{rel}","templated":true}]}}