{"id":1406,"date":"2020-01-11T02:22:28","date_gmt":"2020-01-11T07:22:28","guid":{"rendered":"https:\/\/asac.ca\/conferences\/pastasacconferences\/"},"modified":"2024-10-05T17:56:52","modified_gmt":"2024-10-05T21:56:52","slug":"pastasacconferences","status":"publish","type":"page","link":"https:\/\/asac.ca\/fr\/conferences\/pastasacconferences\/","title":{"rendered":"Congr\u00e8s de l&#8217;ASAC pass\u00e9s"},"content":{"rendered":"<p class=\"wp-block-paragraph\">Les actes de la conf\u00e9rence des congr\u00e8s pass\u00e9s sont disponibles pour tous les membres de l&#8217;ASAC via le portail des membres dans la zone d&#8217;acc\u00e8s <a href=\"https:\/\/asac.ca\/fr\/membres-seulement\/\">restreint aux membres<\/a>.<br \/><br \/><\/p>\r\n<p><em><strong>ASAC 2024<\/strong><\/em>: <em>A Bridge to Partnership \/ Un pont vers le partenariat<\/em><br \/>Universit\u00e9 de Sherbrooke \u2013 Campus de Longueuil<br \/>Montr\u00e9al (Longueuil), Qu\u00e9bec<\/p>\r\n<ul>\r\n<li><a href=\"https:\/\/asac.ca\/wp-content\/uploads\/2023\/05\/ASAC-2023-Conference-Program-4.pdf\">ASAC 2024 program<\/a><\/li>\r\n<\/ul>\r\n<p><em><strong>ASAC 2023<\/strong><\/em>: <em>Can we find our way? \/ Pouvons-nous trouver notre chemin?<\/em> <br \/>Ted Rogers School of Management, Toronto Metropolitan University\u00a0<br \/>Toronto, Ontario<\/p>\r\n<ul>\r\n<li><a href=\"https:\/\/asac.ca\/wp-content\/uploads\/2023\/05\/ASAC-2023-Conference-Program-4.pdf\">ASAC 2023 program<\/a><\/li>\r\n<\/ul>\r\n<p><em><strong>ASAC 2022<\/strong><\/em>: <em>Stronger Together \/ Plus Forts Ensemble<\/em><br \/>Rowe School of Business, Dalhousie University<br \/>Halifax, Nova Scotia<\/p>\r\n<ul>\r\n<li><a href=\"https:\/\/asac.ca\/wp-content\/uploads\/2022\/06\/Final-Program-ASAC-2022-June-7.pdf\">ASAC 2022 program<\/a><\/li>\r\n<\/ul>\r\n<p><em><strong>ASAC 2021<\/strong><\/em>: <em>Moving Beyond 2020 \/ Au-del\u00e0 de 2020<\/em> <br \/>John Molson School of Business, Concordia University<br \/>Virtual conference \/ Conf\u00e9rence virtuelle<\/p>\r\n<ul>\r\n<li><a href=\"https:\/\/asac.ca\/wp-content\/uploads\/2021\/06\/ASAC-2021-Conference-Program-12.pdf\">ASAC 2021 program<\/a><\/li>\r\n<\/ul>\r\n<p><em><strong>ASAC 2020<\/strong><\/em>: <em>ASAC Virtual<br \/><\/em>Virtual conference \/ Conf\u00e9rence virtuelle<em><br \/><\/em><\/p>\r\n<ul>\r\n<li><a href=\"https:\/\/asac.ca\/wp-content\/uploads\/2020\/06\/ASAC-2020-Conference-Program-June-10-2.pdf\">ASAC 2020 program<\/a><\/li>\r\n<\/ul>\r\n<p><em><strong>ASAC 201<\/strong><\/em><strong><em>9<\/em><\/strong>: <em>Harvest \/ R\u00e9colte<\/em><br \/>Goodman School of Business, Brock University<br \/>St. Catharines, Ontario<\/p>\r\n<ul>\r\n<li><a href=\"https:\/\/asac.ca\/wp-content\/uploads\/2023\/10\/Conference-Program-May-25.pdf\">ASAC 2019 program<\/a><\/li>\r\n<\/ul>\r\n\r\n\r\n\r\n<p class=\"wp-block-paragraph\"><em><strong>ASAC 2018<\/strong><\/em>: Toronto (Ted Rogers School of Management, Ryerson University)<\/p>\r\n\r\n\r\n\r\n<p class=\"wp-block-paragraph\"><strong><em>ASAC 2017<\/em><\/strong>: Montr\u00e9al\u00a0(HEC Montr\u00e9al)<\/p>\r\n\r\n\r\n\r\n<p class=\"wp-block-paragraph\"><em><strong>ASAC 2016<\/strong><\/em>: Edmonton (MacEwan University)<\/p>\r\n\r\n\r\n\r\n<p class=\"wp-block-paragraph\"><strong><em>ASAC 2015<\/em><\/strong>: Halifax (Sobey School of Business, Saint Mary&#8217;s University)<\/p>\r\n\r\n\r\n\r\n<p class=\"wp-block-paragraph\"><strong><em>ASAC 2014<\/em><\/strong>: Muskoka (Nipissing University)<\/p>\r\n\r\n\r\n\r\n<p class=\"wp-block-paragraph\"><strong><em>ASAC 2013<\/em><\/strong>: Calgary (Bissett School of Business, Mount Royal University)<\/p>\r\n\r\n\r\n\r\n<p class=\"wp-block-paragraph\"><em><strong>ASAC 2012<\/strong><\/em>: St. John&#8217;s (Memorial University)<\/p>\r\n\r\n\r\n\r\n<p class=\"wp-block-paragraph\"><strong><em>ASAC 2011<\/em><\/strong>: Montreal (UQAM)<\/p>\r\n\r\n\r\n\r\n<p class=\"wp-block-paragraph\"><strong><em>ASAC 2010<\/em><\/strong>: Regina (University of Regina)<\/p>\r\n\r\n\r\n\r\n<p class=\"wp-block-paragraph\"><strong><em>ASAC 2009<\/em><\/strong>: Niagara Falls (Wilfrid Laurier University)<\/p>\r\n\r\n\r\n\r\n<p class=\"wp-block-paragraph\"><strong><em>ASAC 2008<\/em><\/strong>: Halifax (Rowe School of Business, Dalhousie University)<\/p>\r\n\r\n\r\n\r\n<p class=\"wp-block-paragraph\"><strong><em>ASAC 2007<\/em><\/strong>: Ottawa (Telfer School of Management, University of Ottawa)<\/p>\r\n\r\n\r\n\r\n<p class=\"wp-block-paragraph\"><strong><em>ASAC 2006<\/em><\/strong>: Banff (University of Lethbridge)<\/p>\r\n\r\n\r\n\r\n<p class=\"wp-block-paragraph\"><strong><em>ASAC 2005<\/em><\/strong>: Toronto (Ryerson University)<\/p>\r\n\r\n\r\n\r\n<p class=\"wp-block-paragraph\"><strong><em>ASAC 2004<\/em><\/strong>: Quebec City (Laval University)<\/p>\r\n\r\n\r\n\r\n<p class=\"wp-block-paragraph\"><strong><em>ASAC 2003<\/em><\/strong>: Halifax (Sobey School of Business, Saint Mary&#8217;s University)<\/p>\r\n\r\n\r\n\r\n<p class=\"wp-block-paragraph\"><strong><em>ASAC 2002<\/em><\/strong>: Winnipeg (Asper School of Business, University of Manitoba)<\/p>\r\n\r\n\r\n\r\n<p class=\"wp-block-paragraph\"><em><strong>ASAC 2001<\/strong><\/em>: London (Ivey School of Business, University of Western Ontario)<\/p>\r\n\r\n\r\n\r\n<p class=\"wp-block-paragraph\"><strong><em>ASAC 2000<\/em><\/strong>: Montreal (UQAM)<\/p>\r\n\r\n\r\n\r\n<p class=\"wp-block-paragraph\">&nbsp;<\/p>","protected":false},"excerpt":{"rendered":"<p>Les actes de la conf\u00e9rence des congr\u00e8s pass\u00e9s sont disponibles pour tous les membres de l&#8217;ASAC via le portail des membres dans la zone d&#8217;acc\u00e8s restreint aux membres. ASAC 2024: [&hellip;]<\/p>\n","protected":false},"author":88652768,"featured_media":0,"parent":1400,"menu_order":0,"comment_status":"closed","ping_status":"closed","template":"","meta":{"_bbp_topic_count":0,"_bbp_reply_count":0,"_bbp_total_topic_count":0,"_bbp_total_reply_count":0,"_bbp_voice_count":0,"_bbp_anonymous_reply_count":0,"_bbp_topic_count_hidden":0,"_bbp_reply_count_hidden":0,"_bbp_forum_subforum_count":0,"_coblocks_attr":"","_coblocks_dimensions":"","_coblocks_responsive_height":"","_coblocks_accordion_ie_support":"","_crdt_document":"","_genesis_hide_title":false,"_genesis_hide_breadcrumbs":false,"_genesis_hide_singular_image":false,"_genesis_hide_footer_widgets":false,"_genesis_custom_body_class":"","_genesis_custom_post_class":"","_genesis_layout":"","footnotes":""},"class_list":["post-1406","page","type-page","status-publish","entry"],"jetpack_likes_enabled":false,"jetpack_sharing_enabled":true,"jetpack_shortlink":"https:\/\/wp.me\/P6jvYC-mG","jetpack-related-posts":[{"id":7472,"url":"https:\/\/asac.ca\/fr\/appelacommunications\/","url_meta":{"origin":1406,"position":0},"title":"Appel a\u0300 communications ASAC 2023","author":"asaccanada","date":"novembre 27, 2022","format":false,"excerpt":"L\u2019Association des sciences administratives du Canada (ASAC) vous invite \u00e0 soumettre une proposition d\u2019article, de travail en cours, de cas, de symposium ou d\u2019atelier \u00e0 la conf\u00e9rence annuelle organis\u00e9e par la Ted Rogers School of Management de la Toronto Metropolitan University, du 3 au 6 juin 2023. Pouvons-nous trouver notre\u2026","rel":"","context":"Article similaire","block_context":{"text":"Article similaire","link":""},"img":{"alt_text":"","src":"https:\/\/i0.wp.com\/asac.ca\/wp-content\/uploads\/2022\/12\/ASAC-2023-CFP-webbanner-FR.jpg?resize=350%2C200&ssl=1","width":350,"height":200,"srcset":"https:\/\/i0.wp.com\/asac.ca\/wp-content\/uploads\/2022\/12\/ASAC-2023-CFP-webbanner-FR.jpg?resize=350%2C200&ssl=1 1x, https:\/\/i0.wp.com\/asac.ca\/wp-content\/uploads\/2022\/12\/ASAC-2023-CFP-webbanner-FR.jpg?resize=525%2C300&ssl=1 1.5x, https:\/\/i0.wp.com\/asac.ca\/wp-content\/uploads\/2022\/12\/ASAC-2023-CFP-webbanner-FR.jpg?resize=700%2C400&ssl=1 2x, https:\/\/i0.wp.com\/asac.ca\/wp-content\/uploads\/2022\/12\/ASAC-2023-CFP-webbanner-FR.jpg?resize=1050%2C600&ssl=1 3x, https:\/\/i0.wp.com\/asac.ca\/wp-content\/uploads\/2022\/12\/ASAC-2023-CFP-webbanner-FR.jpg?resize=1400%2C800&ssl=1 4x"},"classes":[]},{"id":10135,"url":"https:\/\/asac.ca\/fr\/congres-2023\/","url_meta":{"origin":1406,"position":1},"title":"Congr\u00e8s 2023","author":"asaccanada","date":"janvier 23, 2024","format":false,"excerpt":"Montr\u00e9al (Longueuil) 1 au 3 juin 2024 | June 1 to 3, 2024En ligne 28\/29 mai | Online May 28\/29 Trouvez l'appel \u00e0 communications ici Conf\u00e9renciers Conf\u00e9rencier principal, pan\u00e9listes et experts sur divers sujets pertinents Programmes divisionnaires Pr\u00e9sentations de recherche et sessions d'engagement dans 20 disciplines de gestion. D\u00e9veloppement professionnel\u2026","rel":"","context":"Article similaire","block_context":{"text":"Article similaire","link":""},"img":{"alt_text":"","src":"https:\/\/i0.wp.com\/asac.ca\/wp-content\/uploads\/2023\/11\/Main-ASAC-2024-website-banner-2000-567.jpg?resize=350%2C200&ssl=1","width":350,"height":200,"srcset":"https:\/\/i0.wp.com\/asac.ca\/wp-content\/uploads\/2023\/11\/Main-ASAC-2024-website-banner-2000-567.jpg?resize=350%2C200&ssl=1 1x, https:\/\/i0.wp.com\/asac.ca\/wp-content\/uploads\/2023\/11\/Main-ASAC-2024-website-banner-2000-567.jpg?resize=525%2C300&ssl=1 1.5x, https:\/\/i0.wp.com\/asac.ca\/wp-content\/uploads\/2023\/11\/Main-ASAC-2024-website-banner-2000-567.jpg?resize=700%2C400&ssl=1 2x, https:\/\/i0.wp.com\/asac.ca\/wp-content\/uploads\/2023\/11\/Main-ASAC-2024-website-banner-2000-567.jpg?resize=1050%2C600&ssl=1 3x, https:\/\/i0.wp.com\/asac.ca\/wp-content\/uploads\/2023\/11\/Main-ASAC-2024-website-banner-2000-567.jpg?resize=1400%2C800&ssl=1 4x"},"classes":[]},{"id":1434,"url":"https:\/\/asac.ca\/fr\/","url_meta":{"origin":1406,"position":2},"title":"ASAC 2026 | Pens\u00e9e sans\u2026","author":"asaccanada","date":"octobre 18, 2024","format":false,"excerpt":"ASAC 2026 | Pens\u00e9e sans limites! Rejoignez-nous \u00e0 Calgary, Alberta, pour l'ASAC 2026, organis\u00e9 par la Bissett School of Business de l\u2019Universit\u00e9 Mount Royal du 22 au 25 mai. Colloque autochtone : 21 maiColloque doctoral et march\u00e9 de l\u2019emploi : 22 mai. INscrivez-vous Programme de la conf\u00e9rence commanditaires Ici, les\u2026","rel":"","context":"Article similaire","block_context":{"text":"Article similaire","link":""},"img":{"alt_text":"","src":"https:\/\/i0.wp.com\/asac.ca\/wp-content\/uploads\/2025\/11\/ASAC_logo_4.2_rework_final_Logo-4.2-C-.webp?resize=350%2C200&ssl=1","width":350,"height":200,"srcset":"https:\/\/i0.wp.com\/asac.ca\/wp-content\/uploads\/2025\/11\/ASAC_logo_4.2_rework_final_Logo-4.2-C-.webp?resize=350%2C200&ssl=1 1x, https:\/\/i0.wp.com\/asac.ca\/wp-content\/uploads\/2025\/11\/ASAC_logo_4.2_rework_final_Logo-4.2-C-.webp?resize=525%2C300&ssl=1 1.5x, https:\/\/i0.wp.com\/asac.ca\/wp-content\/uploads\/2025\/11\/ASAC_logo_4.2_rework_final_Logo-4.2-C-.webp?resize=700%2C400&ssl=1 2x, https:\/\/i0.wp.com\/asac.ca\/wp-content\/uploads\/2025\/11\/ASAC_logo_4.2_rework_final_Logo-4.2-C-.webp?resize=1050%2C600&ssl=1 3x, https:\/\/i0.wp.com\/asac.ca\/wp-content\/uploads\/2025\/11\/ASAC_logo_4.2_rework_final_Logo-4.2-C-.webp?resize=1400%2C800&ssl=1 4x"},"classes":[]},{"id":10132,"url":"https:\/\/asac.ca\/fr\/congres-2024\/","url_meta":{"origin":1406,"position":3},"title":"Congr\u00e8s 2024","author":"asaccanada","date":"f\u00e9vrier 16, 2024","format":false,"excerpt":"ASAC 2024 | Montr\u00e9al (Longueuil) 1 au 3 juin 2024 | June 1 to 3, 2024En ligne 28\/29 mai | Online May 28\/29 Aller au programme de la conf\u00e9rence Il est encore temps de s'inscrire ! Pour vous inscrire, commencez par renouveler ou acheter votre adh\u00e9sion.Ensuite, vous recevrez un email\u2026","rel":"","context":"Article similaire","block_context":{"text":"Article similaire","link":""},"img":{"alt_text":"","src":"https:\/\/i0.wp.com\/asac.ca\/wp-content\/uploads\/2023\/11\/Main-ASAC-2024-website-banner-2000-567.jpg?resize=350%2C200&ssl=1","width":350,"height":200,"srcset":"https:\/\/i0.wp.com\/asac.ca\/wp-content\/uploads\/2023\/11\/Main-ASAC-2024-website-banner-2000-567.jpg?resize=350%2C200&ssl=1 1x, https:\/\/i0.wp.com\/asac.ca\/wp-content\/uploads\/2023\/11\/Main-ASAC-2024-website-banner-2000-567.jpg?resize=525%2C300&ssl=1 1.5x, https:\/\/i0.wp.com\/asac.ca\/wp-content\/uploads\/2023\/11\/Main-ASAC-2024-website-banner-2000-567.jpg?resize=700%2C400&ssl=1 2x, https:\/\/i0.wp.com\/asac.ca\/wp-content\/uploads\/2023\/11\/Main-ASAC-2024-website-banner-2000-567.jpg?resize=1050%2C600&ssl=1 3x, https:\/\/i0.wp.com\/asac.ca\/wp-content\/uploads\/2023\/11\/Main-ASAC-2024-website-banner-2000-567.jpg?resize=1400%2C800&ssl=1 4x"},"classes":[]},{"id":4765,"url":"https:\/\/asac.ca\/agm\/","url_meta":{"origin":1406,"position":4},"title":"AGA \/\/ AGM","author":"asaccanada","date":"novembre 10, 2020","format":false,"excerpt":"\u00a0 [memberonly] ASSEMBL\u00c9ES G\u00c9N\u00c9RALES ANNUELLES \/\/ ANNUAL GENERAL MEETINGS AGA 2025 \/\/ AGM 2025 L'assembl\u00e9e g\u00e9n\u00e9rale annuelle de l'ASAC 2025 aura lieu le dimanche 19 mai 2025 \u00e0 13 h HE. \/\/ The ASAC 2025 Annual General Meeting will be held on Sunday, My 19, 2025 at 1:00pm ET. Ordre\u2026","rel":"","context":"Article similaire","block_context":{"text":"Article similaire","link":""},"img":{"alt_text":"","src":"","width":0,"height":0},"classes":[]},{"id":1447,"url":"https:\/\/asac.ca\/fr\/membership\/benefitsofmembership\/","url_meta":{"origin":1406,"position":5},"title":"Avantages des membres","author":"asaccanada","date":"janvier 11, 2020","format":false,"excerpt":"Bonnes raisons pour devenir membre de l\u2019Association des sciences administratives du Canada (ASAC): Revue canadienne des sciences de l'administration Les membres de l'ASAC sont abonn\u00e9s \u00e0 la plus importante revue de recherche universitaire en administration au Canada. La RCSA est une revue trimestrielle qui publie, apr\u00e8s \u00e9valuation, les meilleurs articles\u2026","rel":"","context":"Article similaire","block_context":{"text":"Article similaire","link":""},"img":{"alt_text":"","src":"","width":0,"height":0},"classes":[]}],"amp_enabled":true,"_links":{"self":[{"href":"https:\/\/asac.ca\/fr\/wp-json\/wp\/v2\/pages\/1406","targetHints":{"allow":["GET"]}}],"collection":[{"href":"https:\/\/asac.ca\/fr\/wp-json\/wp\/v2\/pages"}],"about":[{"href":"https:\/\/asac.ca\/fr\/wp-json\/wp\/v2\/types\/page"}],"author":[{"embeddable":true,"href":"https:\/\/asac.ca\/fr\/wp-json\/wp\/v2\/users\/88652768"}],"replies":[{"embeddable":true,"href":"https:\/\/asac.ca\/fr\/wp-json\/wp\/v2\/comments?post=1406"}],"version-history":[{"count":10,"href":"https:\/\/asac.ca\/fr\/wp-json\/wp\/v2\/pages\/1406\/revisions"}],"predecessor-version":[{"id":11868,"href":"https:\/\/asac.ca\/fr\/wp-json\/wp\/v2\/pages\/1406\/revisions\/11868"}],"up":[{"embeddable":true,"href":"https:\/\/asac.ca\/fr\/wp-json\/wp\/v2\/pages\/1400"}],"wp:attachment":[{"href":"https:\/\/asac.ca\/fr\/wp-json\/wp\/v2\/media?parent=1406"}],"curies":[{"name":"wp","href":"https:\/\/api.w.org\/{rel}","templated":true}]}}