{"id":1407,"date":"2020-01-11T02:22:56","date_gmt":"2020-01-11T07:22:56","guid":{"rendered":"https:\/\/asac.ca\/contactus\/"},"modified":"2020-02-01T22:53:05","modified_gmt":"2020-02-02T03:53:05","slug":"contactus","status":"publish","type":"page","link":"https:\/\/asac.ca\/fr\/contactus\/","title":{"rendered":"Nous contacter"},"content":{"rendered":"<figure class=\"wp-block-gallery columns-0 is-cropped wp-block-gallery-1 is-layout-flex wp-block-gallery-is-layout-flex\"><ul class=\"blocks-gallery-grid\"><\/ul><\/figure>\n<p class=\"wp-block-paragraph\">Pour toute question concernant l&#8217;association, y compris les questions d&#8217;adh\u00e9sion, veuillez contacter <a href=\"mailto:%20info@asac.ca\">info@asac.ca.<\/a><\/p>\n\n<p class=\"wp-block-paragraph\">Pour toute question concernant la conf\u00e9rence, veuillez contacter <a href=\"mailto:%20conference@asac.ca\">conference@asac.ca<\/a>.<\/p>\n\n<p class=\"wp-block-paragraph\">Pour les questions sp\u00e9cifiques \u00e0 votre division, consultez la page des <a href=\"http:\/\/www.asac.ca\/fr\/DivisionalOfficers\">Dirigeants divisionnaires<\/a>\u00a0information.<\/p>","protected":false},"excerpt":{"rendered":"<p>Pour toute question concernant l&#8217;association, y compris les questions d&#8217;adh\u00e9sion, veuillez contacter info@asac.ca. Pour toute question concernant la conf\u00e9rence, veuillez contacter conference@asac.ca. Pour les questions sp\u00e9cifiques \u00e0 votre division, consultez [&hellip;]<\/p>\n","protected":false},"author":88652768,"featured_media":0,"parent":0,"menu_order":0,"comment_status":"closed","ping_status":"closed","template":"","meta":{"_bbp_topic_count":0,"_bbp_reply_count":0,"_bbp_total_topic_count":0,"_bbp_total_reply_count":0,"_bbp_voice_count":0,"_bbp_anonymous_reply_count":0,"_bbp_topic_count_hidden":0,"_bbp_reply_count_hidden":0,"_bbp_forum_subforum_count":0,"_coblocks_attr":"","_coblocks_dimensions":"","_coblocks_responsive_height":"","_coblocks_accordion_ie_support":"","_crdt_document":"","_genesis_hide_title":false,"_genesis_hide_breadcrumbs":false,"_genesis_hide_singular_image":false,"_genesis_hide_footer_widgets":false,"_genesis_custom_body_class":"","_genesis_custom_post_class":"","_genesis_layout":"","footnotes":""},"class_list":["post-1407","page","type-page","status-publish","entry"],"jetpack_likes_enabled":false,"jetpack_sharing_enabled":true,"jetpack_shortlink":"https:\/\/wp.me\/P6jvYC-mH","jetpack-related-posts":[{"id":7822,"url":"https:\/\/asac.ca\/fr\/inscription-2023\/","url_meta":{"origin":1407,"position":0},"title":"Inscription 2023 (\u00e0 venir!)","author":"asaccanada","date":"janvier 22, 2023","format":false,"excerpt":"Veuillez noter que seuls les membres en r\u00e8gle de l'ASAC pourront s'inscrire \u00e0 la conf\u00e9rence. Renouvelez votre adh\u00e9sion ici. \u00a0 Horaire de la conf\u00e9rence Ce qui suit est un aper\u00e7u du calendrier des conf\u00e9rences pour l'ASAC 2023. Ce calendrier est sujet \u00e0 changements. Nous publierons plus d'informations d\u00e8s qu'elles seront\u2026","rel":"","context":"Article similaire","block_context":{"text":"Article similaire","link":""},"img":{"alt_text":"","src":"","width":0,"height":0},"classes":[]},{"id":12355,"url":"https:\/\/asac.ca\/fr\/conference-fr\/","url_meta":{"origin":1407,"position":1},"title":"Conf\u00e9rence ASAC","author":"asaccanada","date":"octobre 19, 2024","format":false,"excerpt":"La conf\u00e9rence annuelle de l'ASAC est le principal \u00e9v\u00e9nement permettant aux universitaires en commerce au Canada de se connecter, de partager des id\u00e9es et de faire progresser leurs domaines. R\u00e9unissant des participants de partout au Canada et d\u2019ailleurs, la conf\u00e9rence favorise la collaboration et l\u2019innovation dans la recherche et l\u2019\u00e9ducation\u2026","rel":"","context":"Article similaire","block_context":{"text":"Article similaire","link":""},"img":{"alt_text":"","src":"https:\/\/i0.wp.com\/asac.ca\/wp-content\/uploads\/2026\/01\/ASAC_logo_4.2_rework.png?resize=350%2C200&ssl=1","width":350,"height":200,"srcset":"https:\/\/i0.wp.com\/asac.ca\/wp-content\/uploads\/2026\/01\/ASAC_logo_4.2_rework.png?resize=350%2C200&ssl=1 1x, https:\/\/i0.wp.com\/asac.ca\/wp-content\/uploads\/2026\/01\/ASAC_logo_4.2_rework.png?resize=525%2C300&ssl=1 1.5x, https:\/\/i0.wp.com\/asac.ca\/wp-content\/uploads\/2026\/01\/ASAC_logo_4.2_rework.png?resize=700%2C400&ssl=1 2x, https:\/\/i0.wp.com\/asac.ca\/wp-content\/uploads\/2026\/01\/ASAC_logo_4.2_rework.png?resize=1050%2C600&ssl=1 3x, https:\/\/i0.wp.com\/asac.ca\/wp-content\/uploads\/2026\/01\/ASAC_logo_4.2_rework.png?resize=1400%2C800&ssl=1 4x"},"classes":[]},{"id":8992,"url":"https:\/\/asac.ca\/fr\/sur-demande\/","url_meta":{"origin":1407,"position":2},"title":"Sur demande","author":"asaccanada","date":"mai 20, 2023","format":false,"excerpt":"Veuillez vous assurer d'avoir contact\u00e9 les organisateurs de la conf\u00e9rence (conference@asac.ca) avant de vous inscrire ci-dessous et ils sont au courant de vos plans d'inscription. Nous ne surveillons pas activement les nouvelles inscriptions et nous devrons nous assurer que vos informations sont incluses sur la plateforme de la conf\u00e9rence et\u2026","rel":"","context":"Article similaire","block_context":{"text":"Article similaire","link":""},"img":{"alt_text":"","src":"","width":0,"height":0},"classes":[]},{"id":1435,"url":"https:\/\/asac.ca\/fr\/job-postings\/about\/","url_meta":{"origin":1407,"position":3},"title":"Publier une offre","author":"asaccanada","date":"juin 8, 2015","format":false,"excerpt":"Il s'agit d'un service gratuit de l'ASAC, reliant ses membres aux opportunit\u00e9s d'emploi. Veuillez soumettre toute publication en utilisant le formulaire ci-dessous. Si vous avez des questions, veuillez contacter: job.postings@asac.ca.","rel":"","context":"Article similaire","block_context":{"text":"Article similaire","link":""},"img":{"alt_text":"","src":"","width":0,"height":0},"classes":[]},{"id":10297,"url":"https:\/\/asac.ca\/fr\/ateliers-et-autres-evenements\/","url_meta":{"origin":1407,"position":4},"title":"Ateliers et autres \u00e9v\u00e9nements","author":"asaccanada","date":"f\u00e9vrier 8, 2024","format":false,"excerpt":"Consultez cette section r\u00e9guli\u00e8rement pour les ateliers et autres \u00e9v\u00e9nements que nous proposerons tout au long de l'ann\u00e9e. Actuellement, il n'y a aucun autre \u00e9v\u00e9nement ou atelier pr\u00e9vu en fran\u00e7ais. Basculez vers la version anglaise de cette page pour voir les \u00e9v\u00e9nements et ateliers propos\u00e9s en anglais. Pour des informations\u2026","rel":"","context":"Article similaire","block_context":{"text":"Article similaire","link":""},"img":{"alt_text":"","src":"","width":0,"height":0},"classes":[]},{"id":9555,"url":"https:\/\/asac.ca\/fr\/appel-a-communications-asac-2024\/","url_meta":{"origin":1407,"position":5},"title":"Appel \u00e0 communications ASAC 2024","author":"asaccanada","date":"octobre 21, 2023","format":false,"excerpt":"Du 1er au 3 juin 2024 | Montr\u00e9al et en ligne les 28 et 29 mai L'Association des sciences administratives du Canada (ASAC) vous invite \u00e0 soumettre un article, un travail en cours, un cas, un symposium ou une proposition d'atelier pour la conf\u00e9rence annuelle organis\u00e9e par l'Universit\u00e9 de Sherbrooke.\u2026","rel":"","context":"Article similaire","block_context":{"text":"Article similaire","link":""},"img":{"alt_text":"","src":"https:\/\/i0.wp.com\/asac.ca\/wp-content\/uploads\/2023\/10\/ASAC-2024-Logo.png?resize=350%2C200&ssl=1","width":350,"height":200,"srcset":"https:\/\/i0.wp.com\/asac.ca\/wp-content\/uploads\/2023\/10\/ASAC-2024-Logo.png?resize=350%2C200&ssl=1 1x, https:\/\/i0.wp.com\/asac.ca\/wp-content\/uploads\/2023\/10\/ASAC-2024-Logo.png?resize=525%2C300&ssl=1 1.5x, https:\/\/i0.wp.com\/asac.ca\/wp-content\/uploads\/2023\/10\/ASAC-2024-Logo.png?resize=700%2C400&ssl=1 2x, https:\/\/i0.wp.com\/asac.ca\/wp-content\/uploads\/2023\/10\/ASAC-2024-Logo.png?resize=1050%2C600&ssl=1 3x, https:\/\/i0.wp.com\/asac.ca\/wp-content\/uploads\/2023\/10\/ASAC-2024-Logo.png?resize=1400%2C800&ssl=1 4x"},"classes":[]}],"amp_enabled":true,"_links":{"self":[{"href":"https:\/\/asac.ca\/fr\/wp-json\/wp\/v2\/pages\/1407","targetHints":{"allow":["GET"]}}],"collection":[{"href":"https:\/\/asac.ca\/fr\/wp-json\/wp\/v2\/pages"}],"about":[{"href":"https:\/\/asac.ca\/fr\/wp-json\/wp\/v2\/types\/page"}],"author":[{"embeddable":true,"href":"https:\/\/asac.ca\/fr\/wp-json\/wp\/v2\/users\/88652768"}],"replies":[{"embeddable":true,"href":"https:\/\/asac.ca\/fr\/wp-json\/wp\/v2\/comments?post=1407"}],"version-history":[{"count":5,"href":"https:\/\/asac.ca\/fr\/wp-json\/wp\/v2\/pages\/1407\/revisions"}],"predecessor-version":[{"id":1768,"href":"https:\/\/asac.ca\/fr\/wp-json\/wp\/v2\/pages\/1407\/revisions\/1768"}],"wp:attachment":[{"href":"https:\/\/asac.ca\/fr\/wp-json\/wp\/v2\/media?parent=1407"}],"curies":[{"name":"wp","href":"https:\/\/api.w.org\/{rel}","templated":true}]}}