{"id":1427,"date":"2020-01-11T02:15:48","date_gmt":"2020-01-11T07:15:48","guid":{"rendered":"https:\/\/asac.ca\/governance\/privacypolicy\/"},"modified":"2020-02-03T18:12:59","modified_gmt":"2020-02-03T23:12:59","slug":"privacypolicy","status":"publish","type":"page","link":"https:\/\/asac.ca\/fr\/governance\/privacypolicy\/","title":{"rendered":"Politique de confidentialit\u00e9"},"content":{"rendered":"<p class=\"wp-block-paragraph\"><p><strong>D\u00e9claration de confidentialit\u00e9 de l\u2019Association des sciences administratives du Canada (ASAC)<\/strong><\/p><\/p>\n\n<p class=\"wp-block-paragraph\">L\u2019ASAC recueille uniquement des informations personnelles identifiables sur les individus quand ces derniers fournissent sp\u00e9cifiquement et explicitement ces informations sur une base volontaire durant le processus d\u2019adh\u00e9sion \u00e0 l\u2019ASAC ou lors de la cr\u00e9ation d\u2019un compte sur ScholarOne, le syst\u00e8me de gestion d\u2019articles utilis\u00e9 par la Revue canadienne des sciences de l\u2019administration (RCSA). L\u2019ASAC fournit les noms et adresses des membres \u00e0 l\u2019\u00e9diteur de la RCSA quand les membres ont opt\u00e9 pour recevoir leur revue en version papier par la poste. Les informations personnelles identifiables sur les utilisateurs ne sont pas vendues ni transf\u00e9r\u00e9es \u00e0 un tiers non affili\u00e9 \u00e0 l\u2019ASAC. L\u2019ASAC se r\u00e9serve le droit de contacter un membre, un auteur ou un r\u00e9viseur \u00e0 propos de son \u00e9tat de compte et autres sujets relevant de celui-ci ou d\u2019une information recueillie.<\/p>\n\n<p class=\"wp-block-paragraph\">Les membres de l\u2019ASAC gardent le droit de r\u00e9voquer leur admission en tout temps et, ce faisant, toutes les informations personnelles identifiables seront d\u00e9truites de tous les serveurs, bases de donn\u00e9es et registres.<\/p>\n\n<p class=\"wp-block-paragraph\">Les sites de l\u2019ASAC et de la RCSA utilisent des t\u00e9moins de connexion (cookies). Ces t\u00e9moins sont de petits fichiers textes qu\u2019un site Web peut utiliser pour reconna\u00eetre les utilisateurs r\u00e9guliers, faciliter l\u2019acc\u00e8s au site et son utilisation par les utilisateurs, et permettre au site d\u2019identifier les comportements d\u2019utilisation des utilisateurs afin de compiler des donn\u00e9es agr\u00e9g\u00e9es qui vont servir \u00e0 am\u00e9liorer le contenu et \u00e0 cibler les messages publicitaires. Les t\u00e9moins ne sont pas des programmes qui s\u2019introduisent dans le syst\u00e8me des utilisateurs et qui endommagent les fichiers. G\u00e9n\u00e9ralement, les t\u00e9moins fonctionnent par assignation d\u2019un nombre unique \u00e0 chaque utilisateur, et ce nombre n\u2019a aucune signification en dehors du site auquel il se rapporte. Les utilisateurs doivent \u00eatre conscients que l\u2019ASAC ne peut pas contr\u00f4ler l\u2019utilisation des t\u00e9moins, ni l\u2019information issue de ceux-ci, par les annonceurs ou tout tiers h\u00e9bergeant des donn\u00e9es li\u00e9es \u00e0 l\u2019ASAC. Par cons\u00e9quent, l\u2019ASAC recommande fortement que les utilisateurs consultent les politiques de confidentialit\u00e9 de tout site h\u00e9bergeant des donn\u00e9es de l\u2019ASAC, incluant ScholarOne et Wiley. Si un utilisateur ne veut pas que des informations soient collect\u00e9es au moyen de t\u00e9moins, il existe une proc\u00e9dure simple dans la plupart des navigateurs qui permet \u00e0 l\u2019utilisateur de refuser ou d\u2019accepter la fonction des t\u00e9moins; cependant, il est \u00e0 noter que les t\u00e9moins peuvent \u00eatre n\u00e9cessaires pour permettre l\u2019acc\u00e8s \u00e0 certaines fonctions disponibles sur le site (p. ex., la transmission d\u2019informations personnalis\u00e9es).<\/p>\n\n<p class=\"wp-block-paragraph\">L\u2019entr\u00e9e en vigueur de la pr\u00e9sente politique est le 23 avril 2018. L\u2019ASAC se r\u00e9serve le droit d\u2019y apporter des modifications en tout temps et, le cas \u00e9ch\u00e9ant, en avisera les utilisateurs. Cette d\u00e9claration et la politique de confidentialit\u00e9 associ\u00e9e ne sont pas destin\u00e9es \u00e0 ni n\u2019ont pour fonction de cr\u00e9er des droits contractuels ou autres droits l\u00e9gaux pour ou au nom d\u2019un tiers.<\/p>","protected":false},"excerpt":{"rendered":"<p>D\u00e9claration de confidentialit\u00e9 de l\u2019Association des sciences administratives du Canada (ASAC) L\u2019ASAC recueille uniquement des informations personnelles identifiables sur les individus quand ces derniers fournissent sp\u00e9cifiquement et explicitement ces informations [&hellip;]<\/p>\n","protected":false},"author":88652768,"featured_media":0,"parent":1421,"menu_order":0,"comment_status":"closed","ping_status":"closed","template":"","meta":{"_bbp_topic_count":0,"_bbp_reply_count":0,"_bbp_total_topic_count":0,"_bbp_total_reply_count":0,"_bbp_voice_count":0,"_bbp_anonymous_reply_count":0,"_bbp_topic_count_hidden":0,"_bbp_reply_count_hidden":0,"_bbp_forum_subforum_count":0,"_coblocks_attr":"","_coblocks_dimensions":"","_coblocks_responsive_height":"","_coblocks_accordion_ie_support":"","_crdt_document":"","_genesis_hide_title":false,"_genesis_hide_breadcrumbs":false,"_genesis_hide_singular_image":false,"_genesis_hide_footer_widgets":false,"_genesis_custom_body_class":"","_genesis_custom_post_class":"","_genesis_layout":"","jetpack_post_was_ever_published":false,"footnotes":""},"class_list":["post-1427","page","type-page","status-publish","entry"],"jetpack_likes_enabled":false,"jetpack_sharing_enabled":true,"jetpack_shortlink":"https:\/\/wp.me\/P6jvYC-n1","jetpack-related-posts":[{"id":1447,"url":"https:\/\/asac.ca\/fr\/membership\/benefitsofmembership\/","url_meta":{"origin":1427,"position":0},"title":"Avantages des membres","author":"asaccanada","date":"janvier 11, 2020","format":false,"excerpt":"Bonnes raisons pour devenir membre de l\u2019Association des sciences administratives du Canada (ASAC): Revue canadienne des sciences de l'administration Les membres de l'ASAC sont abonn\u00e9s \u00e0 la plus importante revue de recherche universitaire en administration au Canada. La RCSA est une revue trimestrielle qui publie, apr\u00e8s \u00e9valuation, les meilleurs articles\u2026","rel":"","context":"Article similaire","block_context":{"text":"Article similaire","link":""},"img":{"alt_text":"","src":"","width":0,"height":0},"classes":[]},{"id":1444,"url":"https:\/\/asac.ca\/fr\/membership\/asacfellows\/","url_meta":{"origin":1427,"position":1},"title":"Fellows de l&#8217;ASAC","author":"asaccanada","date":"janvier 11, 2020","format":false,"excerpt":"L\u2019ASAC est heureuse de vous annoncer la cr\u00e9ation de son programme \u00ab\u00a0Fellows de l\u2019ASAC\u00a0\u00bb, une initiative de r\u00e9seautage et de mentorat destin\u00e9e \u00e0 mettre en valeur et \u00e0 favoriser l\u2019engagement des universitaires canadiens distingu\u00e9s aupr\u00e8s de jeunes chercheurs, sp\u00e9cialement les doctorants, en soutenant ces derniers dans le d\u00e9veloppement de leur\u2026","rel":"","context":"Article similaire","block_context":{"text":"Article similaire","link":""},"img":{"alt_text":"","src":"","width":0,"height":0},"classes":[]},{"id":2036,"url":"https:\/\/asac.ca\/fr\/rejoindre\/","url_meta":{"origin":1427,"position":2},"title":"Rejoindre l&#8217;ASAC","author":"asaccanada","date":"f\u00e9vrier 7, 2020","format":false,"excerpt":"En adh\u00e9rant \u00e0 l'Association canadienne des sciences administratives (ASAC), vous aurez acc\u00e8s \u00e0 un r\u00e9seau d'universitaires en commerce \u00e0 l'\u00e9chelle du Canada et au-del\u00e0 dans une vari\u00e9t\u00e9 de disciplines commerciales et de gestion. Notre communaut\u00e9 est compos\u00e9e d'un large \u00e9ventail de divisions qui offrent aux membres de l'ASAC un lien\u2026","rel":"","context":"Article similaire","block_context":{"text":"Article similaire","link":""},"img":{"alt_text":"","src":"","width":0,"height":0},"classes":[]},{"id":1433,"url":"https:\/\/asac.ca\/fr\/governance\/rolesoftheboardofdirectors\/","url_meta":{"origin":1427,"position":3},"title":"R\u00f4les des membres du conseil d&#8217;administration","author":"asaccanada","date":"janvier 11, 2020","format":false,"excerpt":"Pr\u00e9sident Le pr\u00e9sident de l'ASAC est \u00e9lu par et parmi les membres pour un mandat de deux ans. Le pr\u00e9sident pr\u00e9side le conseil d'administration, joue un r\u00f4le de leadership dans le d\u00e9veloppement et la gestion de l'ASAC, supervise le travail du r\u00e9dacteur en chef de CJAS et des membres du\u2026","rel":"","context":"Article similaire","block_context":{"text":"Article similaire","link":""},"img":{"alt_text":"","src":"","width":0,"height":0},"classes":[]},{"id":1434,"url":"https:\/\/asac.ca\/fr\/","url_meta":{"origin":1427,"position":4},"title":"ASAC 2026 | Pens\u00e9e sans\u2026","author":"asaccanada","date":"octobre 18, 2024","format":false,"excerpt":"ASAC 2026 | Pens\u00e9e sans limites! Rejoignez-nous \u00e0 Calgary, Alberta, pour l'ASAC 2026, organis\u00e9 par la Bissett School of Business de l\u2019Universit\u00e9 Mount Royal du 22 au 25 mai. Colloque autochtone : 21 maiColloque doctoral et march\u00e9 de l\u2019emploi : 22 mai. INscrivez-vous Programme de la conf\u00e9rence commanditaires Ici, les\u2026","rel":"","context":"Article similaire","block_context":{"text":"Article similaire","link":""},"img":{"alt_text":"","src":"https:\/\/i0.wp.com\/asac.ca\/wp-content\/uploads\/2025\/11\/ASAC_logo_4.2_rework_final_Logo-4.2-C-.webp?resize=350%2C200&ssl=1","width":350,"height":200,"srcset":"https:\/\/i0.wp.com\/asac.ca\/wp-content\/uploads\/2025\/11\/ASAC_logo_4.2_rework_final_Logo-4.2-C-.webp?resize=350%2C200&ssl=1 1x, https:\/\/i0.wp.com\/asac.ca\/wp-content\/uploads\/2025\/11\/ASAC_logo_4.2_rework_final_Logo-4.2-C-.webp?resize=525%2C300&ssl=1 1.5x, https:\/\/i0.wp.com\/asac.ca\/wp-content\/uploads\/2025\/11\/ASAC_logo_4.2_rework_final_Logo-4.2-C-.webp?resize=700%2C400&ssl=1 2x, https:\/\/i0.wp.com\/asac.ca\/wp-content\/uploads\/2025\/11\/ASAC_logo_4.2_rework_final_Logo-4.2-C-.webp?resize=1050%2C600&ssl=1 3x, https:\/\/i0.wp.com\/asac.ca\/wp-content\/uploads\/2025\/11\/ASAC_logo_4.2_rework_final_Logo-4.2-C-.webp?resize=1400%2C800&ssl=1 4x"},"classes":[]},{"id":1392,"url":"https:\/\/asac.ca\/fr\/codeofethics\/","url_meta":{"origin":1427,"position":5},"title":"Code d&#8217;\u00e9thique","author":"asaccanada","date":"janvier 11, 2020","format":false,"excerpt":"Ce code d'\u00e9thique pr\u00e9sente les normes \u00e0 respecter par tous les auteurs qui soumettent des propositions de recherche et les normes \u00e0 respecter par la collectivit\u00e9 de l'ASAC dans son ensemble.\r \r Normes pour les propositions scientifiques.1 Articles:\u00a0Il revient aux membres de l'ASAC menant des recherches d'organiser, de mettre en\u2026","rel":"","context":"Article similaire","block_context":{"text":"Article similaire","link":""},"img":{"alt_text":"","src":"","width":0,"height":0},"classes":[]}],"amp_enabled":true,"_links":{"self":[{"href":"https:\/\/asac.ca\/fr\/wp-json\/wp\/v2\/pages\/1427","targetHints":{"allow":["GET"]}}],"collection":[{"href":"https:\/\/asac.ca\/fr\/wp-json\/wp\/v2\/pages"}],"about":[{"href":"https:\/\/asac.ca\/fr\/wp-json\/wp\/v2\/types\/page"}],"author":[{"embeddable":true,"href":"https:\/\/asac.ca\/fr\/wp-json\/wp\/v2\/users\/88652768"}],"replies":[{"embeddable":true,"href":"https:\/\/asac.ca\/fr\/wp-json\/wp\/v2\/comments?post=1427"}],"version-history":[{"count":6,"href":"https:\/\/asac.ca\/fr\/wp-json\/wp\/v2\/pages\/1427\/revisions"}],"predecessor-version":[{"id":1889,"href":"https:\/\/asac.ca\/fr\/wp-json\/wp\/v2\/pages\/1427\/revisions\/1889"}],"up":[{"embeddable":true,"href":"https:\/\/asac.ca\/fr\/wp-json\/wp\/v2\/pages\/1421"}],"wp:attachment":[{"href":"https:\/\/asac.ca\/fr\/wp-json\/wp\/v2\/media?parent=1427"}],"curies":[{"name":"wp","href":"https:\/\/api.w.org\/{rel}","templated":true}]}}