{"id":1433,"date":"2020-01-11T02:14:43","date_gmt":"2020-01-11T07:14:43","guid":{"rendered":"https:\/\/asac.ca\/governance\/rolesoftheboardofdirectors\/"},"modified":"2024-01-12T13:10:51","modified_gmt":"2024-01-12T18:10:51","slug":"rolesoftheboardofdirectors","status":"publish","type":"page","link":"https:\/\/asac.ca\/fr\/governance\/rolesoftheboardofdirectors\/","title":{"rendered":"R\u00f4les des membres du conseil d&#8217;administration"},"content":{"rendered":"<h4 class=\"wp-block-heading\"><strong>Pr\u00e9sident<\/strong><\/h4>\n\n\n\n<p class=\"wp-block-paragraph\">Le pr\u00e9sident de l&#8217;ASAC est \u00e9lu par et parmi les membres pour un mandat de deux ans. Le pr\u00e9sident pr\u00e9side le conseil d&#8217;administration, joue un r\u00f4le de leadership dans le d\u00e9veloppement et la gestion de l&#8217;ASAC, supervise le travail du r\u00e9dacteur en chef de CJAS et des membres du personnel de l&#8217;ASAC et repr\u00e9sente l&#8217;Association dans les relations avec les parties externes.<\/p>\n\n\n\n<h4 class=\"wp-block-heading\"><strong>Ancien pr\u00e9sident<\/strong><\/h4>\n\n\n\n<p class=\"wp-block-paragraph\">Le poste de pr\u00e9sident sortant de l&#8217;ASAC est occup\u00e9 par la personne qui a occup\u00e9 le poste de pr\u00e9sident de l&#8217;ASAC au cours de l&#8217;ann\u00e9e pr\u00e9c\u00e9dente. Le pr\u00e9sident sortant donne des conseils au pr\u00e9sident et au conseil d&#8217;administration et entreprend des projets sp\u00e9ciaux.<\/p>\n\n\n\n<h4 class=\"wp-block-heading\"><strong>Vice-Pr\u00e9sident de la programmation&nbsp;<\/strong><\/h4>\n\n\n\n<p class=\"wp-block-paragraph\">En plus de participer activement aux r\u00e9unions de l&#8217;ASAC, le programme VP organise les composantes acad\u00e9miques de la conf\u00e9rence annuelle de l&#8217;ASAC et supervise le personnel de l&#8217;ASAC qui g\u00e8re les op\u00e9rations de la conf\u00e9rence.<\/p>\n\n\n\n<h4 class=\"wp-block-heading\"><strong>Vice-Pr\u00e9sident de la programmation&nbsp;\u00e9lu<\/strong><\/h4>\n\n\n\n<p class=\"wp-block-paragraph\">Vice-Pr\u00e9sident (VP) de la programmation \u00e9lu&nbsp;est un poste \u00e9lu pour un mandat d&#8217;un an, suivi d&#8217;un autre mandat d&#8217;un an en tant que Vice-Pr\u00e9sident de la programmation. En plus de participer activement aux r\u00e9unions de l&#8217;ASAC, le VP de la programmation \u00e9lu collabore avec le VP&nbsp;de la programmation existant pour organiser le congr\u00e8s de l&#8217;ann\u00e9e en cours, et il d\u00e9termine le lieu du congr\u00e8s pour l&#8217;ann\u00e9e suivante lors duquel il sera le nouveau VP de la programmation.<\/p>\n\n\n\n<h4 class=\"wp-block-heading\"><strong>Tr\u00e9sorier<\/strong><\/h4>\n\n\n\n<p class=\"wp-block-paragraph\">Le tr\u00e9sorier est un membre \u00e9lu par ses pairs pour un mandat de trois ans. Il doit non seulement participer activement aux r\u00e9unions de l&#8217;ASAC, mais aussi g\u00e9rer les avoirs financiers de l&#8217;ASAC, contr\u00f4ler les comptes de placement et donner r\u00e9guli\u00e8rement un compte-rendu de la situation financi\u00e8re de l&#8217;association.<\/p>\n\n\n\n<h4 class=\"wp-block-heading\"><strong>Vice-pr\u00e9sident des r\u00e9compenses et secr\u00e9taire<\/strong><\/h4>\n\n\n\n<p class=\"wp-block-paragraph\">Le secr\u00e9taire est \u00e9lu par et parmi les membres pour un mandat de trois ans. Le secr\u00e9taire sert d&#8217;archiviste de l&#8217;ASAC, organise le conseil d&#8217;administration et les assembl\u00e9es g\u00e9n\u00e9rales annuelles et participe activement \u00e0 ces r\u00e9unions. Le secr\u00e9taire est responsable de la gestion des membres actuels et du processus de r\u00e9compenses de l&#8217;ASAC.<\/p>\n\n\n\n<h4 class=\"wp-block-heading\"><strong>Vice-pr\u00e9sident, D\u00e9veloppement des adh\u00e9sions, sensibilisation et liaison avec l&#8217;industrie<\/strong><\/h4>\n\n\n\n<p class=\"wp-block-paragraph\">Le vice-pr\u00e9sident du d\u00e9veloppement des membres, de la sensibilisation et de la liaison avec l&#8217;industrie est \u00e9lu par et parmi les membres pour un mandat de trois ans. En plus de participer activement aux r\u00e9unions de l&#8217;ASAC, le VP MD g\u00e8re toutes les activit\u00e9s associ\u00e9es au recrutement des membres, d\u00e9veloppe, met en \u0153uvre et \u00e9value la strat\u00e9gie et le plan de communication et de marketing de l&#8217;ASAC, communique avec tous les membres de l&#8217;ASAC et g\u00e8re les relations publiques au nom de l&#8217;ASAC.<\/p>","protected":false},"excerpt":{"rendered":"<p>Pr\u00e9sident Le pr\u00e9sident de l&#8217;ASAC est \u00e9lu par et parmi les membres pour un mandat de deux ans. Le pr\u00e9sident pr\u00e9side le conseil d&#8217;administration, joue un r\u00f4le de leadership dans [&hellip;]<\/p>\n","protected":false},"author":88652768,"featured_media":0,"parent":1421,"menu_order":0,"comment_status":"closed","ping_status":"closed","template":"","meta":{"_bbp_topic_count":0,"_bbp_reply_count":0,"_bbp_total_topic_count":0,"_bbp_total_reply_count":0,"_bbp_voice_count":0,"_bbp_anonymous_reply_count":0,"_bbp_topic_count_hidden":0,"_bbp_reply_count_hidden":0,"_bbp_forum_subforum_count":0,"_coblocks_attr":"","_coblocks_dimensions":"","_coblocks_responsive_height":"","_coblocks_accordion_ie_support":"","_crdt_document":"","_genesis_hide_title":false,"_genesis_hide_breadcrumbs":false,"_genesis_hide_singular_image":false,"_genesis_hide_footer_widgets":false,"_genesis_custom_body_class":"","_genesis_custom_post_class":"","_genesis_layout":"","jetpack_post_was_ever_published":false,"footnotes":""},"class_list":["post-1433","page","type-page","status-publish","entry"],"jetpack_likes_enabled":false,"jetpack_sharing_enabled":true,"jetpack_shortlink":"https:\/\/wp.me\/P6jvYC-n7","jetpack-related-posts":[{"id":1444,"url":"https:\/\/asac.ca\/fr\/membership\/asacfellows\/","url_meta":{"origin":1433,"position":0},"title":"Fellows de l&#8217;ASAC","author":"asaccanada","date":"janvier 11, 2020","format":false,"excerpt":"L\u2019ASAC est heureuse de vous annoncer la cr\u00e9ation de son programme \u00ab\u00a0Fellows de l\u2019ASAC\u00a0\u00bb, une initiative de r\u00e9seautage et de mentorat destin\u00e9e \u00e0 mettre en valeur et \u00e0 favoriser l\u2019engagement des universitaires canadiens distingu\u00e9s aupr\u00e8s de jeunes chercheurs, sp\u00e9cialement les doctorants, en soutenant ces derniers dans le d\u00e9veloppement de leur\u2026","rel":"","context":"Article similaire","block_context":{"text":"Article similaire","link":""},"img":{"alt_text":"","src":"","width":0,"height":0},"classes":[]},{"id":1426,"url":"https:\/\/asac.ca\/fr\/governance\/nominationselections\/","url_meta":{"origin":1433,"position":1},"title":"Nominations et \u00e9lections","author":"asaccanada","date":"janvier 11, 2020","format":false,"excerpt":"\u00c9lection des membres du conseil d'administration Avant le 1er\u00a0f\u00e9vrier de l'ann\u00e9e \u00e9lectorale, le comit\u00e9 des candidatures, compos\u00e9 du pr\u00e9sident et de l'ancien pr\u00e9sident, envoie \u00e0 tous les membres des appels \u00e0 candidatures pour tous les postes \u00e0 pourvoir, incluant : les vice-pr\u00e9sidents, le secr\u00e9taire et responsable de l'information, le tr\u00e9sorier\u2026","rel":"","context":"Article similaire","block_context":{"text":"Article similaire","link":""},"img":{"alt_text":"","src":"","width":0,"height":0},"classes":[]},{"id":1421,"url":"https:\/\/asac.ca\/fr\/governance\/","url_meta":{"origin":1433,"position":2},"title":"Governance","author":"asaccanada","date":"janvier 11, 2020","format":false,"excerpt":"Read more about ASAC governance, including the board of directors, bylaws, nomination processes, and more. Board of Directors ASAC President Andr\u00e9 LaplumeToronto Metropolitan University Biography \/ Contact Past President Shamsud Chowdhury Dalhousie University Biography \/ Contact VP Finance & Secretary Rhonda McIverSt. Francis Xavier University Biography \/ Contact VP Program\u2026","rel":"","context":"Article similaire","block_context":{"text":"Article similaire","link":""},"img":{"alt_text":"","src":"https:\/\/i0.wp.com\/asac.ca\/wp-content\/uploads\/2024\/10\/Andre-1.png?resize=350%2C200&ssl=1","width":350,"height":200},"classes":[]},{"id":1434,"url":"https:\/\/asac.ca\/fr\/","url_meta":{"origin":1433,"position":3},"title":"ASAC 2026 | Pens\u00e9e sans\u2026","author":"asaccanada","date":"octobre 18, 2024","format":false,"excerpt":"ASAC 2026 | Pens\u00e9e sans limites! Rejoignez-nous \u00e0 Calgary, Alberta, pour l'ASAC 2026, organis\u00e9 par la Bissett School of Business de l\u2019Universit\u00e9 Mount Royal du 22 au 25 mai. Colloque autochtone : 21 maiColloque doctoral et march\u00e9 de l\u2019emploi : 22 mai. INscrivez-vous Programme de la conf\u00e9rence commanditaires Ici, les\u2026","rel":"","context":"Article similaire","block_context":{"text":"Article similaire","link":""},"img":{"alt_text":"","src":"https:\/\/i0.wp.com\/asac.ca\/wp-content\/uploads\/2025\/11\/ASAC_logo_4.2_rework_final_Logo-4.2-C-.webp?resize=350%2C200&ssl=1","width":350,"height":200,"srcset":"https:\/\/i0.wp.com\/asac.ca\/wp-content\/uploads\/2025\/11\/ASAC_logo_4.2_rework_final_Logo-4.2-C-.webp?resize=350%2C200&ssl=1 1x, https:\/\/i0.wp.com\/asac.ca\/wp-content\/uploads\/2025\/11\/ASAC_logo_4.2_rework_final_Logo-4.2-C-.webp?resize=525%2C300&ssl=1 1.5x, https:\/\/i0.wp.com\/asac.ca\/wp-content\/uploads\/2025\/11\/ASAC_logo_4.2_rework_final_Logo-4.2-C-.webp?resize=700%2C400&ssl=1 2x, https:\/\/i0.wp.com\/asac.ca\/wp-content\/uploads\/2025\/11\/ASAC_logo_4.2_rework_final_Logo-4.2-C-.webp?resize=1050%2C600&ssl=1 3x, https:\/\/i0.wp.com\/asac.ca\/wp-content\/uploads\/2025\/11\/ASAC_logo_4.2_rework_final_Logo-4.2-C-.webp?resize=1400%2C800&ssl=1 4x"},"classes":[]},{"id":1446,"url":"https:\/\/asac.ca\/fr\/membership\/asacawards\/","url_meta":{"origin":1433,"position":4},"title":"Prix et subventions","author":"asaccanada","date":"janvier 11, 2020","format":false,"excerpt":"Prix de recherche des anciens pr\u00e9sidents Le prix de recherche du pr\u00e9sident sortant soutient un membre du corps professoral canadien \u00e0 temps plein pour des activit\u00e9s de recherche. En plus du prix de 5\u2009000\u00a0$, la ou le r\u00e9cipiendaire re\u00e7oit \u00e9galement un abonnement gratuit et les frais de conf\u00e9rence de l\u2019ASAC\u2026","rel":"","context":"Article similaire","block_context":{"text":"Article similaire","link":""},"img":{"alt_text":"","src":"","width":0,"height":0},"classes":[]},{"id":1577,"url":"https:\/\/asac.ca\/fr\/membership\/asacawards\/asacawardsudayanrege\/","url_meta":{"origin":1433,"position":5},"title":"Prix Udayan Rege de la meilleure dissertation","author":"asaccanada","date":"janvier 25, 2020","format":false,"excerpt":"L\u2019ASAC est heureuse d\u2019annoncer le prix de la meilleure th\u00e8se Udayan Rege. Ce prix est d\u00e9cern\u00e9 tous les deux ans pour la meilleure th\u00e8se de doctorat canadienne en sciences administratives. Le prix est constitu\u00e9 d\u2019une plaque et d\u2019un montant de 1\u2009000\u00a0$. Ce prix est remis \u00e0 la m\u00e9moire du docteur\u2026","rel":"","context":"Article similaire","block_context":{"text":"Article similaire","link":""},"img":{"alt_text":"","src":"","width":0,"height":0},"classes":[]}],"amp_enabled":true,"_links":{"self":[{"href":"https:\/\/asac.ca\/fr\/wp-json\/wp\/v2\/pages\/1433","targetHints":{"allow":["GET"]}}],"collection":[{"href":"https:\/\/asac.ca\/fr\/wp-json\/wp\/v2\/pages"}],"about":[{"href":"https:\/\/asac.ca\/fr\/wp-json\/wp\/v2\/types\/page"}],"author":[{"embeddable":true,"href":"https:\/\/asac.ca\/fr\/wp-json\/wp\/v2\/users\/88652768"}],"replies":[{"embeddable":true,"href":"https:\/\/asac.ca\/fr\/wp-json\/wp\/v2\/comments?post=1433"}],"version-history":[{"count":7,"href":"https:\/\/asac.ca\/fr\/wp-json\/wp\/v2\/pages\/1433\/revisions"}],"predecessor-version":[{"id":10074,"href":"https:\/\/asac.ca\/fr\/wp-json\/wp\/v2\/pages\/1433\/revisions\/10074"}],"up":[{"embeddable":true,"href":"https:\/\/asac.ca\/fr\/wp-json\/wp\/v2\/pages\/1421"}],"wp:attachment":[{"href":"https:\/\/asac.ca\/fr\/wp-json\/wp\/v2\/media?parent=1433"}],"curies":[{"name":"wp","href":"https:\/\/api.w.org\/{rel}","templated":true}]}}