{"id":1442,"date":"2020-01-11T02:16:13","date_gmt":"2020-01-11T07:16:13","guid":{"rendered":"https:\/\/asac.ca\/membership\/"},"modified":"2020-03-11T18:38:31","modified_gmt":"2020-03-11T22:38:31","slug":"membership","status":"publish","type":"page","link":"https:\/\/asac.ca\/fr\/membership\/","title":{"rendered":"Adh\u00e9sion"},"content":{"rendered":"","protected":false},"excerpt":{"rendered":"","protected":false},"author":88652768,"featured_media":0,"parent":0,"menu_order":0,"comment_status":"closed","ping_status":"closed","template":"","meta":{"_bbp_topic_count":0,"_bbp_reply_count":0,"_bbp_total_topic_count":0,"_bbp_total_reply_count":0,"_bbp_voice_count":0,"_bbp_anonymous_reply_count":0,"_bbp_topic_count_hidden":0,"_bbp_reply_count_hidden":0,"_bbp_forum_subforum_count":0,"_coblocks_attr":"","_coblocks_dimensions":"","_coblocks_responsive_height":"","_coblocks_accordion_ie_support":"","_crdt_document":"","_genesis_hide_title":false,"_genesis_hide_breadcrumbs":false,"_genesis_hide_singular_image":false,"_genesis_hide_footer_widgets":false,"_genesis_custom_body_class":"","_genesis_custom_post_class":"","_genesis_layout":"","footnotes":""},"class_list":["post-1442","page","type-page","status-publish","entry"],"jetpack_likes_enabled":false,"jetpack_sharing_enabled":true,"jetpack_shortlink":"https:\/\/wp.me\/P6jvYC-ng","jetpack-related-posts":[{"id":1440,"url":"https:\/\/asac.ca\/fr\/member-sign-in\/","url_meta":{"origin":1442,"position":0},"title":"Mon compte","author":"asaccanada","date":"novembre 13, 2019","format":false,"excerpt":"Le renouvellement et l\u2019achat de votre adh\u00e9sion se feront directement sur X-CD, notre plateforme officielle d'\u00e9v\u00e8nement!Si vous disposez actuellement d'un abonnement r\u00e9current, celui-ci sera automatiquement interrompu et aucun autre paiement ne sera effectu\u00e9.","rel":"","context":"Article similaire","block_context":{"text":"Article similaire","link":""},"img":{"alt_text":"","src":"","width":0,"height":0},"classes":[]},{"id":2036,"url":"https:\/\/asac.ca\/fr\/rejoindre\/","url_meta":{"origin":1442,"position":1},"title":"Rejoindre l&#8217;ASAC","author":"asaccanada","date":"f\u00e9vrier 7, 2020","format":false,"excerpt":"En adh\u00e9rant \u00e0 l'Association canadienne des sciences administratives (ASAC), vous aurez acc\u00e8s \u00e0 un r\u00e9seau d'universitaires en commerce \u00e0 l'\u00e9chelle du Canada et au-del\u00e0 dans une vari\u00e9t\u00e9 de disciplines commerciales et de gestion. Notre communaut\u00e9 est compos\u00e9e d'un large \u00e9ventail de divisions qui offrent aux membres de l'ASAC un lien\u2026","rel":"","context":"Article similaire","block_context":{"text":"Article similaire","link":""},"img":{"alt_text":"","src":"","width":0,"height":0},"classes":[]},{"id":10132,"url":"https:\/\/asac.ca\/fr\/congres-2024\/","url_meta":{"origin":1442,"position":2},"title":"Congr\u00e8s 2024","author":"asaccanada","date":"f\u00e9vrier 16, 2024","format":false,"excerpt":"ASAC 2024 | Montr\u00e9al (Longueuil) 1 au 3 juin 2024 | June 1 to 3, 2024En ligne 28\/29 mai | Online May 28\/29 Aller au programme de la conf\u00e9rence Il est encore temps de s'inscrire ! Pour vous inscrire, commencez par renouveler ou acheter votre adh\u00e9sion.Ensuite, vous recevrez un email\u2026","rel":"","context":"Article similaire","block_context":{"text":"Article similaire","link":""},"img":{"alt_text":"","src":"https:\/\/i0.wp.com\/asac.ca\/wp-content\/uploads\/2023\/11\/Main-ASAC-2024-website-banner-2000-567.jpg?resize=350%2C200&ssl=1","width":350,"height":200,"srcset":"https:\/\/i0.wp.com\/asac.ca\/wp-content\/uploads\/2023\/11\/Main-ASAC-2024-website-banner-2000-567.jpg?resize=350%2C200&ssl=1 1x, https:\/\/i0.wp.com\/asac.ca\/wp-content\/uploads\/2023\/11\/Main-ASAC-2024-website-banner-2000-567.jpg?resize=525%2C300&ssl=1 1.5x, https:\/\/i0.wp.com\/asac.ca\/wp-content\/uploads\/2023\/11\/Main-ASAC-2024-website-banner-2000-567.jpg?resize=700%2C400&ssl=1 2x, https:\/\/i0.wp.com\/asac.ca\/wp-content\/uploads\/2023\/11\/Main-ASAC-2024-website-banner-2000-567.jpg?resize=1050%2C600&ssl=1 3x, https:\/\/i0.wp.com\/asac.ca\/wp-content\/uploads\/2023\/11\/Main-ASAC-2024-website-banner-2000-567.jpg?resize=1400%2C800&ssl=1 4x"},"classes":[]},{"id":1423,"url":"https:\/\/asac.ca\/fr\/governance\/boardofdirectors\/","url_meta":{"origin":1442,"position":3},"title":"Conseil d&#8217;administration de l&#8217;ASAC","author":"asaccanada","date":"janvier 11, 2020","format":false,"excerpt":"Pr\u00e9sident: Shamsud ChowdhuryDalhousie UniversityCourriel: shamsud.chowdhury@dal.ca Ancien pr\u00e9sident:Trish McLarenWilfrid Laurier UniversityCourriel: pmclaren@wlu.caVice-pr\u00e9sident de la programmation: St\u00e9phane GoyetteUniversit\u00e9 de SherbrookeEmail: stephane.goyette@usherbrooke.caVice-pr\u00e9sident de la programmation \u00e9lu: Stephanie VillersUniversity of WaterlooEmail:\u00a0svillers@uwaterloo.ca Tr\u00e9sori\u00e8re: Adri van HiltenToronto Metropolitan UniversityCourriel:\u00a0adri.vanhilten@bell.netVice-pr\u00e9sident, d\u00e9veloppement des adh\u00e9sions, sensibilisation et liaison avec l'industrie: Amir Bahman RadnejadMount Royal UniversityEmail:\u00a0bradnejad@mtroyal.caVice-pr\u00e9sident, r\u00e9compenses et secr\u00e9taire:Barak AharonsonUniversity\u2026","rel":"","context":"Article similaire","block_context":{"text":"Article similaire","link":""},"img":{"alt_text":"","src":"","width":0,"height":0},"classes":[]},{"id":8190,"url":"https:\/\/asac.ca\/fr\/8190-2\/","url_meta":{"origin":1442,"position":4},"title":"H\u00e9bergement","author":"asaccanada","date":"mars 19, 2023","format":false,"excerpt":"Voici quelques options d'h\u00e9bergement pour votre s\u00e9jour \u00e0 Montr\u00e9al (Longueuil). Sandman Hotel 999 Rue de S\u00e9rigny, Montr\u00e9al, QC J4K 2T1, Canada 3 minutes \u00e0 pied du campus 180 $ + taxes Ce tarif est disponible jusqu'au 30 avril ou jusqu'\u00e0 \u00e9puisement des stocks et est valide du 30 mai au\u2026","rel":"","context":"Article similaire","block_context":{"text":"Article similaire","link":""},"img":{"alt_text":"","src":"","width":0,"height":0},"classes":[]},{"id":1446,"url":"https:\/\/asac.ca\/fr\/membership\/asacawards\/","url_meta":{"origin":1442,"position":5},"title":"Prix et subventions","author":"asaccanada","date":"janvier 11, 2020","format":false,"excerpt":"Prix de recherche des anciens pr\u00e9sidents Le prix de recherche du pr\u00e9sident sortant soutient un membre du corps professoral canadien \u00e0 temps plein pour des activit\u00e9s de recherche. En plus du prix de 5\u2009000\u00a0$, la ou le r\u00e9cipiendaire re\u00e7oit \u00e9galement un abonnement gratuit et les frais de conf\u00e9rence de l\u2019ASAC\u2026","rel":"","context":"Article similaire","block_context":{"text":"Article similaire","link":""},"img":{"alt_text":"","src":"","width":0,"height":0},"classes":[]}],"amp_enabled":true,"_links":{"self":[{"href":"https:\/\/asac.ca\/fr\/wp-json\/wp\/v2\/pages\/1442","targetHints":{"allow":["GET"]}}],"collection":[{"href":"https:\/\/asac.ca\/fr\/wp-json\/wp\/v2\/pages"}],"about":[{"href":"https:\/\/asac.ca\/fr\/wp-json\/wp\/v2\/types\/page"}],"author":[{"embeddable":true,"href":"https:\/\/asac.ca\/fr\/wp-json\/wp\/v2\/users\/88652768"}],"replies":[{"embeddable":true,"href":"https:\/\/asac.ca\/fr\/wp-json\/wp\/v2\/comments?post=1442"}],"version-history":[{"count":2,"href":"https:\/\/asac.ca\/fr\/wp-json\/wp\/v2\/pages\/1442\/revisions"}],"predecessor-version":[{"id":2364,"href":"https:\/\/asac.ca\/fr\/wp-json\/wp\/v2\/pages\/1442\/revisions\/2364"}],"wp:attachment":[{"href":"https:\/\/asac.ca\/fr\/wp-json\/wp\/v2\/media?parent=1442"}],"curies":[{"name":"wp","href":"https:\/\/api.w.org\/{rel}","templated":true}]}}