{"id":1447,"date":"2020-01-11T02:17:14","date_gmt":"2020-01-11T07:17:14","guid":{"rendered":"https:\/\/asac.ca\/membership\/benefitsofmembership\/"},"modified":"2022-02-28T16:11:12","modified_gmt":"2022-02-28T21:11:12","slug":"benefitsofmembership","status":"publish","type":"page","link":"https:\/\/asac.ca\/fr\/membership\/benefitsofmembership\/","title":{"rendered":"Avantages des membres"},"content":{"rendered":"<p class=\"wp-block-paragraph\" style=\"font-size: 28px;\">Bonnes raisons pour devenir membre de l\u2019Association des sciences administratives du Canada (ASAC):<\/p>\r\n\r\n\r\n\r\n<h4 class=\"wp-block-heading\"><strong>Revue canadienne des sciences de l&#8217;administration<\/strong><\/h4>\r\n\r\n\r\n\r\n<p class=\"wp-block-paragraph\">Les membres de l&#8217;ASAC sont abonn\u00e9s \u00e0 la plus importante revue de recherche universitaire en administration au Canada. La RCSA est une revue trimestrielle qui publie, apr\u00e8s \u00e9valuation, les meilleurs articles dans tous les domaines de la gestion. La revue offre \u00e9galement des num\u00e9ros sp\u00e9ciaux sur des aspects divers des sciences de l&#8217;administration.<\/p>\r\n\r\n\r\n\r\n<h4 class=\"wp-block-heading\"><strong>Congr\u00e8s annuel de l&#8217;ASAC<\/strong><\/h4>\r\n\r\n\r\n\r\n<p class=\"wp-block-paragraph\">Le congr\u00e8s annuel de l&#8217;ASAC est tr\u00e8s couru et attire des centaines de chercheurs en administration venant du Canada et d&#8217;une douzaine d&#8217;autres pays. Pendant le congr\u00e8s, les meilleurs articles et symposiums sont pr\u00e9sent\u00e9s dans vingt divisions. Des prix y sont d\u00e9cern\u00e9s pour les meilleures communications et plusieurs activit\u00e9s sont organis\u00e9es pour faciliter le r\u00e9seautage entre les participants.<\/p>\r\n\r\n\r\n\r\n<h4 class=\"wp-block-heading\"><strong>Site Web de l&#8217;ASAC<\/strong><\/h4>\r\n\r\n\r\n\r\n<p class=\"wp-block-paragraph\">Le site Web de l&#8217;ASAC (www.asac.ca)\u00a0affiche r\u00e9guli\u00e8rement des offres d&#8217;emploi des \u00e9coles d&#8217;administration canadiennes; affiche des appels \u00e0 communication pour des congr\u00e8s locaux, nationaux et internationaux et; offre l&#8217;opportunit\u00e9 de discuter et de d\u00e9battre de sujets avec des coll\u00e8gues.<\/p>\r\n\r\n\r\n\r\n<h4 class=\"wp-block-heading\"><strong>D\u00e9couvrir le Canada<\/strong><\/h4>\r\n\r\n\r\n\r\n<p class=\"wp-block-paragraph\">Chaque ann\u00e9e, le congr\u00e8s de l&#8217;ASAC se tient dans une ville canadienne diff\u00e9rente et des activit\u00e9s sont organis\u00e9es pour que les participants d\u00e9couvrent la richesse et la diversit\u00e9 de notre pays.<\/p>\r\n<p>&nbsp;<\/p>","protected":false},"excerpt":{"rendered":"<p>Bonnes raisons pour devenir membre de l\u2019Association des sciences administratives du Canada (ASAC): Revue canadienne des sciences de l&#8217;administration Les membres de l&#8217;ASAC sont abonn\u00e9s \u00e0 la plus importante revue [&hellip;]<\/p>\n","protected":false},"author":88652768,"featured_media":0,"parent":1442,"menu_order":0,"comment_status":"closed","ping_status":"closed","template":"","meta":{"_bbp_topic_count":0,"_bbp_reply_count":0,"_bbp_total_topic_count":0,"_bbp_total_reply_count":0,"_bbp_voice_count":0,"_bbp_anonymous_reply_count":0,"_bbp_topic_count_hidden":0,"_bbp_reply_count_hidden":0,"_bbp_forum_subforum_count":0,"_coblocks_attr":"","_coblocks_dimensions":"","_coblocks_responsive_height":"","_coblocks_accordion_ie_support":"","_crdt_document":"","_genesis_hide_title":false,"_genesis_hide_breadcrumbs":false,"_genesis_hide_singular_image":false,"_genesis_hide_footer_widgets":false,"_genesis_custom_body_class":"","_genesis_custom_post_class":"","_genesis_layout":"","jetpack_post_was_ever_published":false,"footnotes":""},"class_list":["post-1447","page","type-page","status-publish","entry"],"jetpack_likes_enabled":false,"jetpack_sharing_enabled":true,"jetpack_shortlink":"https:\/\/wp.me\/P6jvYC-nl","jetpack-related-posts":[{"id":2036,"url":"https:\/\/asac.ca\/fr\/rejoindre\/","url_meta":{"origin":1447,"position":0},"title":"Rejoindre l&#8217;ASAC","author":"asaccanada","date":"f\u00e9vrier 7, 2020","format":false,"excerpt":"En adh\u00e9rant \u00e0 l'Association canadienne des sciences administratives (ASAC), vous aurez acc\u00e8s \u00e0 un r\u00e9seau d'universitaires en commerce \u00e0 l'\u00e9chelle du Canada et au-del\u00e0 dans une vari\u00e9t\u00e9 de disciplines commerciales et de gestion. Notre communaut\u00e9 est compos\u00e9e d'un large \u00e9ventail de divisions qui offrent aux membres de l'ASAC un lien\u2026","rel":"","context":"Article similaire","block_context":{"text":"Article similaire","link":""},"img":{"alt_text":"","src":"","width":0,"height":0},"classes":[]},{"id":2023,"url":"https:\/\/asac.ca\/fr\/membres-seulement\/","url_meta":{"origin":1447,"position":1},"title":"Membres seulement","author":"asaccanada","date":"f\u00e9vrier 7, 2020","format":false,"excerpt":"En tant que membre de l'ASAC, vous avez acc\u00e8s aux num\u00e9ros de la Revue canadienne des sciences administratives et aux actes de congr\u00e8s.","rel":"","context":"Article similaire","block_context":{"text":"Article similaire","link":""},"img":{"alt_text":"","src":"","width":0,"height":0},"classes":[]},{"id":1444,"url":"https:\/\/asac.ca\/fr\/membership\/asacfellows\/","url_meta":{"origin":1447,"position":2},"title":"Fellows de l&#8217;ASAC","author":"asaccanada","date":"janvier 11, 2020","format":false,"excerpt":"L\u2019ASAC est heureuse de vous annoncer la cr\u00e9ation de son programme \u00ab\u00a0Fellows de l\u2019ASAC\u00a0\u00bb, une initiative de r\u00e9seautage et de mentorat destin\u00e9e \u00e0 mettre en valeur et \u00e0 favoriser l\u2019engagement des universitaires canadiens distingu\u00e9s aupr\u00e8s de jeunes chercheurs, sp\u00e9cialement les doctorants, en soutenant ces derniers dans le d\u00e9veloppement de leur\u2026","rel":"","context":"Article similaire","block_context":{"text":"Article similaire","link":""},"img":{"alt_text":"","src":"","width":0,"height":0},"classes":[]},{"id":1433,"url":"https:\/\/asac.ca\/fr\/governance\/rolesoftheboardofdirectors\/","url_meta":{"origin":1447,"position":3},"title":"R\u00f4les des membres du conseil d&#8217;administration","author":"asaccanada","date":"janvier 11, 2020","format":false,"excerpt":"Pr\u00e9sident Le pr\u00e9sident de l'ASAC est \u00e9lu par et parmi les membres pour un mandat de deux ans. Le pr\u00e9sident pr\u00e9side le conseil d'administration, joue un r\u00f4le de leadership dans le d\u00e9veloppement et la gestion de l'ASAC, supervise le travail du r\u00e9dacteur en chef de CJAS et des membres du\u2026","rel":"","context":"Article similaire","block_context":{"text":"Article similaire","link":""},"img":{"alt_text":"","src":"","width":0,"height":0},"classes":[]},{"id":1577,"url":"https:\/\/asac.ca\/fr\/membership\/asacawards\/asacawardsudayanrege\/","url_meta":{"origin":1447,"position":4},"title":"Prix Udayan Rege de la meilleure dissertation","author":"asaccanada","date":"janvier 25, 2020","format":false,"excerpt":"L\u2019ASAC est heureuse d\u2019annoncer le prix de la meilleure th\u00e8se Udayan Rege. Ce prix est d\u00e9cern\u00e9 tous les deux ans pour la meilleure th\u00e8se de doctorat canadienne en sciences administratives. Le prix est constitu\u00e9 d\u2019une plaque et d\u2019un montant de 1\u2009000\u00a0$. Ce prix est remis \u00e0 la m\u00e9moire du docteur\u2026","rel":"","context":"Article similaire","block_context":{"text":"Article similaire","link":""},"img":{"alt_text":"","src":"","width":0,"height":0},"classes":[]},{"id":1427,"url":"https:\/\/asac.ca\/fr\/governance\/privacypolicy\/","url_meta":{"origin":1447,"position":5},"title":"Politique de confidentialit\u00e9","author":"asaccanada","date":"janvier 11, 2020","format":false,"excerpt":"D\u00e9claration de confidentialit\u00e9 de l\u2019Association des sciences administratives du Canada (ASAC) L\u2019ASAC recueille uniquement des informations personnelles identifiables sur les individus quand ces derniers fournissent sp\u00e9cifiquement et explicitement ces informations sur une base volontaire durant le processus d\u2019adh\u00e9sion \u00e0 l\u2019ASAC ou lors de la cr\u00e9ation d\u2019un compte sur ScholarOne, le\u2026","rel":"","context":"Article similaire","block_context":{"text":"Article similaire","link":""},"img":{"alt_text":"","src":"","width":0,"height":0},"classes":[]}],"amp_enabled":true,"_links":{"self":[{"href":"https:\/\/asac.ca\/fr\/wp-json\/wp\/v2\/pages\/1447","targetHints":{"allow":["GET"]}}],"collection":[{"href":"https:\/\/asac.ca\/fr\/wp-json\/wp\/v2\/pages"}],"about":[{"href":"https:\/\/asac.ca\/fr\/wp-json\/wp\/v2\/types\/page"}],"author":[{"embeddable":true,"href":"https:\/\/asac.ca\/fr\/wp-json\/wp\/v2\/users\/88652768"}],"replies":[{"embeddable":true,"href":"https:\/\/asac.ca\/fr\/wp-json\/wp\/v2\/comments?post=1447"}],"version-history":[{"count":7,"href":"https:\/\/asac.ca\/fr\/wp-json\/wp\/v2\/pages\/1447\/revisions"}],"predecessor-version":[{"id":6596,"href":"https:\/\/asac.ca\/fr\/wp-json\/wp\/v2\/pages\/1447\/revisions\/6596"}],"up":[{"embeddable":true,"href":"https:\/\/asac.ca\/fr\/wp-json\/wp\/v2\/pages\/1442"}],"wp:attachment":[{"href":"https:\/\/asac.ca\/fr\/wp-json\/wp\/v2\/media?parent=1447"}],"curies":[{"name":"wp","href":"https:\/\/api.w.org\/{rel}","templated":true}]}}