{"id":1449,"date":"2020-01-11T02:16:39","date_gmt":"2020-01-11T07:16:39","guid":{"rendered":"https:\/\/asac.ca\/membership\/joinasac\/"},"modified":"2026-02-17T14:36:42","modified_gmt":"2026-02-17T19:36:42","slug":"joinasac","status":"publish","type":"page","link":"https:\/\/asac.ca\/fr\/membership\/joinasac\/","title":{"rendered":"Devenir membre de l&#8217;ASAC"},"content":{"rendered":"<p class=\"wp-block-paragraph\">Il existe deux cat\u00e9gories de membres:<\/p>\n\n\n\n<ul class=\"wp-block-list\">\n<li>Membre r\u00e9gulier\n<ul class=\"wp-block-list\">\n<li>1 an: 150 $<\/li>\n<\/ul>\n<\/li>\n\n\n\n<li>\u00c9tudiant \/ Professeur retrait\u00e9\n<ul class=\"wp-block-list\">\n<li>1 an:  75 $<\/li>\n<\/ul>\n<\/li>\n<\/ul>\n\n\n\n<p class=\"wp-block-paragraph\"><strong>La dur\u00e9e de l&#8217;adh\u00e9sion est du 2 mars au 1er mars.<\/strong><\/p>\n\n\n\n<p class=\"wp-block-paragraph\">Si vous avez des questions, veuillez contacter <a href=\"mailto:%20info@asac.ca\">info@asac.ca<\/a><\/p>\n\n\n\n<p class=\"has-text-align-center wp-block-paragraph\" style=\"font-size:60px\"><strong><a href=\"https:\/\/www.xcdsystem.com\/asac\/store\/index.cfm?ID=CFDhvI6\" target=\"_blank\" rel=\"noreferrer noopener\">Rejoignez l&#8217;ASAC maintenant<\/a><\/strong><\/p>\n\n\n\n<pre id=\"tw-target-text\" class=\"wp-block-preformatted\"><\/pre>\n\n\n\n<p class=\"wp-block-paragraph\"><\/p>","protected":false},"excerpt":{"rendered":"<p>Il existe deux cat\u00e9gories de membres: La dur\u00e9e de l&#8217;adh\u00e9sion est du 2 mars au 1er mars. Si vous avez des questions, veuillez contacter info@asac.ca Rejoignez l&#8217;ASAC maintenant<\/p>","protected":false},"author":88652768,"featured_media":0,"parent":1442,"menu_order":0,"comment_status":"closed","ping_status":"closed","template":"","meta":{"_bbp_topic_count":0,"_bbp_reply_count":0,"_bbp_total_topic_count":0,"_bbp_total_reply_count":0,"_bbp_voice_count":0,"_bbp_anonymous_reply_count":0,"_bbp_topic_count_hidden":0,"_bbp_reply_count_hidden":0,"_bbp_forum_subforum_count":0,"_coblocks_attr":"","_coblocks_dimensions":"","_coblocks_responsive_height":"","_coblocks_accordion_ie_support":"","_crdt_document":"","_genesis_hide_title":false,"_genesis_hide_breadcrumbs":false,"_genesis_hide_singular_image":false,"_genesis_hide_footer_widgets":false,"_genesis_custom_body_class":"","_genesis_custom_post_class":"","_genesis_layout":"","jetpack_post_was_ever_published":false,"footnotes":""},"class_list":["post-1449","page","type-page","status-publish","entry"],"jetpack_likes_enabled":false,"jetpack_sharing_enabled":true,"jetpack_shortlink":"https:\/\/wp.me\/P6jvYC-nn","jetpack-related-posts":[{"id":1426,"url":"https:\/\/asac.ca\/fr\/governance\/nominationselections\/","url_meta":{"origin":1449,"position":0},"title":"Nominations et \u00e9lections","author":"asaccanada","date":"janvier 11, 2020","format":false,"excerpt":"\u00c9lection des membres du conseil d'administration Avant le 1er\u00a0f\u00e9vrier de l'ann\u00e9e \u00e9lectorale, le comit\u00e9 des candidatures, compos\u00e9 du pr\u00e9sident et de l'ancien pr\u00e9sident, envoie \u00e0 tous les membres des appels \u00e0 candidatures pour tous les postes \u00e0 pourvoir, incluant : les vice-pr\u00e9sidents, le secr\u00e9taire et responsable de l'information, le tr\u00e9sorier\u2026","rel":"","context":"Article similaire","block_context":{"text":"Article similaire","link":""},"img":{"alt_text":"","src":"","width":0,"height":0},"classes":[]},{"id":2023,"url":"https:\/\/asac.ca\/fr\/membres-seulement\/","url_meta":{"origin":1449,"position":1},"title":"Membres seulement","author":"asaccanada","date":"f\u00e9vrier 7, 2020","format":false,"excerpt":"En tant que membre de l'ASAC, vous avez acc\u00e8s aux num\u00e9ros de la Revue canadienne des sciences administratives et aux actes de congr\u00e8s.","rel":"","context":"Article similaire","block_context":{"text":"Article similaire","link":""},"img":{"alt_text":"","src":"","width":0,"height":0},"classes":[]},{"id":1433,"url":"https:\/\/asac.ca\/fr\/governance\/rolesoftheboardofdirectors\/","url_meta":{"origin":1449,"position":2},"title":"R\u00f4les des membres du conseil d&#8217;administration","author":"asaccanada","date":"janvier 11, 2020","format":false,"excerpt":"Pr\u00e9sident Le pr\u00e9sident de l'ASAC est \u00e9lu par et parmi les membres pour un mandat de deux ans. Le pr\u00e9sident pr\u00e9side le conseil d'administration, joue un r\u00f4le de leadership dans le d\u00e9veloppement et la gestion de l'ASAC, supervise le travail du r\u00e9dacteur en chef de CJAS et des membres du\u2026","rel":"","context":"Article similaire","block_context":{"text":"Article similaire","link":""},"img":{"alt_text":"","src":"","width":0,"height":0},"classes":[]},{"id":1395,"url":"https:\/\/asac.ca\/fr\/missionstrategies\/","url_meta":{"origin":1449,"position":3},"title":"Mission et strat\u00e9gies","author":"asaccanada","date":"janvier 11, 2020","format":false,"excerpt":"La mission de l'ASAC est de promouvoir la recherche, l'enseignement et la pratique dans le domaine des sciences administratives au Canada, en permettant l'acc\u00e8s \u00e0 une communaut\u00e9 coll\u00e9giale, solidaire et vivante afin d'avoir des \u00e9changes rigoureux d'id\u00e9es dans nos deux langues officielles. Nous fortifions \u00e9galement notre communaut\u00e9 en offrant du\u2026","rel":"","context":"Article similaire","block_context":{"text":"Article similaire","link":""},"img":{"alt_text":"","src":"","width":0,"height":0},"classes":[]},{"id":1392,"url":"https:\/\/asac.ca\/fr\/codeofethics\/","url_meta":{"origin":1449,"position":4},"title":"Code d&#8217;\u00e9thique","author":"asaccanada","date":"janvier 11, 2020","format":false,"excerpt":"Ce code d'\u00e9thique pr\u00e9sente les normes \u00e0 respecter par tous les auteurs qui soumettent des propositions de recherche et les normes \u00e0 respecter par la collectivit\u00e9 de l'ASAC dans son ensemble.\r \r Normes pour les propositions scientifiques.1 Articles:\u00a0Il revient aux membres de l'ASAC menant des recherches d'organiser, de mettre en\u2026","rel":"","context":"Article similaire","block_context":{"text":"Article similaire","link":""},"img":{"alt_text":"","src":"","width":0,"height":0},"classes":[]},{"id":2036,"url":"https:\/\/asac.ca\/fr\/rejoindre\/","url_meta":{"origin":1449,"position":5},"title":"Rejoindre l&#8217;ASAC","author":"asaccanada","date":"f\u00e9vrier 7, 2020","format":false,"excerpt":"En adh\u00e9rant \u00e0 l'Association canadienne des sciences administratives (ASAC), vous aurez acc\u00e8s \u00e0 un r\u00e9seau d'universitaires en commerce \u00e0 l'\u00e9chelle du Canada et au-del\u00e0 dans une vari\u00e9t\u00e9 de disciplines commerciales et de gestion. Notre communaut\u00e9 est compos\u00e9e d'un large \u00e9ventail de divisions qui offrent aux membres de l'ASAC un lien\u2026","rel":"","context":"Article similaire","block_context":{"text":"Article similaire","link":""},"img":{"alt_text":"","src":"","width":0,"height":0},"classes":[]}],"amp_enabled":true,"_links":{"self":[{"href":"https:\/\/asac.ca\/fr\/wp-json\/wp\/v2\/pages\/1449","targetHints":{"allow":["GET"]}}],"collection":[{"href":"https:\/\/asac.ca\/fr\/wp-json\/wp\/v2\/pages"}],"about":[{"href":"https:\/\/asac.ca\/fr\/wp-json\/wp\/v2\/types\/page"}],"author":[{"embeddable":true,"href":"https:\/\/asac.ca\/fr\/wp-json\/wp\/v2\/users\/88652768"}],"replies":[{"embeddable":true,"href":"https:\/\/asac.ca\/fr\/wp-json\/wp\/v2\/comments?post=1449"}],"version-history":[{"count":12,"href":"https:\/\/asac.ca\/fr\/wp-json\/wp\/v2\/pages\/1449\/revisions"}],"predecessor-version":[{"id":21725,"href":"https:\/\/asac.ca\/fr\/wp-json\/wp\/v2\/pages\/1449\/revisions\/21725"}],"up":[{"embeddable":true,"href":"https:\/\/asac.ca\/fr\/wp-json\/wp\/v2\/pages\/1442"}],"wp:attachment":[{"href":"https:\/\/asac.ca\/fr\/wp-json\/wp\/v2\/media?parent=1449"}],"curies":[{"name":"wp","href":"https:\/\/api.w.org\/{rel}","templated":true}]}}