{"id":2023,"date":"2020-02-07T23:34:47","date_gmt":"2020-02-08T04:34:47","guid":{"rendered":"https:\/\/asac.ca\/membres-seulement\/"},"modified":"2025-04-05T00:40:46","modified_gmt":"2025-04-05T04:40:46","slug":"membres-seulement","status":"publish","type":"page","link":"https:\/\/asac.ca\/fr\/membres-seulement\/","title":{"rendered":"Membres seulement"},"content":{"rendered":"<p class=\"wp-block-paragraph\"><\/p>\n\n\n\n<p class=\"wp-block-paragraph\">En tant que membre de l&#8217;ASAC, vous avez acc\u00e8s aux num\u00e9ros de la <a href=\"https:\/\/www.dropbox.com\/sh\/de6gbm4r9kubda0\/AABBH72i8zFyJdz7dzo6rYoda?dl=0\">Revue canadienne des sciences<\/a> administratives et aux <a href=\"https:\/\/www.dropbox.com\/sh\/de6gbm4r9kubda0\/AABBH72i8zFyJdz7dzo6rYoda?dl=0\">actes de congr\u00e8s<\/a>.<\/p>","protected":false},"excerpt":{"rendered":"<p>En tant que membre de l&#8217;ASAC, vous avez acc\u00e8s aux num\u00e9ros de la Revue canadienne des sciences administratives et aux actes de congr\u00e8s.<\/p>","protected":false},"author":88652768,"featured_media":0,"parent":0,"menu_order":0,"comment_status":"closed","ping_status":"closed","template":"","meta":{"_bbp_topic_count":0,"_bbp_reply_count":0,"_bbp_total_topic_count":0,"_bbp_total_reply_count":0,"_bbp_voice_count":0,"_bbp_anonymous_reply_count":0,"_bbp_topic_count_hidden":0,"_bbp_reply_count_hidden":0,"_bbp_forum_subforum_count":0,"_coblocks_attr":"","_coblocks_dimensions":"","_coblocks_responsive_height":"","_coblocks_accordion_ie_support":"","_crdt_document":"","_genesis_hide_title":false,"_genesis_hide_breadcrumbs":false,"_genesis_hide_singular_image":false,"_genesis_hide_footer_widgets":false,"_genesis_custom_body_class":"","_genesis_custom_post_class":"","_genesis_layout":"","footnotes":""},"class_list":["post-2023","page","type-page","status-publish","entry"],"jetpack_likes_enabled":false,"jetpack_sharing_enabled":true,"jetpack_shortlink":"https:\/\/wp.me\/P6jvYC-wD","jetpack-related-posts":[{"id":1433,"url":"https:\/\/asac.ca\/fr\/governance\/rolesoftheboardofdirectors\/","url_meta":{"origin":2023,"position":0},"title":"R\u00f4les des membres du conseil d&#8217;administration","author":"asaccanada","date":"janvier 11, 2020","format":false,"excerpt":"Pr\u00e9sident Le pr\u00e9sident de l'ASAC est \u00e9lu par et parmi les membres pour un mandat de deux ans. Le pr\u00e9sident pr\u00e9side le conseil d'administration, joue un r\u00f4le de leadership dans le d\u00e9veloppement et la gestion de l'ASAC, supervise le travail du r\u00e9dacteur en chef de CJAS et des membres du\u2026","rel":"","context":"Article similaire","block_context":{"text":"Article similaire","link":""},"img":{"alt_text":"","src":"","width":0,"height":0},"classes":[]},{"id":1426,"url":"https:\/\/asac.ca\/fr\/governance\/nominationselections\/","url_meta":{"origin":2023,"position":1},"title":"Nominations et \u00e9lections","author":"asaccanada","date":"janvier 11, 2020","format":false,"excerpt":"\u00c9lection des membres du conseil d'administration Avant le 1er\u00a0f\u00e9vrier de l'ann\u00e9e \u00e9lectorale, le comit\u00e9 des candidatures, compos\u00e9 du pr\u00e9sident et de l'ancien pr\u00e9sident, envoie \u00e0 tous les membres des appels \u00e0 candidatures pour tous les postes \u00e0 pourvoir, incluant : les vice-pr\u00e9sidents, le secr\u00e9taire et responsable de l'information, le tr\u00e9sorier\u2026","rel":"","context":"Article similaire","block_context":{"text":"Article similaire","link":""},"img":{"alt_text":"","src":"","width":0,"height":0},"classes":[]},{"id":1435,"url":"https:\/\/asac.ca\/fr\/job-postings\/about\/","url_meta":{"origin":2023,"position":2},"title":"Publier une offre","author":"asaccanada","date":"juin 8, 2015","format":false,"excerpt":"Il s'agit d'un service gratuit de l'ASAC, reliant ses membres aux opportunit\u00e9s d'emploi. Veuillez soumettre toute publication en utilisant le formulaire ci-dessous. Si vous avez des questions, veuillez contacter: job.postings@asac.ca.","rel":"","context":"Article similaire","block_context":{"text":"Article similaire","link":""},"img":{"alt_text":"","src":"","width":0,"height":0},"classes":[]},{"id":1419,"url":"https:\/\/asac.ca\/fr\/divisions\/divisionalpositiondescriptions\/","url_meta":{"origin":2023,"position":3},"title":"Description des postes divisionnaires","author":"asaccanada","date":"janvier 11, 2020","format":false,"excerpt":"Pr\u00e9sident divisionnaire Les principales responsabilit\u00e9s inh\u00e9rentes \u00e0 ce poste sont de soutenir les autres officiers divisionnaires dans leurs fonctions; d'effectuer les t\u00e2ches li\u00e9es \u00e0 la proposition d'un conf\u00e9rencier pour la division (si d\u00e9sir\u00e9); et d'assister aux r\u00e9unions et aux \u00e9v\u00e9nements de l'ASAC. Les t\u00e2ches sp\u00e9cifiques incluent : R\u00e9viser, dans le\u2026","rel":"","context":"Article similaire","block_context":{"text":"Article similaire","link":""},"img":{"alt_text":"","src":"","width":0,"height":0},"classes":[]},{"id":1392,"url":"https:\/\/asac.ca\/fr\/codeofethics\/","url_meta":{"origin":2023,"position":4},"title":"Code d&#8217;\u00e9thique","author":"asaccanada","date":"janvier 11, 2020","format":false,"excerpt":"Ce code d'\u00e9thique pr\u00e9sente les normes \u00e0 respecter par tous les auteurs qui soumettent des propositions de recherche et les normes \u00e0 respecter par la collectivit\u00e9 de l'ASAC dans son ensemble.\r \r Normes pour les propositions scientifiques.1 Articles:\u00a0Il revient aux membres de l'ASAC menant des recherches d'organiser, de mettre en\u2026","rel":"","context":"Article similaire","block_context":{"text":"Article similaire","link":""},"img":{"alt_text":"","src":"","width":0,"height":0},"classes":[]},{"id":4839,"url":"https:\/\/asac.ca\/divisional-officers-survival-guide\/sg-document-and-template-library\/","url_meta":{"origin":2023,"position":5},"title":"Survival Guide: Document and template Library","author":"asaccanada","date":"novembre 23, 2020","format":false,"excerpt":"EMAILS\/ COURRIEL Please note that some of the templates below contain dates and information that will need to be updated before being sent out. Be sure to check that all dates and information you are sending out is accurate. Email call for reviewers\/ Courriel d'appel divisionnaire g\u00e9n\u00e9rique aux examinateurs Reminder\u2026","rel":"","context":"Article similaire","block_context":{"text":"Article similaire","link":""},"img":{"alt_text":"","src":"","width":0,"height":0},"classes":[]}],"amp_enabled":true,"_links":{"self":[{"href":"https:\/\/asac.ca\/fr\/wp-json\/wp\/v2\/pages\/2023","targetHints":{"allow":["GET"]}}],"collection":[{"href":"https:\/\/asac.ca\/fr\/wp-json\/wp\/v2\/pages"}],"about":[{"href":"https:\/\/asac.ca\/fr\/wp-json\/wp\/v2\/types\/page"}],"author":[{"embeddable":true,"href":"https:\/\/asac.ca\/fr\/wp-json\/wp\/v2\/users\/88652768"}],"replies":[{"embeddable":true,"href":"https:\/\/asac.ca\/fr\/wp-json\/wp\/v2\/comments?post=2023"}],"version-history":[{"count":8,"href":"https:\/\/asac.ca\/fr\/wp-json\/wp\/v2\/pages\/2023\/revisions"}],"predecessor-version":[{"id":18128,"href":"https:\/\/asac.ca\/fr\/wp-json\/wp\/v2\/pages\/2023\/revisions\/18128"}],"wp:attachment":[{"href":"https:\/\/asac.ca\/fr\/wp-json\/wp\/v2\/media?parent=2023"}],"curies":[{"name":"wp","href":"https:\/\/api.w.org\/{rel}","templated":true}]}}