{"id":2036,"date":"2020-02-07T23:53:04","date_gmt":"2020-02-08T04:53:04","guid":{"rendered":"https:\/\/asac.ca\/inscription-des-membres\/"},"modified":"2025-02-03T18:37:45","modified_gmt":"2025-02-03T23:37:45","slug":"rejoindre","status":"publish","type":"page","link":"https:\/\/asac.ca\/fr\/rejoindre\/","title":{"rendered":"Rejoindre l&#8217;ASAC"},"content":{"rendered":"<p class=\"wp-block-paragraph\">En adh\u00e9rant \u00e0 l&#8217;Association canadienne des sciences administratives (ASAC), vous aurez acc\u00e8s \u00e0 un r\u00e9seau d&#8217;universitaires en commerce \u00e0 l&#8217;\u00e9chelle du Canada et au-del\u00e0 dans une vari\u00e9t\u00e9 de disciplines commerciales et de gestion. Notre communaut\u00e9 est compos\u00e9e d&#8217;un large \u00e9ventail de divisions qui offrent aux membres de l&#8217;ASAC un lien direct et convivial avec les leaders et les talents \u00e9mergents dans votre domaine sp\u00e9cifique et \u00e0 travers le paysage commercial.<\/p>\n\n\n\n<h4 class=\"wp-block-heading\">Conf\u00e9rence annuelle de l\u2019ASAC<\/h4>\n\n\n\n<p class=\"wp-block-paragraph\">Les membres de l\u2019ASAC ont acc\u00e8s \u00e0 notre populaire conf\u00e9rence annuelle qui attire des centaines de chercheurs en affaires de partout au Canada et d\u2019une douzaine d\u2019autres pays. La conf\u00e9rence rassemble les travaux \u00e9mergents des leaders d\u2019opinion et les opportunit\u00e9s de recherche dans votre discipline sp\u00e9cifique. Les divisions offrent des r\u00e9compenses pour les articles et les soumissions d\u2019articles sont \u00e9valu\u00e9es par des pairs.<\/p>\n\n\n\n<p class=\"wp-block-paragraph\"><strong>Pr\u00e9sentez votre propre travail<\/strong>&nbsp;\u00e0 un public plus large par le biais de votre communaut\u00e9 divisionnaire. Qu\u2019il s\u2019agisse d\u2019un article original ou d\u2019un travail en cours, cela peut \u00eatre un excellent moyen d\u2019obtenir des commentaires sur votre recherche et de pr\u00e9senter votre travail et vos id\u00e9es \u00e0 d\u2019autres personnes dans votre domaine.<\/p>\n\n\n\n<p class=\"wp-block-paragraph\"><strong>Restez \u00e0 jour et restez au courant<\/strong>&nbsp;des derni\u00e8res recherches et tendances dans votre domaine lors des sessions de division et gr\u00e2ce aux opportunit\u00e9s de conf\u00e9renciers et d\u2019ateliers \u00e0 l\u2019\u00e9chelle de la conf\u00e9rence.<\/p>\n\n\n\n<p class=\"wp-block-paragraph\"><strong>R\u00e9seautez, connectez-vous et \u00e9tablissez des relations<\/strong>&nbsp;avec d\u2019autres universitaires et professionnels du commerce dans votre domaine pour d\u00e9velopper votre propre communaut\u00e9 et vos recherches, et pour faire avancer votre carri\u00e8re.<\/p>\n\n\n\n<p class=\"wp-block-paragraph\"><strong>Collaborer avec d\u2019autres chercheurs et professionnels<\/strong>, ce qui peut mener \u00e0 de nouveaux projets de recherche et publications.<\/p>\n\n\n\n<p class=\"wp-block-paragraph\"><strong>Les ateliers de d\u00e9veloppement professionnel<\/strong>&nbsp;vous aident \u00e0 d\u00e9velopper vos comp\u00e9tences et \u00e0 vous tenir au courant des derni\u00e8res recherches et tendances.<\/p>\n\n\n\n<h4 class=\"wp-block-heading\">Revue canadienne des sciences administratives<\/h4>\n\n\n\n<p class=\"wp-block-paragraph\">Votre adh\u00e9sion \u00e0 l\u2019ASAC comprend un abonnement \u00e0 la revue de recherche commerciale savante du Canada. CJAS est une revue trimestrielle publiant des articles \u00e9valu\u00e9s de mani\u00e8re comp\u00e9titive dans tous les domaines d\u2019activit\u00e9. La revue propose \u00e9galement des num\u00e9ros sp\u00e9ciaux sur divers sujets de sciences administratives.<\/p>\n\n\n\n<h4 class=\"wp-block-heading\">Offres d\u2019emploi de l\u2019ASAC<\/h4>\n\n\n\n<p class=\"wp-block-paragraph\">Nous offrons \u00e0 nos membres des offres d\u2019emploi r\u00e9guli\u00e8res des \u00e9coles de commerce canadiennes; Appels \u00e0 communications de conf\u00e9rences locales, nationales et internationales ; et une occasion de s\u2019engager dans des commentaires et des d\u00e9bats avec des coll\u00e8gues.<\/p>\n\n\n\n<h4 class=\"wp-block-heading\">Une occasion de d\u00e9couvrir le Canada<\/h4>\n\n\n\n<p class=\"wp-block-paragraph\">Chaque ann\u00e9e, la conf\u00e9rence de l\u2019ASAC a lieu \u00e0 un endroit diff\u00e9rent au Canada et des activit\u00e9s sont organis\u00e9es pour am\u00e9liorer votre compr\u00e9hension de la diversit\u00e9 de notre pays.<\/p>\n\n\n\n<h2 class=\"wp-block-heading\"><br>Connectez-vous \u00e0 l\u2019ASAC d\u00e8s aujourd\u2019hui<\/h2>\n\n\n\n<h4 class=\"wp-block-heading\"><a href=\"https:\/\/sites.grenadine.co\/sites\/asac\/en\/membership_plans\">Inscrivez-vous ou renouvelez votre adh\u00e9sion ici<\/a><\/h4>\n\n\n\n<p class=\"wp-block-paragraph\"><\/p>\n\n\n\n<p class=\"is-style-info has-accent-background-color has-text-color has-background has-link-color wp-elements-b07414b9f1d6ea7053454a3dd03730c7 wp-block-paragraph\" style=\"color:#ffffff\"><strong>Nouveau syst\u00e8me d&#8217;adh\u00e9sion !<br><\/strong>L&#8217;ASAC migre sa base de donn\u00e9es des membres vers Grenadine, notre plateforme de conf\u00e9rence, pour mieux g\u00e9rer les adh\u00e9sions et l&#8217;int\u00e9grer \u00e0 l&#8217;inscription \u00e0 la conf\u00e9rence. Le nouveau syst\u00e8me d\u2019adh\u00e9sion est lanc\u00e9!<br><br>Toute personne ayant achet\u00e9 une adh\u00e9sion entre juin 2024 et janvier sera int\u00e9gr\u00e9e au nouveau syst\u00e8me et \u00e0 l&#8217;ann\u00e9e d&#8217;adh\u00e9sion suivante, qui commence en mars. <\/p>\n\n\n\n<h2 class=\"wp-block-heading\"><\/h2>\n\n\n\n<p class=\"wp-block-paragraph\"><\/p>","protected":false},"excerpt":{"rendered":"<p>En adh\u00e9rant \u00e0 l&#8217;Association canadienne des sciences administratives (ASAC), vous aurez acc\u00e8s \u00e0 un r\u00e9seau d&#8217;universitaires en commerce \u00e0 l&#8217;\u00e9chelle du Canada et au-del\u00e0 dans une vari\u00e9t\u00e9 de disciplines commerciales [&hellip;]<\/p>\n","protected":false},"author":88652768,"featured_media":0,"parent":0,"menu_order":0,"comment_status":"closed","ping_status":"closed","template":"","meta":{"_bbp_topic_count":0,"_bbp_reply_count":0,"_bbp_total_topic_count":0,"_bbp_total_reply_count":0,"_bbp_voice_count":0,"_bbp_anonymous_reply_count":0,"_bbp_topic_count_hidden":0,"_bbp_reply_count_hidden":0,"_bbp_forum_subforum_count":0,"_coblocks_attr":"","_coblocks_dimensions":"","_coblocks_responsive_height":"","_coblocks_accordion_ie_support":"","_crdt_document":"","_genesis_hide_title":false,"_genesis_hide_breadcrumbs":false,"_genesis_hide_singular_image":false,"_genesis_hide_footer_widgets":false,"_genesis_custom_body_class":"","_genesis_custom_post_class":"","_genesis_layout":"","footnotes":""},"class_list":["post-2036","page","type-page","status-publish","entry"],"jetpack_likes_enabled":false,"jetpack_sharing_enabled":true,"jetpack_shortlink":"https:\/\/wp.me\/P6jvYC-wQ","jetpack-related-posts":[{"id":1434,"url":"https:\/\/asac.ca\/fr\/","url_meta":{"origin":2036,"position":0},"title":"ASAC 2026 | Pens\u00e9e sans\u2026","author":"asaccanada","date":"octobre 18, 2024","format":false,"excerpt":"ASAC 2026 | Pens\u00e9e sans limites! Rejoignez-nous \u00e0 Calgary, Alberta, pour l'ASAC 2026, organis\u00e9 par la Bissett School of Business de l\u2019Universit\u00e9 Mount Royal du 22 au 25 mai. Colloque autochtone : 21 maiColloque doctoral et march\u00e9 de l\u2019emploi : 22 mai. INscrivez-vous Programme de la conf\u00e9rence commanditaires Ici, les\u2026","rel":"","context":"Article similaire","block_context":{"text":"Article similaire","link":""},"img":{"alt_text":"","src":"https:\/\/i0.wp.com\/asac.ca\/wp-content\/uploads\/2025\/11\/ASAC_logo_4.2_rework_final_Logo-4.2-C-.webp?resize=350%2C200&ssl=1","width":350,"height":200,"srcset":"https:\/\/i0.wp.com\/asac.ca\/wp-content\/uploads\/2025\/11\/ASAC_logo_4.2_rework_final_Logo-4.2-C-.webp?resize=350%2C200&ssl=1 1x, https:\/\/i0.wp.com\/asac.ca\/wp-content\/uploads\/2025\/11\/ASAC_logo_4.2_rework_final_Logo-4.2-C-.webp?resize=525%2C300&ssl=1 1.5x, https:\/\/i0.wp.com\/asac.ca\/wp-content\/uploads\/2025\/11\/ASAC_logo_4.2_rework_final_Logo-4.2-C-.webp?resize=700%2C400&ssl=1 2x, https:\/\/i0.wp.com\/asac.ca\/wp-content\/uploads\/2025\/11\/ASAC_logo_4.2_rework_final_Logo-4.2-C-.webp?resize=1050%2C600&ssl=1 3x, https:\/\/i0.wp.com\/asac.ca\/wp-content\/uploads\/2025\/11\/ASAC_logo_4.2_rework_final_Logo-4.2-C-.webp?resize=1400%2C800&ssl=1 4x"},"classes":[]},{"id":1447,"url":"https:\/\/asac.ca\/fr\/membership\/benefitsofmembership\/","url_meta":{"origin":2036,"position":1},"title":"Avantages des membres","author":"asaccanada","date":"janvier 11, 2020","format":false,"excerpt":"Bonnes raisons pour devenir membre de l\u2019Association des sciences administratives du Canada (ASAC): Revue canadienne des sciences de l'administration Les membres de l'ASAC sont abonn\u00e9s \u00e0 la plus importante revue de recherche universitaire en administration au Canada. La RCSA est une revue trimestrielle qui publie, apr\u00e8s \u00e9valuation, les meilleurs articles\u2026","rel":"","context":"Article similaire","block_context":{"text":"Article similaire","link":""},"img":{"alt_text":"","src":"","width":0,"height":0},"classes":[]},{"id":1433,"url":"https:\/\/asac.ca\/fr\/governance\/rolesoftheboardofdirectors\/","url_meta":{"origin":2036,"position":2},"title":"R\u00f4les des membres du conseil d&#8217;administration","author":"asaccanada","date":"janvier 11, 2020","format":false,"excerpt":"Pr\u00e9sident Le pr\u00e9sident de l'ASAC est \u00e9lu par et parmi les membres pour un mandat de deux ans. Le pr\u00e9sident pr\u00e9side le conseil d'administration, joue un r\u00f4le de leadership dans le d\u00e9veloppement et la gestion de l'ASAC, supervise le travail du r\u00e9dacteur en chef de CJAS et des membres du\u2026","rel":"","context":"Article similaire","block_context":{"text":"Article similaire","link":""},"img":{"alt_text":"","src":"","width":0,"height":0},"classes":[]},{"id":9555,"url":"https:\/\/asac.ca\/fr\/appel-a-communications-asac-2024\/","url_meta":{"origin":2036,"position":3},"title":"Appel \u00e0 communications ASAC 2024","author":"asaccanada","date":"octobre 21, 2023","format":false,"excerpt":"Du 1er au 3 juin 2024 | Montr\u00e9al et en ligne les 28 et 29 mai L'Association des sciences administratives du Canada (ASAC) vous invite \u00e0 soumettre un article, un travail en cours, un cas, un symposium ou une proposition d'atelier pour la conf\u00e9rence annuelle organis\u00e9e par l'Universit\u00e9 de Sherbrooke.\u2026","rel":"","context":"Article similaire","block_context":{"text":"Article similaire","link":""},"img":{"alt_text":"","src":"https:\/\/i0.wp.com\/asac.ca\/wp-content\/uploads\/2023\/10\/ASAC-2024-Logo.png?resize=350%2C200&ssl=1","width":350,"height":200,"srcset":"https:\/\/i0.wp.com\/asac.ca\/wp-content\/uploads\/2023\/10\/ASAC-2024-Logo.png?resize=350%2C200&ssl=1 1x, https:\/\/i0.wp.com\/asac.ca\/wp-content\/uploads\/2023\/10\/ASAC-2024-Logo.png?resize=525%2C300&ssl=1 1.5x, https:\/\/i0.wp.com\/asac.ca\/wp-content\/uploads\/2023\/10\/ASAC-2024-Logo.png?resize=700%2C400&ssl=1 2x, https:\/\/i0.wp.com\/asac.ca\/wp-content\/uploads\/2023\/10\/ASAC-2024-Logo.png?resize=1050%2C600&ssl=1 3x, https:\/\/i0.wp.com\/asac.ca\/wp-content\/uploads\/2023\/10\/ASAC-2024-Logo.png?resize=1400%2C800&ssl=1 4x"},"classes":[]},{"id":12355,"url":"https:\/\/asac.ca\/fr\/conference-fr\/","url_meta":{"origin":2036,"position":4},"title":"Conf\u00e9rence ASAC","author":"asaccanada","date":"octobre 19, 2024","format":false,"excerpt":"La conf\u00e9rence annuelle de l'ASAC est le principal \u00e9v\u00e9nement permettant aux universitaires en commerce au Canada de se connecter, de partager des id\u00e9es et de faire progresser leurs domaines. R\u00e9unissant des participants de partout au Canada et d\u2019ailleurs, la conf\u00e9rence favorise la collaboration et l\u2019innovation dans la recherche et l\u2019\u00e9ducation\u2026","rel":"","context":"Article similaire","block_context":{"text":"Article similaire","link":""},"img":{"alt_text":"","src":"https:\/\/i0.wp.com\/asac.ca\/wp-content\/uploads\/2026\/01\/ASAC_logo_4.2_rework.png?resize=350%2C200&ssl=1","width":350,"height":200,"srcset":"https:\/\/i0.wp.com\/asac.ca\/wp-content\/uploads\/2026\/01\/ASAC_logo_4.2_rework.png?resize=350%2C200&ssl=1 1x, https:\/\/i0.wp.com\/asac.ca\/wp-content\/uploads\/2026\/01\/ASAC_logo_4.2_rework.png?resize=525%2C300&ssl=1 1.5x, https:\/\/i0.wp.com\/asac.ca\/wp-content\/uploads\/2026\/01\/ASAC_logo_4.2_rework.png?resize=700%2C400&ssl=1 2x, https:\/\/i0.wp.com\/asac.ca\/wp-content\/uploads\/2026\/01\/ASAC_logo_4.2_rework.png?resize=1050%2C600&ssl=1 3x, https:\/\/i0.wp.com\/asac.ca\/wp-content\/uploads\/2026\/01\/ASAC_logo_4.2_rework.png?resize=1400%2C800&ssl=1 4x"},"classes":[]},{"id":1444,"url":"https:\/\/asac.ca\/fr\/membership\/asacfellows\/","url_meta":{"origin":2036,"position":5},"title":"Fellows de l&#8217;ASAC","author":"asaccanada","date":"janvier 11, 2020","format":false,"excerpt":"L\u2019ASAC est heureuse de vous annoncer la cr\u00e9ation de son programme \u00ab\u00a0Fellows de l\u2019ASAC\u00a0\u00bb, une initiative de r\u00e9seautage et de mentorat destin\u00e9e \u00e0 mettre en valeur et \u00e0 favoriser l\u2019engagement des universitaires canadiens distingu\u00e9s aupr\u00e8s de jeunes chercheurs, sp\u00e9cialement les doctorants, en soutenant ces derniers dans le d\u00e9veloppement de leur\u2026","rel":"","context":"Article similaire","block_context":{"text":"Article similaire","link":""},"img":{"alt_text":"","src":"","width":0,"height":0},"classes":[]}],"amp_enabled":true,"_links":{"self":[{"href":"https:\/\/asac.ca\/fr\/wp-json\/wp\/v2\/pages\/2036","targetHints":{"allow":["GET"]}}],"collection":[{"href":"https:\/\/asac.ca\/fr\/wp-json\/wp\/v2\/pages"}],"about":[{"href":"https:\/\/asac.ca\/fr\/wp-json\/wp\/v2\/types\/page"}],"author":[{"embeddable":true,"href":"https:\/\/asac.ca\/fr\/wp-json\/wp\/v2\/users\/88652768"}],"replies":[{"embeddable":true,"href":"https:\/\/asac.ca\/fr\/wp-json\/wp\/v2\/comments?post=2036"}],"version-history":[{"count":8,"href":"https:\/\/asac.ca\/fr\/wp-json\/wp\/v2\/pages\/2036\/revisions"}],"predecessor-version":[{"id":17900,"href":"https:\/\/asac.ca\/fr\/wp-json\/wp\/v2\/pages\/2036\/revisions\/17900"}],"wp:attachment":[{"href":"https:\/\/asac.ca\/fr\/wp-json\/wp\/v2\/media?parent=2036"}],"curies":[{"name":"wp","href":"https:\/\/api.w.org\/{rel}","templated":true}]}}