{"id":2764,"date":"2020-06-04T19:25:27","date_gmt":"2020-06-04T23:25:27","guid":{"rendered":"https:\/\/asac.ca\/program-overview\/"},"modified":"2022-06-07T09:25:57","modified_gmt":"2022-06-07T13:25:57","slug":"program-overview","status":"publish","type":"page","link":"https:\/\/asac.ca\/fr\/conferences\/congres-2022\/program-overview\/","title":{"rendered":"R\u00e9sum\u00e9 du programme"},"content":{"rendered":"<p>* toutes les heures \u00e0 l&#8217;heure de l&#8217;atlantique<\/p>\n<p><a href=\"https:\/\/asac.ca\/wp-content\/uploads\/2022\/06\/Final-Program-ASAC-2022-June-7.pdf\">Final Program ASAC 2022 &#8211; June 7<\/a><\/p>\n<p>&nbsp;<\/p>\n<h4>SAMEDI 4 JUIN<\/h4>\n<table class=\"responsive-table\">\n<tbody>\n<tr>\n<td width=\"160\"><strong>9h00 \u2013 17h15<\/strong><\/td>\n<td width=\"460\"><strong><a href=\"https:\/\/asac.ca\/wp-content\/uploads\/2022\/05\/ASAC-DC-Agenda-May-24.pdf\">Consortium doctoral<\/a> (hybride)<\/strong><\/td>\n<\/tr>\n<tr>\n<td width=\"160\"><strong>9h00 \u2013 17h15<\/strong><\/td>\n<td width=\"460\"><strong>\u00c9tudes de cas (hybrid partiel)<\/strong><\/td>\n<\/tr>\n<tr>\n<td width=\"160\"><strong>9h00 \u2013 17h15<\/strong><\/td>\n<td width=\"460\">\n<p id=\"gmail-tw-target-text\" class=\"gmail-tw-data-text gmail-tw-text-large gmail-tw-ta\" dir=\"ltr\"><strong><span class=\"gmail-Y2IQFc\" lang=\"fr\"><span style=\"color: #000000;\">Ateliers de d\u00e9veloppement professionnel (en personne)<\/span><\/span><\/strong><\/p>\n<\/td>\n<\/tr>\n<tr>\n<td width=\"160\"><strong>17h30 \u2013 19h00\u00a0<\/strong><\/td>\n<td width=\"460\"><strong>Mots de bienvenue (en personne)<\/strong><\/td>\n<\/tr>\n<\/tbody>\n<\/table>\n<h4>DIMANCHE 5 JUIN<\/h4>\n<table class=\"responsive-table\">\n<tbody>\n<tr>\n<td width=\"151\"><strong>9h00 \u2013 17h15<\/strong><\/td>\n<td width=\"472\"><strong>Programme<\/strong><strong> divisionnaire (en personne)<\/strong><\/td>\n<\/tr>\n<tr>\n<td width=\"151\"><strong>9h00 \u2013 17h15<\/strong><\/td>\n<td width=\"472\"><strong>Conf\u00e9renciers divisionnaire (hybride)<\/strong><\/td>\n<\/tr>\n<tr>\n<td width=\"151\"><strong>12h00 \u2013 14h30<\/strong><\/td>\n<td width=\"472\">\n<div>\n<p id=\"gmail-tw-target-text\" class=\"gmail-tw-data-text gmail-tw-text-large gmail-tw-ta\" dir=\"ltr\"><strong><span class=\"gmail-Y2IQFc\" lang=\"fr\"><span style=\"color: #000000;\">Visite de la division BH \u00e0 Africville (en personne)<\/span><\/span><\/strong><\/p>\n<\/div>\n<\/td>\n<\/tr>\n<tr>\n<td width=\"151\"><strong>17h30 \u2013 19h00<\/strong><\/td>\n<td width=\"472\"><strong>Soir\u00e9e Trivia avec Rory O&#8217;Neill (hybride)<\/strong><\/td>\n<\/tr>\n<\/tbody>\n<\/table>\n<h4>LUNDI 6 JUIN<\/h4>\n<table class=\"responsive-table\">\n<tbody>\n<tr>\n<td width=\"160\"><strong>9h00 \u2013 17h15<\/strong><\/td>\n<td width=\"460\"><strong>Programme divisionnaire <span class=\"gmail-Y2IQFc\" lang=\"fr\"><span style=\"color: #000000;\">(en personne)<\/span><\/span><\/strong><\/td>\n<\/tr>\n<tr>\n<td width=\"160\"><strong>9h00 \u2013 17h15<\/strong><\/td>\n<td width=\"460\"><strong>Conf\u00e9renciers divisionnaire (hybride)<\/strong><\/td>\n<\/tr>\n<tr>\n<td width=\"160\"><strong>10h30 \u2013 12h00<\/strong><\/td>\n<td width=\"460\"><strong><strong>Conf\u00e9rencier principal <\/strong><\/strong><strong style=\"font-family: inherit; font-size: inherit;\">(hybride)<\/strong><\/td>\n<\/tr>\n<tr>\n<td width=\"160\"><strong>13h00 \u2013 12h15<\/strong><\/td>\n<td width=\"460\">\n<p id=\"tw-target-text\" class=\"tw-data-text tw-text-large tw-ta\" dir=\"ltr\" data-placeholder=\"Translation\"><strong><span class=\"Y2IQFc\" lang=\"fr\">Assembl\u00e9e g\u00e9n\u00e9rale annuelle + c\u00e9r\u00e9monie de remise des prix <\/span><\/strong><strong style=\"font-family: inherit; font-size: inherit;\">(hybride)<\/strong><\/p>\n<\/td>\n<\/tr>\n<\/tbody>\n<\/table>\n<h4>MARDI 7 JUIN<\/h4>\n<table class=\"responsive-table\">\n<tbody>\n<tr>\n<td width=\"160\"><strong>11h00 \u2013 18h30<\/strong><\/td>\n<td width=\"460\"><strong>Programme divisionnaire <span class=\"gmail-Y2IQFc\" lang=\"fr\"><span style=\"color: #000000;\">(virtuel)<\/span><\/span><\/strong><\/td>\n<\/tr>\n<tr>\n<td width=\"160\"><strong>11h00 \u2013 18h30<\/strong><\/td>\n<td width=\"460\"><strong>Conf\u00e9renciers divisionnaire (virtuel)<\/strong><\/td>\n<\/tr>\n<\/tbody>\n<\/table>\n<p>* toutes les heures \u00e0 l&#8217;heure de l&#8217;atlantique<\/p>","protected":false},"excerpt":{"rendered":"<p>* toutes les heures \u00e0 l&#8217;heure de l&#8217;atlantique Final Program ASAC 2022 &#8211; June 7 &nbsp; SAMEDI 4 JUIN 9h00 \u2013 17h15 Consortium doctoral (hybride) 9h00 \u2013 17h15 \u00c9tudes de [&hellip;]<\/p>\n","protected":false},"author":88652768,"featured_media":0,"parent":6527,"menu_order":2,"comment_status":"closed","ping_status":"closed","template":"","meta":{"_bbp_topic_count":0,"_bbp_reply_count":0,"_bbp_total_topic_count":0,"_bbp_total_reply_count":0,"_bbp_voice_count":0,"_bbp_anonymous_reply_count":0,"_bbp_topic_count_hidden":0,"_bbp_reply_count_hidden":0,"_bbp_forum_subforum_count":0,"_coblocks_attr":"","_coblocks_dimensions":"","_coblocks_responsive_height":"","_coblocks_accordion_ie_support":"","_crdt_document":"","_genesis_hide_title":false,"_genesis_hide_breadcrumbs":false,"_genesis_hide_singular_image":false,"_genesis_hide_footer_widgets":false,"_genesis_custom_body_class":"","_genesis_custom_post_class":"","_genesis_layout":"","jetpack_post_was_ever_published":false,"footnotes":""},"class_list":["post-2764","page","type-page","status-publish","entry"],"jetpack_likes_enabled":false,"jetpack_sharing_enabled":true,"jetpack_shortlink":"https:\/\/wp.me\/P6jvYC-IA","jetpack-related-posts":[{"id":6516,"url":"https:\/\/asac.ca\/fr\/conferences\/congres-2022\/call-for-papers-appel-a-communications\/","url_meta":{"origin":2764,"position":0},"title":"Appel \u00e0 communications","author":"asaccanada","date":"novembre 22, 2021","format":false,"excerpt":"ASAC 2022 : Plus fort ensemble 3 - 7 juin 2022 \u00a0| \u00a0Halifax, Nova Scotia T\u00e9l\u00e9charger l'ASAC 2022 Call for Papers | Appel \u00e0 communications \u00a0 En partenariat avec la Rowe School of Business de l\u2019Universit\u00e9 Dalhousie, l\u2019Association des sciences administratives du Canada vous invite \u00e0 soumettre une proposition d\u2019article,\u2026","rel":"","context":"Article similaire","block_context":{"text":"Article similaire","link":""},"img":{"alt_text":"","src":"","width":0,"height":0},"classes":[]},{"id":10196,"url":"https:\/\/asac.ca\/fr\/consortium-doctoral-asac-2024\/","url_meta":{"origin":2764,"position":1},"title":"Consortium doctoral ASAC 2025","author":"asaccanada","date":"f\u00e9vrier 1, 2024","format":false,"excerpt":"Les doctorantes et les doctorants de partout au Canada sont invit\u00e9s \u00e0 participer au Consortium doctoral de la conf\u00e9rence ASAC 2025. Adapt\u00e9 \u00e0 la r\u00e9alit\u00e9 et aux d\u00e9fis des \u00e9tudiants de doctorat (PhD et DBA) dans le domaine de la gestion, le consortium met l\u2019accent sur le d\u00e9veloppement des comp\u00e9tences\u2026","rel":"","context":"Article similaire","block_context":{"text":"Article similaire","link":""},"img":{"alt_text":"","src":"https:\/\/i0.wp.com\/asac.ca\/wp-content\/uploads\/2025\/03\/Waterloo_Conrad_Logo_rgb-1.jpg?resize=350%2C200&ssl=1","width":350,"height":200,"srcset":"https:\/\/i0.wp.com\/asac.ca\/wp-content\/uploads\/2025\/03\/Waterloo_Conrad_Logo_rgb-1.jpg?resize=350%2C200&ssl=1 1x, https:\/\/i0.wp.com\/asac.ca\/wp-content\/uploads\/2025\/03\/Waterloo_Conrad_Logo_rgb-1.jpg?resize=525%2C300&ssl=1 1.5x, https:\/\/i0.wp.com\/asac.ca\/wp-content\/uploads\/2025\/03\/Waterloo_Conrad_Logo_rgb-1.jpg?resize=700%2C400&ssl=1 2x, https:\/\/i0.wp.com\/asac.ca\/wp-content\/uploads\/2025\/03\/Waterloo_Conrad_Logo_rgb-1.jpg?resize=1050%2C600&ssl=1 3x, https:\/\/i0.wp.com\/asac.ca\/wp-content\/uploads\/2025\/03\/Waterloo_Conrad_Logo_rgb-1.jpg?resize=1400%2C800&ssl=1 4x"},"classes":[]},{"id":2751,"url":"https:\/\/asac.ca\/conferences\/asac-2022\/program-overview\/","url_meta":{"origin":2764,"position":2},"title":"Program Overview","author":"asaccanada","date":"juin 4, 2020","format":false,"excerpt":"See the full ASAC 2022 conference program here! ASAC 2022 Full Program *all hours in Atlantic Time SATURDAY JUNE 4th 9:00 \u2013 17:15 Doctoral Consortium (hybrid) 9:00 \u2013 17:15 Case Division (partial hybrid) 10:30 \u2013 17:15 Professional Development Workshops (in-person) 17:30 \u2013 19:00 Welcome Reception (in-person) SUNDAY JUNE 5TH 9:00\u2026","rel":"","context":"Article similaire","block_context":{"text":"Article similaire","link":""},"img":{"alt_text":"","src":"","width":0,"height":0},"classes":[]},{"id":1577,"url":"https:\/\/asac.ca\/fr\/membership\/asacawards\/asacawardsudayanrege\/","url_meta":{"origin":2764,"position":3},"title":"Prix Udayan Rege de la meilleure dissertation","author":"asaccanada","date":"janvier 25, 2020","format":false,"excerpt":"L\u2019ASAC est heureuse d\u2019annoncer le prix de la meilleure th\u00e8se Udayan Rege. Ce prix est d\u00e9cern\u00e9 tous les deux ans pour la meilleure th\u00e8se de doctorat canadienne en sciences administratives. Le prix est constitu\u00e9 d\u2019une plaque et d\u2019un montant de 1\u2009000\u00a0$. Ce prix est remis \u00e0 la m\u00e9moire du docteur\u2026","rel":"","context":"Article similaire","block_context":{"text":"Article similaire","link":""},"img":{"alt_text":"","src":"","width":0,"height":0},"classes":[]},{"id":7822,"url":"https:\/\/asac.ca\/fr\/inscription-2023\/","url_meta":{"origin":2764,"position":4},"title":"Inscription 2023 (\u00e0 venir!)","author":"asaccanada","date":"janvier 22, 2023","format":false,"excerpt":"Veuillez noter que seuls les membres en r\u00e8gle de l'ASAC pourront s'inscrire \u00e0 la conf\u00e9rence. Renouvelez votre adh\u00e9sion ici. \u00a0 Horaire de la conf\u00e9rence Ce qui suit est un aper\u00e7u du calendrier des conf\u00e9rences pour l'ASAC 2023. Ce calendrier est sujet \u00e0 changements. Nous publierons plus d'informations d\u00e8s qu'elles seront\u2026","rel":"","context":"Article similaire","block_context":{"text":"Article similaire","link":""},"img":{"alt_text":"","src":"","width":0,"height":0},"classes":[]},{"id":1424,"url":"https:\/\/asac.ca\/fr\/governance\/bylaws\/","url_meta":{"origin":2764,"position":5},"title":"R\u00e8glement","author":"asaccanada","date":"janvier 11, 2020","format":false,"excerpt":"Un aper\u00e7u des r\u00e8glements est ci-dessous. Une copie de la r\u00e9vision compl\u00e8te des statuts \u00e0 but non lucratif de 2018 est disponible ici. 1.00 G\u00e9n\u00e9ralit\u00e9s 1.01 D\u00e9finitions: Dans ce r\u00e8glement, et dans tout autre r\u00e8glement de la soci\u00e9t\u00e9, \u00e0 moins que le contexte ne le sp\u00e9cifie autrement : a. \u00ab\u2026","rel":"","context":"Article similaire","block_context":{"text":"Article similaire","link":""},"img":{"alt_text":"","src":"","width":0,"height":0},"classes":[]}],"amp_enabled":true,"_links":{"self":[{"href":"https:\/\/asac.ca\/fr\/wp-json\/wp\/v2\/pages\/2764","targetHints":{"allow":["GET"]}}],"collection":[{"href":"https:\/\/asac.ca\/fr\/wp-json\/wp\/v2\/pages"}],"about":[{"href":"https:\/\/asac.ca\/fr\/wp-json\/wp\/v2\/types\/page"}],"author":[{"embeddable":true,"href":"https:\/\/asac.ca\/fr\/wp-json\/wp\/v2\/users\/88652768"}],"replies":[{"embeddable":true,"href":"https:\/\/asac.ca\/fr\/wp-json\/wp\/v2\/comments?post=2764"}],"version-history":[{"count":29,"href":"https:\/\/asac.ca\/fr\/wp-json\/wp\/v2\/pages\/2764\/revisions"}],"predecessor-version":[{"id":6967,"href":"https:\/\/asac.ca\/fr\/wp-json\/wp\/v2\/pages\/2764\/revisions\/6967"}],"up":[{"embeddable":true,"href":"https:\/\/asac.ca\/fr\/wp-json\/wp\/v2\/pages\/6527"}],"wp:attachment":[{"href":"https:\/\/asac.ca\/fr\/wp-json\/wp\/v2\/media?parent=2764"}],"curies":[{"name":"wp","href":"https:\/\/api.w.org\/{rel}","templated":true}]}}