{"id":4897,"date":"2020-11-26T23:34:25","date_gmt":"2020-11-27T04:34:25","guid":{"rendered":"https:\/\/asac.ca\/?page_id=4897"},"modified":"2021-06-14T11:35:57","modified_gmt":"2021-06-14T15:35:57","slug":"congres-2021","status":"publish","type":"page","link":"https:\/\/asac.ca\/fr\/conferences\/congres-2021\/","title":{"rendered":"Congr\u00e8s 2021"},"content":{"rendered":"<h3 style=\"text-align: center;\">Bienvenue \u00e0 l&#8217;ASAC 2021!<\/h3>\n<div><\/div>\n<div>\n<p>L\u2019anne\u0301e 2020 a amene\u0301 avec elle des de\u0301fis sans pre\u0301ce\u0301dents et la possibilite\u0301 de changements jamais vus et de longue dure\u0301e. Les premiers mois de l\u2019anne\u0301e ont connu une pande\u0301mie qui a atteint des proportions mondiales. Le meurtre de George Floyd a provoque\u0301 des protestations a\u0300 travers le monde et a ouvert d\u2019importantes discussions sur le racisme syste\u0301mique. La monte\u0301e du populisme a entrai\u0302ne\u0301 des bouleversements politiques sismiques dont les e\u0301chos ont re\u0301sonne\u0301 dans le monde entier. L\u2019impact de ces e\u0301ve\u0301nements et d\u2019autres e\u0301ve\u0301nements majeurs a rapidement change\u0301 la fac\u0327on dont les entreprises ope\u0300rent, dont les gens travaillent et sont lie\u0301s les uns aux autres, dont la mondialisation est perc\u0327ue, ainsi que la viabilite\u0301 de l\u2019e\u0301conomie et de l\u2019industrie dans son ensemble.<\/p>\n<p>La question que nous posons au congre\u0300s de l\u2019ASAC de 2021 est : \u00ab Comment la recherche en affaires et en gestion peut-elle aider les gens et les entreprises, au Canada et a\u0300 travers le monde, a\u0300 se pre\u0301parer pour un futur qui promet d\u2019e\u0302tre significativement diffe\u0301rent\u00a0\u2013 et qui\u00a0continue de vivre des diffe\u0301rences significatives \u2013 de ce que nous avions\u00a0jusqu\u2019alors imagine\u0301? \u00bb<\/p>\n<\/div>\n<div><\/div>\n<div>Nous sommes impatients de vous accueillir \u00e0 notre conf\u00e9rence virtuelle, qui se tiendra du 12 au 15 juin 2021. Marquez vos calendriers maintenant. Obtenez plus d&#8217;informations sur la conf\u00e9rence aux liens suivants:<\/div>\n<ul>\n<li><a href=\"https:\/\/asac.ca\/fr\/conferences\/congres-2021\/registration\/#!event-list\">Inscription<\/a><\/li>\n<li><a href=\"https:\/\/asac.ca\/fr\/conferences\/congres-2021\/sponsors-et-exposants\/\">Sponsors et exposants<\/a><\/li>\n<li><a href=\"https:\/\/asac.ca\/fr\/conferences\/congres-2021\/\">R\u00e9sum\u00e9 du programme<\/a><\/li>\n<li><a href=\"https:\/\/asac.ca\/fr\/conferences\/congres-2021\/keynotespeaker\/\">Conf\u00e9rencier principal<\/a><\/li>\n<li><a href=\"https:\/\/asac.ca\/fr\/professional-development-workshops\/\">Ateliers de d\u00e9veloppement professionnel<\/a><\/li>\n<li><a href=\"https:\/\/asac.ca\/fr\/conferences\/asac-2021-conference\/doctoral-consortium-speakers\/\">Consortium doctoral<\/a><\/li>\n<li><a href=\"https:\/\/asac.ca\/fr\/conferences\/congres-2021\/divisional-speakers\/\">Conf\u00e9renciers divisionnaire<\/a><\/li>\n<li><a href=\"https:\/\/asac.ca\/fr\/conferences\/asac-2021-conference\/other-divisional-events\/\">Autres sessions divisionnaires<\/a><\/li>\n<li><a href=\"https:\/\/asac.ca\/wp-content\/uploads\/2021\/06\/ASAC-2021-Conference-Program-12.pdf\">Programme de la conf\u00e9rence<\/a><\/li>\n<\/ul>\n<p class=\"entry-header\">","protected":false},"excerpt":{"rendered":"<p>Bienvenue \u00e0 l&#8217;ASAC 2021! L\u2019anne\u0301e 2020 a amene\u0301 avec elle des de\u0301fis sans pre\u0301ce\u0301dents et la possibilite\u0301 de changements jamais vus et de longue dure\u0301e. Les premiers mois de l\u2019anne\u0301e [&hellip;]<\/p>\n","protected":false},"author":88652768,"featured_media":0,"parent":1400,"menu_order":0,"comment_status":"closed","ping_status":"closed","template":"","meta":{"_bbp_topic_count":0,"_bbp_reply_count":0,"_bbp_total_topic_count":0,"_bbp_total_reply_count":0,"_bbp_voice_count":0,"_bbp_anonymous_reply_count":0,"_bbp_topic_count_hidden":0,"_bbp_reply_count_hidden":0,"_bbp_forum_subforum_count":0,"_coblocks_attr":"","_coblocks_dimensions":"","_coblocks_responsive_height":"","_coblocks_accordion_ie_support":"","_crdt_document":"","_genesis_hide_title":false,"_genesis_hide_breadcrumbs":false,"_genesis_hide_singular_image":false,"_genesis_hide_footer_widgets":false,"_genesis_custom_body_class":"","_genesis_custom_post_class":"","_genesis_layout":"","footnotes":""},"class_list":["post-4897","page","type-page","status-publish","entry"],"jetpack_likes_enabled":false,"jetpack_sharing_enabled":true,"jetpack_shortlink":"https:\/\/wp.me\/P6jvYC-1gZ","jetpack-related-posts":[{"id":6516,"url":"https:\/\/asac.ca\/fr\/conferences\/congres-2022\/call-for-papers-appel-a-communications\/","url_meta":{"origin":4897,"position":0},"title":"Appel \u00e0 communications","author":"asaccanada","date":"novembre 22, 2021","format":false,"excerpt":"ASAC 2022 : Plus fort ensemble 3 - 7 juin 2022 \u00a0| \u00a0Halifax, Nova Scotia T\u00e9l\u00e9charger l'ASAC 2022 Call for Papers | Appel \u00e0 communications \u00a0 En partenariat avec la Rowe School of Business de l\u2019Universit\u00e9 Dalhousie, l\u2019Association des sciences administratives du Canada vous invite \u00e0 soumettre une proposition d\u2019article,\u2026","rel":"","context":"Article similaire","block_context":{"text":"Article similaire","link":""},"img":{"alt_text":"","src":"","width":0,"height":0},"classes":[]},{"id":1433,"url":"https:\/\/asac.ca\/fr\/governance\/rolesoftheboardofdirectors\/","url_meta":{"origin":4897,"position":1},"title":"R\u00f4les des membres du conseil d&#8217;administration","author":"asaccanada","date":"janvier 11, 2020","format":false,"excerpt":"Pr\u00e9sident Le pr\u00e9sident de l'ASAC est \u00e9lu par et parmi les membres pour un mandat de deux ans. Le pr\u00e9sident pr\u00e9side le conseil d'administration, joue un r\u00f4le de leadership dans le d\u00e9veloppement et la gestion de l'ASAC, supervise le travail du r\u00e9dacteur en chef de CJAS et des membres du\u2026","rel":"","context":"Article similaire","block_context":{"text":"Article similaire","link":""},"img":{"alt_text":"","src":"","width":0,"height":0},"classes":[]},{"id":1444,"url":"https:\/\/asac.ca\/fr\/membership\/asacfellows\/","url_meta":{"origin":4897,"position":2},"title":"Fellows de l&#8217;ASAC","author":"asaccanada","date":"janvier 11, 2020","format":false,"excerpt":"L\u2019ASAC est heureuse de vous annoncer la cr\u00e9ation de son programme \u00ab\u00a0Fellows de l\u2019ASAC\u00a0\u00bb, une initiative de r\u00e9seautage et de mentorat destin\u00e9e \u00e0 mettre en valeur et \u00e0 favoriser l\u2019engagement des universitaires canadiens distingu\u00e9s aupr\u00e8s de jeunes chercheurs, sp\u00e9cialement les doctorants, en soutenant ces derniers dans le d\u00e9veloppement de leur\u2026","rel":"","context":"Article similaire","block_context":{"text":"Article similaire","link":""},"img":{"alt_text":"","src":"","width":0,"height":0},"classes":[]},{"id":1419,"url":"https:\/\/asac.ca\/fr\/divisions\/divisionalpositiondescriptions\/","url_meta":{"origin":4897,"position":3},"title":"Description des postes divisionnaires","author":"asaccanada","date":"janvier 11, 2020","format":false,"excerpt":"Pr\u00e9sident divisionnaire Les principales responsabilit\u00e9s inh\u00e9rentes \u00e0 ce poste sont de soutenir les autres officiers divisionnaires dans leurs fonctions; d'effectuer les t\u00e2ches li\u00e9es \u00e0 la proposition d'un conf\u00e9rencier pour la division (si d\u00e9sir\u00e9); et d'assister aux r\u00e9unions et aux \u00e9v\u00e9nements de l'ASAC. Les t\u00e2ches sp\u00e9cifiques incluent : R\u00e9viser, dans le\u2026","rel":"","context":"Article similaire","block_context":{"text":"Article similaire","link":""},"img":{"alt_text":"","src":"","width":0,"height":0},"classes":[]},{"id":1402,"url":"https:\/\/asac.ca\/fr\/conferences\/asac2020confcallforpapers\/","url_meta":{"origin":4897,"position":4},"title":"Appel \u00e0 communications","author":"asaccanada","date":"janvier 11, 2020","format":false,"excerpt":"l\u2019Universit\u00e9 Memorial de St. John's, Terre-Neuve-et-Labrador est fi\u00e8re de vous recevoir pour le congr\u00e8s de 2020 de l\u2019Association des sciences administratives du Canada (ASAC).\r \r Le th\u00e8me pour le congr\u00e8s de l\u2019ASAC 2020 est \u00ab Une mer de changement : faire face aux changements d\u00e9mographiques, culturels et sociaux dans\u2026","rel":"","context":"Article similaire","block_context":{"text":"Article similaire","link":""},"img":{"alt_text":"","src":"","width":0,"height":0},"classes":[]},{"id":1575,"url":"https:\/\/asac.ca\/fr\/membership\/asacawards\/asacawardspastpresidentresearch\/","url_meta":{"origin":4897,"position":5},"title":"Prix de recherche des anciens pr\u00e9sidents","author":"asaccanada","date":"janvier 25, 2020","format":false,"excerpt":"Lignes directrices g\u00e9n\u00e9rales Objectif L\u2019objectif du Prix de recherche des anciens pr\u00e9sidents de l\u2019ASAC est d\u2019appuyer les travaux d\u2019un professeur qui travaille \u00e0 temps plein dans une universit\u00e9 canadienne. Ce prix vise \u00e0 encourager la recherche de qualit\u00e9 \u00e9lev\u00e9e relativement aux enjeux en sciences de l\u2019administration les plus urgentes de\u2026","rel":"","context":"Article similaire","block_context":{"text":"Article similaire","link":""},"img":{"alt_text":"","src":"","width":0,"height":0},"classes":[]}],"amp_enabled":true,"_links":{"self":[{"href":"https:\/\/asac.ca\/fr\/wp-json\/wp\/v2\/pages\/4897","targetHints":{"allow":["GET"]}}],"collection":[{"href":"https:\/\/asac.ca\/fr\/wp-json\/wp\/v2\/pages"}],"about":[{"href":"https:\/\/asac.ca\/fr\/wp-json\/wp\/v2\/types\/page"}],"author":[{"embeddable":true,"href":"https:\/\/asac.ca\/fr\/wp-json\/wp\/v2\/users\/88652768"}],"replies":[{"embeddable":true,"href":"https:\/\/asac.ca\/fr\/wp-json\/wp\/v2\/comments?post=4897"}],"version-history":[{"count":20,"href":"https:\/\/asac.ca\/fr\/wp-json\/wp\/v2\/pages\/4897\/revisions"}],"predecessor-version":[{"id":5937,"href":"https:\/\/asac.ca\/fr\/wp-json\/wp\/v2\/pages\/4897\/revisions\/5937"}],"up":[{"embeddable":true,"href":"https:\/\/asac.ca\/fr\/wp-json\/wp\/v2\/pages\/1400"}],"wp:attachment":[{"href":"https:\/\/asac.ca\/fr\/wp-json\/wp\/v2\/media?parent=4897"}],"curies":[{"name":"wp","href":"https:\/\/api.w.org\/{rel}","templated":true}]}}