{"id":5387,"date":"2021-03-08T17:43:51","date_gmt":"2021-03-08T22:43:51","guid":{"rendered":"https:\/\/asac.ca\/?page_id=5387"},"modified":"2021-03-08T17:52:02","modified_gmt":"2021-03-08T22:52:02","slug":"sponsors-et-exposants","status":"publish","type":"page","link":"https:\/\/asac.ca\/fr\/conferences\/congres-2021\/sponsors-et-exposants\/","title":{"rendered":"Sponsors et exposants"},"content":{"rendered":"<p>Nous remercions tous nos sponsors pour leur soutien en rendant cette conf\u00e9rence possible. Nous esp\u00e9rons que vous aurez l&#8217;occasion de vous connecter avec nos sponsors et exposants pendant la conf\u00e9rence!<\/p>\n<p>&nbsp;<\/p>\n<h4 style=\"text-align: center;\">H\u00f4te<\/h4>\n<p><a href=\"https:\/\/www.concordia.ca\/jmsb.html\" target=\"_blank\" rel=\"noopener\"><img fetchpriority=\"high\" decoding=\"async\" class=\"aligncenter size-full wp-image-4469\" src=\"https:\/\/asac.ca\/wp-content\/uploads\/2020\/09\/JMSB-logo.jpg\" alt=\"Concordia - JMSB\" width=\"700\" height=\"79\" srcset=\"https:\/\/asac.ca\/wp-content\/uploads\/2020\/09\/JMSB-logo.jpg 700w, https:\/\/asac.ca\/wp-content\/uploads\/2020\/09\/JMSB-logo-300x34.jpg 300w\" sizes=\"(max-width: 700px) 100vw, 700px\" \/><\/a><\/p>\n<hr \/>\n<p>&nbsp;<\/p>\n<h4 style=\"text-align: center;\"><strong>Platine<\/strong><a href=\"https:\/\/business.athabascau.ca\/index.php\" target=\"_blank\" rel=\"noopener\"><br \/>\n<img decoding=\"async\" class=\"aligncenter size-full wp-image-5326\" src=\"https:\/\/asac.ca\/wp-content\/uploads\/2021\/03\/AUFB.png\" alt=\"\" width=\"200\" height=\"200\" srcset=\"https:\/\/asac.ca\/wp-content\/uploads\/2021\/03\/AUFB.png 200w, https:\/\/asac.ca\/wp-content\/uploads\/2021\/03\/AUFB-150x150.png?crop=1 150w, https:\/\/asac.ca\/wp-content\/uploads\/2021\/03\/AUFB-75x75.png?crop=1 75w\" sizes=\"(max-width: 200px) 100vw, 200px\" \/><\/a><\/h4>\n<hr \/>\n<h4 style=\"text-align: center;\"><strong>Or<\/strong><a href=\"https:\/\/www.tru.ca\/business.html\" target=\"_blank\" rel=\"noopener\"><img decoding=\"async\" class=\"aligncenter wp-image-5329\" src=\"https:\/\/asac.ca\/wp-content\/uploads\/2021\/03\/SOBE_Stacked.png\" alt=\"\" width=\"264\" height=\"191\" \/><\/a><\/h4>\n<hr \/>\n<h4 style=\"text-align: center;\"><strong>Argent<\/strong><\/h4>\n<p><a href=\"https:\/\/brocku.ca\/goodman\/\" target=\"_blank\" rel=\"noopener\"><img loading=\"lazy\" decoding=\"async\" class=\"wp-image-5340 aligncenter\" src=\"https:\/\/asac.ca\/wp-content\/uploads\/2021\/03\/Goodman-School_screen.png\" alt=\"\" width=\"194\" height=\"161\" srcset=\"https:\/\/asac.ca\/wp-content\/uploads\/2021\/03\/Goodman-School_screen.png 450w, https:\/\/asac.ca\/wp-content\/uploads\/2021\/03\/Goodman-School_screen-300x249.png 300w\" sizes=\"(max-width: 194px) 100vw, 194px\" \/><\/a><\/p>\n<p><a href=\"https:\/\/www.ryerson.ca\/tedrogersschool\/\" target=\"_blank\" rel=\"noopener\"><img loading=\"lazy\" decoding=\"async\" class=\"wp-image-5338 aligncenter\" src=\"https:\/\/asac.ca\/wp-content\/uploads\/2021\/03\/RU-TRSM-wordmark.png\" alt=\"\" width=\"344\" height=\"112\" srcset=\"https:\/\/asac.ca\/wp-content\/uploads\/2021\/03\/RU-TRSM-wordmark.png 684w, https:\/\/asac.ca\/wp-content\/uploads\/2021\/03\/RU-TRSM-wordmark-300x98.png 300w\" sizes=\"(max-width: 344px) 100vw, 344px\" \/><\/a><\/p>\n<hr \/>\n<h4 style=\"text-align: center;\"><strong>Consortium doctoral<br \/>\n<\/strong><\/h4>\n<p style=\"text-align: center;\"><a href=\"https:\/\/www.smu.ca\/academics\/sobey\/welcome.html\" target=\"_blank\" rel=\"noopener\"><img loading=\"lazy\" decoding=\"async\" class=\"aligncenter wp-image-5345\" src=\"https:\/\/asac.ca\/wp-content\/uploads\/2021\/03\/NEW-Sobey-Logo-W-SMU-CMYK.png\" alt=\"\" width=\"257\" height=\"112\" \/><\/a><\/p>\n<hr \/>\n<h4 style=\"text-align: center;\"><strong>Bronze<\/strong><\/h4>\n<p>&nbsp;<\/p>\n<p><a href=\"https:\/\/umanitoba.ca\/asper\/\" target=\"_blank\" rel=\"noopener\"><img loading=\"lazy\" decoding=\"async\" class=\"aligncenter wp-image-5350\" src=\"https:\/\/asac.ca\/wp-content\/uploads\/2021\/03\/ASPER-SchoolofBusiness-hori-Spot-202-ConvertedRGB.png\" alt=\"\" width=\"312\" height=\"49\" \/><\/a><\/p>\n<p>&nbsp;<\/p>\n<p><a href=\"https:\/\/haskayne.ucalgary.ca\/\" target=\"_blank\" rel=\"noopener\"><img loading=\"lazy\" decoding=\"async\" class=\"aligncenter size-full wp-image-5356\" src=\"https:\/\/asac.ca\/wp-content\/uploads\/2021\/03\/UC-haskayne-cmyk-2.png\" alt=\"\" width=\"409\" height=\"78\" srcset=\"https:\/\/asac.ca\/wp-content\/uploads\/2021\/03\/UC-haskayne-cmyk-2.png 409w, https:\/\/asac.ca\/wp-content\/uploads\/2021\/03\/UC-haskayne-cmyk-2-300x57.png 300w\" sizes=\"(max-width: 409px) 100vw, 409px\" \/><\/a><\/p>\n<p><a href=\"https:\/\/www.macewan.ca\/wcm\/SchoolsFaculties\/Business\/index.htm\" target=\"_blank\" rel=\"noopener\"><img loading=\"lazy\" decoding=\"async\" class=\"aligncenter wp-image-5358\" src=\"https:\/\/asac.ca\/wp-content\/uploads\/2021\/03\/SoB_Stacked-copy.png\" alt=\"\" width=\"238\" height=\"132\" srcset=\"https:\/\/asac.ca\/wp-content\/uploads\/2021\/03\/SoB_Stacked-copy.png 892w, https:\/\/asac.ca\/wp-content\/uploads\/2021\/03\/SoB_Stacked-copy-300x166.png 300w, https:\/\/asac.ca\/wp-content\/uploads\/2021\/03\/SoB_Stacked-copy-768x425.png 768w\" sizes=\"(max-width: 238px) 100vw, 238px\" \/><\/a><\/p>\n<hr \/>\n<h4 style=\"text-align: center;\"><strong>Ami<\/strong><\/h4>\n<p><a href=\"https:\/\/www.cbu.ca\/academics\/schools\/shannon-school-of-business\/\" target=\"_blank\" rel=\"noopener\"><img loading=\"lazy\" decoding=\"async\" class=\"aligncenter wp-image-5363\" src=\"https:\/\/asac.ca\/wp-content\/uploads\/2021\/03\/SSOB-logo-hi-res.jpg\" alt=\"\" width=\"282\" height=\"44\" srcset=\"https:\/\/asac.ca\/wp-content\/uploads\/2021\/03\/SSOB-logo-hi-res.jpg 2874w, https:\/\/asac.ca\/wp-content\/uploads\/2021\/03\/SSOB-logo-hi-res-300x47.jpg 300w, https:\/\/asac.ca\/wp-content\/uploads\/2021\/03\/SSOB-logo-hi-res-1024x159.jpg 1024w, https:\/\/asac.ca\/wp-content\/uploads\/2021\/03\/SSOB-logo-hi-res-768x119.jpg 768w, https:\/\/asac.ca\/wp-content\/uploads\/2021\/03\/SSOB-logo-hi-res-1536x239.jpg 1536w, https:\/\/asac.ca\/wp-content\/uploads\/2021\/03\/SSOB-logo-hi-res-2048x319.jpg 2048w, https:\/\/asac.ca\/wp-content\/uploads\/2021\/03\/SSOB-logo-hi-res-1200x187.jpg 1200w\" sizes=\"(max-width: 282px) 100vw, 282px\" \/><\/a><\/p>\n<p>&nbsp;<\/p>\n<p><a href=\"https:\/\/sprott.carleton.ca\/\" target=\"_blank\" rel=\"noopener\"><img loading=\"lazy\" decoding=\"async\" class=\"aligncenter wp-image-5365\" src=\"https:\/\/asac.ca\/wp-content\/uploads\/2021\/03\/Sprott-Carleton-interim-rgb.png\" alt=\"\" width=\"293\" height=\"35\" srcset=\"https:\/\/asac.ca\/wp-content\/uploads\/2021\/03\/Sprott-Carleton-interim-rgb.png 1335w, https:\/\/asac.ca\/wp-content\/uploads\/2021\/03\/Sprott-Carleton-interim-rgb-300x36.png 300w, https:\/\/asac.ca\/wp-content\/uploads\/2021\/03\/Sprott-Carleton-interim-rgb-1024x121.png 1024w, https:\/\/asac.ca\/wp-content\/uploads\/2021\/03\/Sprott-Carleton-interim-rgb-768x91.png 768w, https:\/\/asac.ca\/wp-content\/uploads\/2021\/03\/Sprott-Carleton-interim-rgb-1200x142.png 1200w\" sizes=\"(max-width: 293px) 100vw, 293px\" \/><\/a><\/p>\n<p>&nbsp;<\/p>\n<p><a href=\"https:\/\/www.lakeheadu.ca\/programs\/departments\/business\" target=\"_blank\" rel=\"noopener\"><img loading=\"lazy\" decoding=\"async\" class=\"aligncenter wp-image-5369\" src=\"https:\/\/asac.ca\/wp-content\/uploads\/2021\/03\/Business-Administration-CMYK-final.png\" alt=\"\" width=\"331\" height=\"69\" srcset=\"https:\/\/asac.ca\/wp-content\/uploads\/2021\/03\/Business-Administration-CMYK-final.png 859w, https:\/\/asac.ca\/wp-content\/uploads\/2021\/03\/Business-Administration-CMYK-final-300x63.png 300w, https:\/\/asac.ca\/wp-content\/uploads\/2021\/03\/Business-Administration-CMYK-final-768x160.png 768w\" sizes=\"(max-width: 331px) 100vw, 331px\" \/><\/a><\/p>\n<p>&nbsp;<\/p>\n<p><a href=\"https:\/\/www.uregina.ca\/business\/hill\/\" target=\"_blank\" rel=\"noopener\"><img loading=\"lazy\" decoding=\"async\" class=\"aligncenter wp-image-5371\" src=\"https:\/\/asac.ca\/wp-content\/uploads\/2021\/03\/UofR-colour-HillLevene-logo_CMYK.png\" alt=\"\" width=\"322\" height=\"54\" srcset=\"https:\/\/asac.ca\/wp-content\/uploads\/2021\/03\/UofR-colour-HillLevene-logo_CMYK.png 899w, https:\/\/asac.ca\/wp-content\/uploads\/2021\/03\/UofR-colour-HillLevene-logo_CMYK-300x50.png 300w, https:\/\/asac.ca\/wp-content\/uploads\/2021\/03\/UofR-colour-HillLevene-logo_CMYK-768x129.png 768w\" sizes=\"(max-width: 322px) 100vw, 322px\" \/><\/a><\/p>\n<p>&nbsp;<\/p>\n<p><a href=\"https:\/\/www.business.mun.ca\/\" target=\"_blank\" rel=\"noopener\"><img loading=\"lazy\" decoding=\"async\" class=\"aligncenter wp-image-5376\" src=\"https:\/\/asac.ca\/wp-content\/uploads\/2021\/03\/BUS_standard_centred_colour.png\" alt=\"\" width=\"222\" height=\"122\" \/><\/a><\/p>\n<p>&nbsp;<\/p>\n<p><a href=\"https:\/\/beedie.sfu.ca\/\" target=\"_blank\" rel=\"noopener\"><img loading=\"lazy\" decoding=\"async\" class=\"aligncenter wp-image-5373\" src=\"https:\/\/asac.ca\/wp-content\/uploads\/2021\/03\/SFU_Beedie_logo_vert_RGB.png\" alt=\"\" width=\"145\" height=\"106\" srcset=\"https:\/\/asac.ca\/wp-content\/uploads\/2021\/03\/SFU_Beedie_logo_vert_RGB.png 933w, https:\/\/asac.ca\/wp-content\/uploads\/2021\/03\/SFU_Beedie_logo_vert_RGB-300x221.png 300w, https:\/\/asac.ca\/wp-content\/uploads\/2021\/03\/SFU_Beedie_logo_vert_RGB-768x565.png 768w\" sizes=\"(max-width: 145px) 100vw, 145px\" \/><\/a><\/p>\n<hr \/>\n<h4 style=\"text-align: center;\">Exposants<\/h4>\n<p><a href=\"https:\/\/www.interpretive.com\/\" target=\"_blank\" rel=\"noopener\"><img loading=\"lazy\" decoding=\"async\" class=\"aligncenter wp-image-5378\" src=\"https:\/\/asac.ca\/wp-content\/uploads\/2021\/03\/Interpretive-Simulations-logo.png\" alt=\"\" width=\"355\" height=\"73\" srcset=\"https:\/\/asac.ca\/wp-content\/uploads\/2021\/03\/Interpretive-Simulations-logo.png 2133w, https:\/\/asac.ca\/wp-content\/uploads\/2021\/03\/Interpretive-Simulations-logo-300x62.png 300w, https:\/\/asac.ca\/wp-content\/uploads\/2021\/03\/Interpretive-Simulations-logo-1024x210.png 1024w, https:\/\/asac.ca\/wp-content\/uploads\/2021\/03\/Interpretive-Simulations-logo-768x158.png 768w, https:\/\/asac.ca\/wp-content\/uploads\/2021\/03\/Interpretive-Simulations-logo-1536x315.png 1536w, https:\/\/asac.ca\/wp-content\/uploads\/2021\/03\/Interpretive-Simulations-logo-2048x421.png 2048w, https:\/\/asac.ca\/wp-content\/uploads\/2021\/03\/Interpretive-Simulations-logo-1200x246.png 1200w\" sizes=\"(max-width: 355px) 100vw, 355px\" \/><\/a><\/p>\n<p>&nbsp;<\/p>\n<p><a href=\"https:\/\/www.iveycases.com\/\" target=\"_blank\" rel=\"noopener\"><img loading=\"lazy\" decoding=\"async\" class=\"aligncenter wp-image-5381\" src=\"https:\/\/asac.ca\/wp-content\/uploads\/2021\/03\/Ivey-Publishing-Logo-2011.jpg\" alt=\"\" width=\"359\" height=\"72\" srcset=\"https:\/\/asac.ca\/wp-content\/uploads\/2021\/03\/Ivey-Publishing-Logo-2011.jpg 5040w, https:\/\/asac.ca\/wp-content\/uploads\/2021\/03\/Ivey-Publishing-Logo-2011-300x60.jpg 300w, https:\/\/asac.ca\/wp-content\/uploads\/2021\/03\/Ivey-Publishing-Logo-2011-1024x205.jpg 1024w, https:\/\/asac.ca\/wp-content\/uploads\/2021\/03\/Ivey-Publishing-Logo-2011-768x154.jpg 768w, https:\/\/asac.ca\/wp-content\/uploads\/2021\/03\/Ivey-Publishing-Logo-2011-1536x307.jpg 1536w, https:\/\/asac.ca\/wp-content\/uploads\/2021\/03\/Ivey-Publishing-Logo-2011-2048x410.jpg 2048w, https:\/\/asac.ca\/wp-content\/uploads\/2021\/03\/Ivey-Publishing-Logo-2011-1200x240.jpg 1200w\" sizes=\"(max-width: 359px) 100vw, 359px\" \/><\/a><\/p>","protected":false},"excerpt":{"rendered":"<p>Nous remercions tous nos sponsors pour leur soutien en rendant cette conf\u00e9rence possible. Nous esp\u00e9rons que vous aurez l&#8217;occasion de vous connecter avec nos sponsors et exposants pendant la conf\u00e9rence! [&hellip;]<\/p>\n","protected":false},"author":88652768,"featured_media":0,"parent":4897,"menu_order":0,"comment_status":"closed","ping_status":"closed","template":"","meta":{"_bbp_topic_count":0,"_bbp_reply_count":0,"_bbp_total_topic_count":0,"_bbp_total_reply_count":0,"_bbp_voice_count":0,"_bbp_anonymous_reply_count":0,"_bbp_topic_count_hidden":0,"_bbp_reply_count_hidden":0,"_bbp_forum_subforum_count":0,"_coblocks_attr":"","_coblocks_dimensions":"","_coblocks_responsive_height":"","_coblocks_accordion_ie_support":"","_crdt_document":"","_genesis_hide_title":false,"_genesis_hide_breadcrumbs":false,"_genesis_hide_singular_image":false,"_genesis_hide_footer_widgets":false,"_genesis_custom_body_class":"","_genesis_custom_post_class":"","_genesis_layout":"","footnotes":""},"class_list":["post-5387","page","type-page","status-publish","entry"],"jetpack_likes_enabled":false,"jetpack_sharing_enabled":true,"jetpack_shortlink":"https:\/\/wp.me\/P6jvYC-1oT","jetpack-related-posts":[{"id":4897,"url":"https:\/\/asac.ca\/fr\/conferences\/congres-2021\/","url_meta":{"origin":5387,"position":0},"title":"Congr\u00e8s 2021","author":"asaccanada","date":"novembre 26, 2020","format":false,"excerpt":"Bienvenue \u00e0 l'ASAC 2021! L\u2019anne\u0301e 2020 a amene\u0301 avec elle des de\u0301fis sans pre\u0301ce\u0301dents et la possibilite\u0301 de changements jamais vus et de longue dure\u0301e. Les premiers mois de l\u2019anne\u0301e ont connu une pande\u0301mie qui a atteint des proportions mondiales. Le meurtre de George Floyd a provoque\u0301 des protestations a\u0300\u2026","rel":"","context":"Article similaire","block_context":{"text":"Article similaire","link":""},"img":{"alt_text":"","src":"","width":0,"height":0},"classes":[]},{"id":12355,"url":"https:\/\/asac.ca\/fr\/conference-fr\/","url_meta":{"origin":5387,"position":1},"title":"Conf\u00e9rence ASAC","author":"asaccanada","date":"octobre 19, 2024","format":false,"excerpt":"La conf\u00e9rence annuelle de l'ASAC est le principal \u00e9v\u00e9nement permettant aux universitaires en commerce au Canada de se connecter, de partager des id\u00e9es et de faire progresser leurs domaines. R\u00e9unissant des participants de partout au Canada et d\u2019ailleurs, la conf\u00e9rence favorise la collaboration et l\u2019innovation dans la recherche et l\u2019\u00e9ducation\u2026","rel":"","context":"Article similaire","block_context":{"text":"Article similaire","link":""},"img":{"alt_text":"","src":"https:\/\/i0.wp.com\/asac.ca\/wp-content\/uploads\/2026\/01\/ASAC_logo_4.2_rework.png?resize=350%2C200&ssl=1","width":350,"height":200,"srcset":"https:\/\/i0.wp.com\/asac.ca\/wp-content\/uploads\/2026\/01\/ASAC_logo_4.2_rework.png?resize=350%2C200&ssl=1 1x, https:\/\/i0.wp.com\/asac.ca\/wp-content\/uploads\/2026\/01\/ASAC_logo_4.2_rework.png?resize=525%2C300&ssl=1 1.5x, https:\/\/i0.wp.com\/asac.ca\/wp-content\/uploads\/2026\/01\/ASAC_logo_4.2_rework.png?resize=700%2C400&ssl=1 2x, https:\/\/i0.wp.com\/asac.ca\/wp-content\/uploads\/2026\/01\/ASAC_logo_4.2_rework.png?resize=1050%2C600&ssl=1 3x, https:\/\/i0.wp.com\/asac.ca\/wp-content\/uploads\/2026\/01\/ASAC_logo_4.2_rework.png?resize=1400%2C800&ssl=1 4x"},"classes":[]},{"id":10132,"url":"https:\/\/asac.ca\/fr\/congres-2024\/","url_meta":{"origin":5387,"position":2},"title":"Congr\u00e8s 2024","author":"asaccanada","date":"f\u00e9vrier 16, 2024","format":false,"excerpt":"ASAC 2024 | Montr\u00e9al (Longueuil) 1 au 3 juin 2024 | June 1 to 3, 2024En ligne 28\/29 mai | Online May 28\/29 Aller au programme de la conf\u00e9rence Il est encore temps de s'inscrire ! Pour vous inscrire, commencez par renouveler ou acheter votre adh\u00e9sion.Ensuite, vous recevrez un email\u2026","rel":"","context":"Article similaire","block_context":{"text":"Article similaire","link":""},"img":{"alt_text":"","src":"https:\/\/i0.wp.com\/asac.ca\/wp-content\/uploads\/2023\/11\/Main-ASAC-2024-website-banner-2000-567.jpg?resize=350%2C200&ssl=1","width":350,"height":200,"srcset":"https:\/\/i0.wp.com\/asac.ca\/wp-content\/uploads\/2023\/11\/Main-ASAC-2024-website-banner-2000-567.jpg?resize=350%2C200&ssl=1 1x, https:\/\/i0.wp.com\/asac.ca\/wp-content\/uploads\/2023\/11\/Main-ASAC-2024-website-banner-2000-567.jpg?resize=525%2C300&ssl=1 1.5x, https:\/\/i0.wp.com\/asac.ca\/wp-content\/uploads\/2023\/11\/Main-ASAC-2024-website-banner-2000-567.jpg?resize=700%2C400&ssl=1 2x, https:\/\/i0.wp.com\/asac.ca\/wp-content\/uploads\/2023\/11\/Main-ASAC-2024-website-banner-2000-567.jpg?resize=1050%2C600&ssl=1 3x, https:\/\/i0.wp.com\/asac.ca\/wp-content\/uploads\/2023\/11\/Main-ASAC-2024-website-banner-2000-567.jpg?resize=1400%2C800&ssl=1 4x"},"classes":[]},{"id":10135,"url":"https:\/\/asac.ca\/fr\/congres-2023\/","url_meta":{"origin":5387,"position":3},"title":"Congr\u00e8s 2023","author":"asaccanada","date":"janvier 23, 2024","format":false,"excerpt":"Montr\u00e9al (Longueuil) 1 au 3 juin 2024 | June 1 to 3, 2024En ligne 28\/29 mai | Online May 28\/29 Trouvez l'appel \u00e0 communications ici Conf\u00e9renciers Conf\u00e9rencier principal, pan\u00e9listes et experts sur divers sujets pertinents Programmes divisionnaires Pr\u00e9sentations de recherche et sessions d'engagement dans 20 disciplines de gestion. D\u00e9veloppement professionnel\u2026","rel":"","context":"Article similaire","block_context":{"text":"Article similaire","link":""},"img":{"alt_text":"","src":"https:\/\/i0.wp.com\/asac.ca\/wp-content\/uploads\/2023\/11\/Main-ASAC-2024-website-banner-2000-567.jpg?resize=350%2C200&ssl=1","width":350,"height":200,"srcset":"https:\/\/i0.wp.com\/asac.ca\/wp-content\/uploads\/2023\/11\/Main-ASAC-2024-website-banner-2000-567.jpg?resize=350%2C200&ssl=1 1x, https:\/\/i0.wp.com\/asac.ca\/wp-content\/uploads\/2023\/11\/Main-ASAC-2024-website-banner-2000-567.jpg?resize=525%2C300&ssl=1 1.5x, https:\/\/i0.wp.com\/asac.ca\/wp-content\/uploads\/2023\/11\/Main-ASAC-2024-website-banner-2000-567.jpg?resize=700%2C400&ssl=1 2x, https:\/\/i0.wp.com\/asac.ca\/wp-content\/uploads\/2023\/11\/Main-ASAC-2024-website-banner-2000-567.jpg?resize=1050%2C600&ssl=1 3x, https:\/\/i0.wp.com\/asac.ca\/wp-content\/uploads\/2023\/11\/Main-ASAC-2024-website-banner-2000-567.jpg?resize=1400%2C800&ssl=1 4x"},"classes":[]},{"id":1573,"url":"https:\/\/asac.ca\/fr\/conferences\/submission-policies-and-guidelines\/","url_meta":{"origin":5387,"position":4},"title":"Politiques et directives de soumission","author":"asaccanada","date":"janvier 25, 2020","format":false,"excerpt":"Assurez-vous de lire les politiques et les directives ci-dessous avant de soumettre votre candidature \u00e0 la conf\u00e9rence ASAC. Date limite pour toutes les soumissions :samedi 1er f\u00e9vrier 2025 \u00e0 minuit, heure de l'Est (pas d'extensions). Pour pr\u00e9senter ou assister \u00e0 la conf\u00e9rence ASAC, vous devez \u00eatre membre. Cependant, vous n'avez\u2026","rel":"","context":"Article similaire","block_context":{"text":"Article similaire","link":""},"img":{"alt_text":"","src":"","width":0,"height":0},"classes":[]},{"id":7822,"url":"https:\/\/asac.ca\/fr\/inscription-2023\/","url_meta":{"origin":5387,"position":5},"title":"Inscription 2023 (\u00e0 venir!)","author":"asaccanada","date":"janvier 22, 2023","format":false,"excerpt":"Veuillez noter que seuls les membres en r\u00e8gle de l'ASAC pourront s'inscrire \u00e0 la conf\u00e9rence. Renouvelez votre adh\u00e9sion ici. \u00a0 Horaire de la conf\u00e9rence Ce qui suit est un aper\u00e7u du calendrier des conf\u00e9rences pour l'ASAC 2023. Ce calendrier est sujet \u00e0 changements. Nous publierons plus d'informations d\u00e8s qu'elles seront\u2026","rel":"","context":"Article similaire","block_context":{"text":"Article similaire","link":""},"img":{"alt_text":"","src":"","width":0,"height":0},"classes":[]}],"amp_enabled":true,"_links":{"self":[{"href":"https:\/\/asac.ca\/fr\/wp-json\/wp\/v2\/pages\/5387","targetHints":{"allow":["GET"]}}],"collection":[{"href":"https:\/\/asac.ca\/fr\/wp-json\/wp\/v2\/pages"}],"about":[{"href":"https:\/\/asac.ca\/fr\/wp-json\/wp\/v2\/types\/page"}],"author":[{"embeddable":true,"href":"https:\/\/asac.ca\/fr\/wp-json\/wp\/v2\/users\/88652768"}],"replies":[{"embeddable":true,"href":"https:\/\/asac.ca\/fr\/wp-json\/wp\/v2\/comments?post=5387"}],"version-history":[{"count":3,"href":"https:\/\/asac.ca\/fr\/wp-json\/wp\/v2\/pages\/5387\/revisions"}],"predecessor-version":[{"id":5390,"href":"https:\/\/asac.ca\/fr\/wp-json\/wp\/v2\/pages\/5387\/revisions\/5390"}],"up":[{"embeddable":true,"href":"https:\/\/asac.ca\/fr\/wp-json\/wp\/v2\/pages\/4897"}],"wp:attachment":[{"href":"https:\/\/asac.ca\/fr\/wp-json\/wp\/v2\/media?parent=5387"}],"curies":[{"name":"wp","href":"https:\/\/api.w.org\/{rel}","templated":true}]}}