{"id":5642,"date":"2021-02-24T13:05:42","date_gmt":"2021-02-24T18:05:42","guid":{"rendered":"https:\/\/asac.ca\/membership\/asacawards\/asac-cjas-phd-research-grant\/"},"modified":"2023-03-28T21:25:23","modified_gmt":"2023-03-29T01:25:23","slug":"asac-cjas-phd-research-grant","status":"publish","type":"page","link":"https:\/\/asac.ca\/fr\/membership\/asacawards\/asac-cjas-phd-research-grant\/","title":{"rendered":"Prix de recherche de doctorat ASAC-CJAS"},"content":{"rendered":"<h3 class=\"wp-block-heading\"><strong>Lignes directrices g\u00e9n\u00e9rales<\/strong><\/h3>\r\n\r\n\r\n\r\n<h4 class=\"wp-block-heading\"><strong>Objectifs<\/strong><\/h4>\r\n<p>Le prix de recherche au doctorat ASAC-CJAS soutient les doctorants canadiens pendant leur recherche doctorale. En plus du prix de 2500 $, l\u2019\u00e9tudiant re\u00e7oit \u00e9galement un abonnement gratuit de l\u2019ASAC pour l\u2019ann\u00e9e suivante. Il est d\u00e9cern\u00e9 tous les deux ans.<\/p>\r\n\r\n\r\n\r\n<h4 class=\"wp-block-heading\">Admissibilit\u00e9<\/h4>\r\n\r\n\r\n\r\n<p class=\"wp-block-paragraph\">Pour \u00eatre admissible au prix, les candidats doivent \u00eatre un candidat au doctorat, actuellement inscrit \u00e0 un programme de doctorat canadien dans un domaine li\u00e9 aux sciences administratives. (L\u2019ASAC se r\u00e9serve le droit de ne pas attribuer le prix si aucune des candidatures n\u2019est jug\u00e9e acceptable ou pour tout autre motif, \u00e0 la discr\u00e9tion du Comit\u00e9 ex\u00e9cutif de l\u2019ASAC.) Les candidats doivent indiquer toutes les autres sources de financement pour la recherche propos\u00e9e auxquelles ils ont soumis une demande ou desquelles ils ont re\u00e7u des fonds.<\/p>\r\n\r\n\r\n\r\n<h4 class=\"wp-block-heading\"><strong>Activit\u00e9s admissibles<\/strong><\/h4>\r\n\r\n\r\n\r\n<p class=\"wp-block-paragraph\">La subvention doit soutenir les activit\u00e9s de recherche principales du candidat au doctorat. Elle doit \u00eatre utilis\u00e9e pour couvrir les d\u00e9penses de recherche directes qui comprennent les \u00e9l\u00e9ments suivants, sans toutefois y \u00eatre limit\u00e9es\u00a0:<\/p>\r\n<ul>\r\n<li>fournitures et \u00e9quipements particuliers pour les activit\u00e9s de recherche (qui deviennent la propri\u00e9t\u00e9 de l\u2019universit\u00e9 d\u2019accueil)\u2009;<\/li>\r\n<li>frais de d\u00e9placement pour se rendre aux sites de recherche et en revenir\u2009;<\/li>\r\n<li>frais d\u2019administration de questionnaires\u2009;<\/li>\r\n<li>frais de t\u00e9l\u00e9phone, de t\u00e9l\u00e9copieur, de photocopie ou frais informatiques\u2009;<\/li>\r\n<li>frais de publication\u2009;<\/li>\r\n<li>frais de participation \u00e0 des congr\u00e8s et frais de voyage pour la pr\u00e9sentation des r\u00e9sultats des recherches soutenues par la subvention.<\/li>\r\n<\/ul>\r\n<p>La subvention ne peut pas \u00eatre utilis\u00e9e pour les d\u00e9penses suivantes\u00a0:<\/p>\r\n<ul>\r\n<li>entretien du mat\u00e9riel\u2009;<\/li>\r\n<li>subsistance de base\u2009;<\/li>\r\n<li>frais factur\u00e9s par l\u2019universit\u00e9 pour le recouvrement des couts.<\/li>\r\n<\/ul>\r\n<p>Le soutien est offert pour couvrir les couts directs de recherche. Tous les \u00e9l\u00e9ments couverts par la subvention doivent \u00eatre essentiels \u00e0 la recherche propos\u00e9e et ils doivent \u00eatre justifi\u00e9s. Le programme ne peut combler que des besoins modestes en mati\u00e8re de recherche. Par cons\u00e9quent, les candidats doivent planifier un budget en tenant compte du montant limit\u00e9 de la subvention.<\/p>\r\n\r\n\r\n\r\n<h4 class=\"wp-block-heading\"><strong>Crit\u00e8res et processus d\u2019\u00e9valuation<\/strong><\/h4>\r\n\r\n\r\n\r\n<p class=\"wp-block-paragraph\">Les candidatures relatives au Prix\u00a0de recherche de doctorat ASAC-CJAS seront examin\u00e9es et \u00e9valu\u00e9es par le Comit\u00e9 des prix de l\u2019ASAC cr\u00e9\u00e9 \u00e0 cette fin.\u00a0<\/p>\r\n<p>Les candidatures seront \u00e9valu\u00e9es selon les crit\u00e8res suivants\u00a0:<\/p>\r\n<ul>\r\n<li>la qualit\u00e9 et l\u2019originalit\u00e9 de la proposition\u2009;<\/li>\r\n<li>les retomb\u00e9es potentielles de la recherche sur la pratique de l\u2019enseignement ou les pratiques de gestion\u2009;<\/li>\r\n<li>l\u2019importance du sujet de la recherche pour la communaut\u00e9 des sciences de l\u2019administration\u2009;<\/li>\r\n<li>toute circonstance particuli\u00e8re ou tout facteur jug\u00e9 pertinent dans un cas sp\u00e9cifique.<\/li>\r\n<\/ul>\r\n<p>Dans tous les cas, les crit\u00e8res pr\u00e9pond\u00e9rants de l\u2019\u00e9valuation d\u2019une candidature sont la qualit\u00e9 et l\u2019originalit\u00e9 de la recherche, comme refl\u00e9t\u00e9 dans le projet de recherche, et les r\u00e9alisations du candidat. Toutes les d\u00e9cisions sont irr\u00e9vocables. L\u2019ASAC se r\u00e9serve le droit de ne pas attribuer le prix si aucune des candidatures n\u2019atteint les objectifs du programme ou pour tout autre motif, \u00e0 la discr\u00e9tion du Comit\u00e9 ex\u00e9cutif de l\u2019ASAC. Ce dernier \u00e9valuera annuellement la poursuite du programme.<\/p>\r\n\r\n\r\n\r\n<h4 class=\"wp-block-heading\"><strong>Conditions d\u2019octroi du prix<\/strong><\/h4>\r\n<p>La recherche soutenue par le Prix\u00a0de recherche de doctorat ASAC-CJAS de l\u2019ASAC doit \u00eatre conforme aux politiques de l\u2019universit\u00e9 d\u2019accueil relativement au d\u00e9roulement de la recherche, en particulier la politique en mati\u00e8re d\u2019\u00e9thique de la recherche et, s\u2019il y a lieu, la politique relative \u00e0 la recherche impliquant des humains.\u00a0<\/p>\r\n<p>Il incombe au candidat d\u2019obtenir les autorisations n\u00e9cessaires \u00e0 son projet de recherche. Les fonds ne seront pas vers\u00e9s tant que les preuves d\u2019autorisation de la recherche n\u2019auront pas \u00e9t\u00e9 pr\u00e9sent\u00e9es. Le r\u00e9cipiendaire de la subvention est responsable de l\u2019utilisation appropri\u00e9e des fonds et de tout d\u00e9passement des d\u00e9penses de recherche. Les d\u00e9penses doivent se conformer aux r\u00e8glements de l\u2019universit\u00e9 d\u2019accueil en mati\u00e8re d\u2019utilisation des fonds des subventions de recherche et elles doivent \u00eatre effectu\u00e9es en conformit\u00e9 avec les proc\u00e9dures financi\u00e8res normales de l\u2019universit\u00e9 d\u2019accueil. Les subventions qui visent l\u2019achat d\u2019\u00e9quipement sont accord\u00e9es \u00e0 condition que la responsabilit\u00e9 de tous les couts aff\u00e9rents \u00e0 l\u2019installation, au fonctionnement et \u00e0 l\u2019entretien de l\u2019\u00e9quipement achet\u00e9 incombe au chercheur et \u00e0 son d\u00e9partement universitaire.\u00a0<\/p>\r\n<p>Le r\u00e9cipiendaire doit indiquer, dans toutes les publications ou pr\u00e9sentations li\u00e9es \u00e0 la recherche subventionn\u00e9e, que cette derni\u00e8re a \u00e9t\u00e9 soutenue par les fonds du Prix\u00a0de recherche de doctorat ASAC-CJAS.\u00a0Enfin, le r\u00e9cipiendaire doit participer au congr\u00e8s de l\u2019ASAC afin de recevoir son prix.<\/p>\r\n\r\n\r\n\r\n<h4 class=\"wp-block-heading\"><strong>Date limite de soumission<\/strong><\/h4>\r\n<p><strong>3 mai 2023<\/strong><\/p>\r\n\r\n\r\n\r\n<p class=\"wp-block-paragraph\"><a href=\"https:\/\/asac.ca\/wp-content\/uploads\/2023\/03\/PhDgrantformEN-2023-CoSG.docx.pdf\" target=\"_blank\" rel=\"noopener\">Formulaire de prix de recherche de doctorat ASAC-CJAS<\/a><\/p>\r\n\r\n\r\n\r\n<h4 class=\"wp-block-heading\"><strong>Date d\u2019octroi de la subvention<\/strong><\/h4>\r\n<p>Le nom du r\u00e9cipiendaire du Prix de recherche des anciens pr\u00e9sidents de l\u2019ASAC sera annonc\u00e9 lors de la conf\u00e9rence annuelle de l\u2019ASAC. Le r\u00e9cipiendaire doit utiliser la subvention dans les 2\u00a0ann\u00e9es qui suivent la date de son octroi.<\/p>","protected":false},"excerpt":{"rendered":"<p>Lignes directrices g\u00e9n\u00e9rales Objectifs Le prix de recherche au doctorat ASAC-CJAS soutient les doctorants canadiens pendant leur recherche doctorale. En plus du prix de 2500 $, l\u2019\u00e9tudiant re\u00e7oit \u00e9galement un [&hellip;]<\/p>\n","protected":false},"author":88652768,"featured_media":0,"parent":1446,"menu_order":0,"comment_status":"closed","ping_status":"closed","template":"","meta":{"_bbp_topic_count":0,"_bbp_reply_count":0,"_bbp_total_topic_count":0,"_bbp_total_reply_count":0,"_bbp_voice_count":0,"_bbp_anonymous_reply_count":0,"_bbp_topic_count_hidden":0,"_bbp_reply_count_hidden":0,"_bbp_forum_subforum_count":0,"_coblocks_attr":"","_coblocks_dimensions":"","_coblocks_responsive_height":"","_coblocks_accordion_ie_support":"","_crdt_document":"","_genesis_hide_title":false,"_genesis_hide_breadcrumbs":false,"_genesis_hide_singular_image":false,"_genesis_hide_footer_widgets":false,"_genesis_custom_body_class":"","_genesis_custom_post_class":"","_genesis_layout":"","jetpack_post_was_ever_published":false,"footnotes":""},"class_list":["post-5642","page","type-page","status-publish","entry"],"jetpack_likes_enabled":false,"jetpack_sharing_enabled":true,"jetpack_shortlink":"https:\/\/wp.me\/P6jvYC-1t0","jetpack-related-posts":[{"id":1446,"url":"https:\/\/asac.ca\/fr\/membership\/asacawards\/","url_meta":{"origin":5642,"position":0},"title":"Prix et subventions","author":"asaccanada","date":"janvier 11, 2020","format":false,"excerpt":"Prix de recherche des anciens pr\u00e9sidents Le prix de recherche du pr\u00e9sident sortant soutient un membre du corps professoral canadien \u00e0 temps plein pour des activit\u00e9s de recherche. En plus du prix de 5\u2009000\u00a0$, la ou le r\u00e9cipiendaire re\u00e7oit \u00e9galement un abonnement gratuit et les frais de conf\u00e9rence de l\u2019ASAC\u2026","rel":"","context":"Article similaire","block_context":{"text":"Article similaire","link":""},"img":{"alt_text":"","src":"","width":0,"height":0},"classes":[]},{"id":1577,"url":"https:\/\/asac.ca\/fr\/membership\/asacawards\/asacawardsudayanrege\/","url_meta":{"origin":5642,"position":1},"title":"Prix Udayan Rege de la meilleure dissertation","author":"asaccanada","date":"janvier 25, 2020","format":false,"excerpt":"L\u2019ASAC est heureuse d\u2019annoncer le prix de la meilleure th\u00e8se Udayan Rege. Ce prix est d\u00e9cern\u00e9 tous les deux ans pour la meilleure th\u00e8se de doctorat canadienne en sciences administratives. Le prix est constitu\u00e9 d\u2019une plaque et d\u2019un montant de 1\u2009000\u00a0$. Ce prix est remis \u00e0 la m\u00e9moire du docteur\u2026","rel":"","context":"Article similaire","block_context":{"text":"Article similaire","link":""},"img":{"alt_text":"","src":"","width":0,"height":0},"classes":[]},{"id":1575,"url":"https:\/\/asac.ca\/fr\/membership\/asacawards\/asacawardspastpresidentresearch\/","url_meta":{"origin":5642,"position":2},"title":"Prix de recherche des anciens pr\u00e9sidents","author":"asaccanada","date":"janvier 25, 2020","format":false,"excerpt":"Lignes directrices g\u00e9n\u00e9rales Objectif L\u2019objectif du Prix de recherche des anciens pr\u00e9sidents de l\u2019ASAC est d\u2019appuyer les travaux d\u2019un professeur qui travaille \u00e0 temps plein dans une universit\u00e9 canadienne. Ce prix vise \u00e0 encourager la recherche de qualit\u00e9 \u00e9lev\u00e9e relativement aux enjeux en sciences de l\u2019administration les plus urgentes de\u2026","rel":"","context":"Article similaire","block_context":{"text":"Article similaire","link":""},"img":{"alt_text":"","src":"","width":0,"height":0},"classes":[]},{"id":12364,"url":"https:\/\/asac.ca\/fr\/appel-a-communications-asac-2025\/","url_meta":{"origin":5642,"position":3},"title":"Appel \u00e0 communications ASAC 2026 Date limite de soumission : 25 janvier 2026 \u00e0 minuit, heure de l&#8217;Est.","author":"asaccanada","date":"octobre 19, 2024","format":false,"excerpt":"22 au 25 mai 2026 | Calgary, AlbertaLa Bissett School of Business de l\u2019Universit\u00e9 Mount Royal du 22 au 25 mai. Colloque autochtone : 21 maiColloque doctoral et march\u00e9 de l\u2019emploi : 22 mai. Date limite de soumission : 25 janvier 2026 \u00e0 minuit, heure de l'Est. Apprenez-en davantage sur\u2026","rel":"","context":"Article similaire","block_context":{"text":"Article similaire","link":""},"img":{"alt_text":"","src":"https:\/\/i0.wp.com\/asac.ca\/wp-content\/uploads\/2026\/01\/ASAC_logo_4.2_rework.png?resize=350%2C200&ssl=1","width":350,"height":200,"srcset":"https:\/\/i0.wp.com\/asac.ca\/wp-content\/uploads\/2026\/01\/ASAC_logo_4.2_rework.png?resize=350%2C200&ssl=1 1x, https:\/\/i0.wp.com\/asac.ca\/wp-content\/uploads\/2026\/01\/ASAC_logo_4.2_rework.png?resize=525%2C300&ssl=1 1.5x, https:\/\/i0.wp.com\/asac.ca\/wp-content\/uploads\/2026\/01\/ASAC_logo_4.2_rework.png?resize=700%2C400&ssl=1 2x, https:\/\/i0.wp.com\/asac.ca\/wp-content\/uploads\/2026\/01\/ASAC_logo_4.2_rework.png?resize=1050%2C600&ssl=1 3x, https:\/\/i0.wp.com\/asac.ca\/wp-content\/uploads\/2026\/01\/ASAC_logo_4.2_rework.png?resize=1400%2C800&ssl=1 4x"},"classes":[]},{"id":21503,"url":"https:\/\/asac.ca\/fr\/appel-a-communications-asac-2026\/","url_meta":{"origin":5642,"position":4},"title":"Appel \u00e0 communications ASAC 2026","author":"asaccanada","date":"janvier 13, 2026","format":false,"excerpt":"\u00a0 \u00a0 \u00a0 \u00a0 \u00a0 \u00a0 \u00a0 \u00a0 \u00a0 \u00a0Date limite de soumission : 25 janvier 2026 \u00e0 minuit, heure de l'Est. 22 au 25 mai 2026 | Calgary, AlbertaLa Bissett School of Business de l\u2019Universit\u00e9 Mount Royal du 22 au 25 mai. Colloque autochtone : 21 maiColloque doctoral et\u2026","rel":"","context":"Article similaire","block_context":{"text":"Article similaire","link":""},"img":{"alt_text":"","src":"https:\/\/i0.wp.com\/asac.ca\/wp-content\/uploads\/2025\/11\/ASAC_logo_4.2_rework_final_Logo-4.2-C-.webp?resize=350%2C200&ssl=1","width":350,"height":200,"srcset":"https:\/\/i0.wp.com\/asac.ca\/wp-content\/uploads\/2025\/11\/ASAC_logo_4.2_rework_final_Logo-4.2-C-.webp?resize=350%2C200&ssl=1 1x, https:\/\/i0.wp.com\/asac.ca\/wp-content\/uploads\/2025\/11\/ASAC_logo_4.2_rework_final_Logo-4.2-C-.webp?resize=525%2C300&ssl=1 1.5x, https:\/\/i0.wp.com\/asac.ca\/wp-content\/uploads\/2025\/11\/ASAC_logo_4.2_rework_final_Logo-4.2-C-.webp?resize=700%2C400&ssl=1 2x, https:\/\/i0.wp.com\/asac.ca\/wp-content\/uploads\/2025\/11\/ASAC_logo_4.2_rework_final_Logo-4.2-C-.webp?resize=1050%2C600&ssl=1 3x, https:\/\/i0.wp.com\/asac.ca\/wp-content\/uploads\/2025\/11\/ASAC_logo_4.2_rework_final_Logo-4.2-C-.webp?resize=1400%2C800&ssl=1 4x"},"classes":[]},{"id":1444,"url":"https:\/\/asac.ca\/fr\/membership\/asacfellows\/","url_meta":{"origin":5642,"position":5},"title":"Fellows de l&#8217;ASAC","author":"asaccanada","date":"janvier 11, 2020","format":false,"excerpt":"L\u2019ASAC est heureuse de vous annoncer la cr\u00e9ation de son programme \u00ab\u00a0Fellows de l\u2019ASAC\u00a0\u00bb, une initiative de r\u00e9seautage et de mentorat destin\u00e9e \u00e0 mettre en valeur et \u00e0 favoriser l\u2019engagement des universitaires canadiens distingu\u00e9s aupr\u00e8s de jeunes chercheurs, sp\u00e9cialement les doctorants, en soutenant ces derniers dans le d\u00e9veloppement de leur\u2026","rel":"","context":"Article similaire","block_context":{"text":"Article similaire","link":""},"img":{"alt_text":"","src":"","width":0,"height":0},"classes":[]}],"amp_enabled":true,"_links":{"self":[{"href":"https:\/\/asac.ca\/fr\/wp-json\/wp\/v2\/pages\/5642","targetHints":{"allow":["GET"]}}],"collection":[{"href":"https:\/\/asac.ca\/fr\/wp-json\/wp\/v2\/pages"}],"about":[{"href":"https:\/\/asac.ca\/fr\/wp-json\/wp\/v2\/types\/page"}],"author":[{"embeddable":true,"href":"https:\/\/asac.ca\/fr\/wp-json\/wp\/v2\/users\/88652768"}],"replies":[{"embeddable":true,"href":"https:\/\/asac.ca\/fr\/wp-json\/wp\/v2\/comments?post=5642"}],"version-history":[{"count":12,"href":"https:\/\/asac.ca\/fr\/wp-json\/wp\/v2\/pages\/5642\/revisions"}],"predecessor-version":[{"id":8225,"href":"https:\/\/asac.ca\/fr\/wp-json\/wp\/v2\/pages\/5642\/revisions\/8225"}],"up":[{"embeddable":true,"href":"https:\/\/asac.ca\/fr\/wp-json\/wp\/v2\/pages\/1446"}],"wp:attachment":[{"href":"https:\/\/asac.ca\/fr\/wp-json\/wp\/v2\/media?parent=5642"}],"curies":[{"name":"wp","href":"https:\/\/api.w.org\/{rel}","templated":true}]}}