{"id":6781,"date":"2020-01-19T21:45:20","date_gmt":"2020-01-20T02:45:20","guid":{"rendered":"https:\/\/asac.ca\/conferences\/congres-2022\/accommodation-and-travel-2020\/"},"modified":"2023-03-19T14:18:54","modified_gmt":"2023-03-19T18:18:54","slug":"accommodation","status":"publish","type":"page","link":"https:\/\/asac.ca\/fr\/conferences\/congres-2022\/accommodation\/","title":{"rendered":"Accommodation"},"content":{"rendered":"<p>&nbsp;<\/p>\r\n\r\n\r\n\r\n<p class=\"wp-block-paragraph\">Room blocks have been secured at Dalhousie&#8217;s Residences and the The Lord Nelson Hotel &amp; Suites. Room rates are only guaranteed until early May, while supplies last, so book your rooms early to benefit from the discounts. Please note, the conference rates will apply from Friday June 3rd until Monday June 7th.\u00a0<\/p>\r\n<p>&nbsp;<\/p>\r\n<hr \/>\r\n<p><strong>The Lord Nelson Hotel &amp; Suites<\/strong><\/p>\r\n<hr \/>\r\n<p>Classic Queen (1 or 2 queen bed) &#8211; $229 per night (+tx), single or double occupancy<\/p>\r\n<p>Classic King (1 king bed) &#8211; $229 per night (+tx), single or double occupancy<\/p>\r\n<p><br \/>Located under 1.2 km from the Dalhousie University campus &#8211; 1515 South Park St, Halifax, NS B3J 2L2 Canada<br \/><a href=\"https:\/\/www.reseze.net\/servlet\/SendPage?hotelid=1623&amp;skipfirstpage=true&amp;page=125038\">BOOK HERE<\/a><\/p>\r\n<hr \/>\r\n<p><strong>Dalhousie University residences<\/strong><\/p>\r\n<hr \/>\r\n<p>Located steps from the Rowe School of Business, rooms are a mix of traditional residence style and suite-style accommodations, include shared, private and gender neutral bathrooms.<\/p>\r\n<p><strong>Risley Hall<\/strong><\/p>\r\n<p>Single room &#8211; $33 (student)\/ $48 (regular) per night (+tx)<\/p>\r\n<p><strong>LeMarchant Place<\/strong><\/p>\r\n<p>2 Bedroom Private Bathroom &#8211; $90 (student)\/ $103 (regular) per night (+tx)<\/p>\r\n<p>2 Bedroom Suite &#8211; $99 (student)\/ $113 (regular) per night (+tx)<br \/><br \/>Reservations can be made directly online <a href=\"https:\/\/stay.dal.ca\/\">(BOOK HERE)<\/a>, or phone (902) 492-8840 or 1-855-DAL-STAY.\u00a0 <strong>Use discount code ASAC22<\/strong><\/p>\r\n<p>1233-1246 Lemarchant St, Halifax, NS B3H 3P7, Canada<\/p>\r\n<p>&nbsp;<\/p>\r\n\r\n<p>&nbsp;<\/p>","protected":false},"excerpt":{"rendered":"<p>&nbsp; Room blocks have been secured at Dalhousie&#8217;s Residences and the The Lord Nelson Hotel &amp; Suites. Room rates are only guaranteed until early May, while supplies last, so book [&hellip;]<\/p>\n","protected":false},"author":88652768,"featured_media":0,"parent":6527,"menu_order":3,"comment_status":"closed","ping_status":"closed","template":"","meta":{"_bbp_topic_count":0,"_bbp_reply_count":0,"_bbp_total_topic_count":0,"_bbp_total_reply_count":0,"_bbp_voice_count":0,"_bbp_anonymous_reply_count":0,"_bbp_topic_count_hidden":0,"_bbp_reply_count_hidden":0,"_bbp_forum_subforum_count":0,"_coblocks_attr":"","_coblocks_dimensions":"","_coblocks_responsive_height":"","_coblocks_accordion_ie_support":"","_crdt_document":"","_genesis_hide_title":false,"_genesis_hide_breadcrumbs":false,"_genesis_hide_singular_image":false,"_genesis_hide_footer_widgets":false,"_genesis_custom_body_class":"","_genesis_custom_post_class":"","_genesis_layout":"","footnotes":""},"class_list":["post-6781","page","type-page","status-publish","entry"],"jetpack_likes_enabled":false,"jetpack_sharing_enabled":true,"jetpack_shortlink":"https:\/\/wp.me\/P6jvYC-1Ln","jetpack-related-posts":[{"id":8173,"url":"https:\/\/asac.ca\/accommodations\/","url_meta":{"origin":6781,"position":0},"title":"Accommodations","author":"asaccanada","date":"mars 19, 2023","format":false,"excerpt":"Here are a few accommodation options for your stay in Montreal (Longueuil). Sandman Hotel999 Rue de S\u00e9rigny, Montr\u00e9al, QC J4K 2T1, Canada3 minute walk to campus$180\u00a0+ tax This rate is available until April 30th or while supplies last and valid May 30 - June 5, 2024 (inclusive) Room: king bed\u00a0+\u2026","rel":"","context":"Article similaire","block_context":{"text":"Article similaire","link":""},"img":{"alt_text":"","src":"","width":0,"height":0},"classes":[]},{"id":6195,"url":"https:\/\/asac.ca\/conferences\/asac-2022\/call-for-papers-appel-a-communications\/","url_meta":{"origin":6781,"position":1},"title":"Call for Papers","author":"asaccanada","date":"novembre 22, 2021","format":false,"excerpt":"ASAC 2022 - Stronger Together June 3 - 7, 2022\u00a0 | \u00a0Halifax, Nova Scotia Download the ASAC 2022 Call for Papers | Appel \u00e0 communications \u00a0 In partnership with the Rowe School of Business at Dalhousie University, the Administrative Sciences Association of Canada invites you to submit a paper, work-in-progress,\u2026","rel":"","context":"Article similaire","block_context":{"text":"Article similaire","link":""},"img":{"alt_text":"","src":"","width":0,"height":0},"classes":[]},{"id":8190,"url":"https:\/\/asac.ca\/fr\/8190-2\/","url_meta":{"origin":6781,"position":2},"title":"H\u00e9bergement","author":"asaccanada","date":"mars 19, 2023","format":false,"excerpt":"Voici quelques options d'h\u00e9bergement pour votre s\u00e9jour \u00e0 Montr\u00e9al (Longueuil). Sandman Hotel 999 Rue de S\u00e9rigny, Montr\u00e9al, QC J4K 2T1, Canada 3 minutes \u00e0 pied du campus 180 $ + taxes Ce tarif est disponible jusqu'au 30 avril ou jusqu'\u00e0 \u00e9puisement des stocks et est valide du 30 mai au\u2026","rel":"","context":"Article similaire","block_context":{"text":"Article similaire","link":""},"img":{"alt_text":"","src":"","width":0,"height":0},"classes":[]},{"id":2523,"url":"https:\/\/asac.ca\/conferences\/asac-2021-conference\/divisional-speakers\/","url_meta":{"origin":6781,"position":3},"title":"Divisional Speakers","author":"asaccanada","date":"mai 27, 2020","format":false,"excerpt":"Chris Hartt Associate Professor, Department of Business & Social Sciences at Dalhousie University Management Education (MED) Sunday June 13th, 10:30am Dr. Hartt spent 20+ years as a manager, director and business owner before deciding to return to school. The reason: he met too many people with\u00a0B.Com. or MBA degrees who\u2026","rel":"","context":"Article similaire","block_context":{"text":"Article similaire","link":""},"img":{"alt_text":"","src":"https:\/\/i0.wp.com\/asac.ca\/wp-content\/uploads\/2021\/03\/Chris-Hartt.jpg?resize=350%2C200&ssl=1","width":350,"height":200},"classes":[]},{"id":2533,"url":"https:\/\/asac.ca\/conferences\/pastasacconferences\/doctoral-consortium-speakers\/","url_meta":{"origin":6781,"position":4},"title":"Doctoral Consortium Speakers","author":"asaccanada","date":"mai 27, 2020","format":false,"excerpt":"Introduction Friday June 12th, 11:00am - 11:15pm J.Y. Tang - Consortium Chair J.Y. Tang is an associate professor of strategic management at the Faculty of Business Administration, Memorial University. He received his PhD from the Ivey Business School at the University of Western Ontario. His research focuses on strategic leadership\u2026","rel":"","context":"Article similaire","block_context":{"text":"Article similaire","link":""},"img":{"alt_text":"","src":"https:\/\/i0.wp.com\/asac.ca\/wp-content\/uploads\/2020\/05\/Tang.jpg?resize=350%2C200&ssl=1","width":350,"height":200},"classes":[]},{"id":5787,"url":"https:\/\/asac.ca\/conferences\/asac-2021-conference\/professional-development-workshops\/","url_meta":{"origin":6781,"position":5},"title":"Professional Development Workshops","author":"asaccanada","date":"juin 1, 2021","format":false,"excerpt":"Finding Sustainability in a Post-2020 World Tuesday, June 15th, \u00a09:00am \u2013 10:30am Sustainably comes in many forms and exhibits many facets. Virtually all of\u00a0them have been challenged in the last year. A global pandemic has\u00a0massively disrupted the world at large, and with it organizations,\u00a0economies, communities and nations. The vocal cry\u2026","rel":"","context":"Article similaire","block_context":{"text":"Article similaire","link":""},"img":{"alt_text":"","src":"https:\/\/i0.wp.com\/asac.ca\/wp-content\/uploads\/2021\/05\/Iain-Klugman-e1622525036416.jpg?resize=350%2C200&ssl=1","width":350,"height":200},"classes":[]}],"amp_enabled":true,"_links":{"self":[{"href":"https:\/\/asac.ca\/fr\/wp-json\/wp\/v2\/pages\/6781","targetHints":{"allow":["GET"]}}],"collection":[{"href":"https:\/\/asac.ca\/fr\/wp-json\/wp\/v2\/pages"}],"about":[{"href":"https:\/\/asac.ca\/fr\/wp-json\/wp\/v2\/types\/page"}],"author":[{"embeddable":true,"href":"https:\/\/asac.ca\/fr\/wp-json\/wp\/v2\/users\/88652768"}],"replies":[{"embeddable":true,"href":"https:\/\/asac.ca\/fr\/wp-json\/wp\/v2\/comments?post=6781"}],"version-history":[{"count":6,"href":"https:\/\/asac.ca\/fr\/wp-json\/wp\/v2\/pages\/6781\/revisions"}],"predecessor-version":[{"id":6794,"href":"https:\/\/asac.ca\/fr\/wp-json\/wp\/v2\/pages\/6781\/revisions\/6794"}],"up":[{"embeddable":true,"href":"https:\/\/asac.ca\/fr\/wp-json\/wp\/v2\/pages\/6527"}],"wp:attachment":[{"href":"https:\/\/asac.ca\/fr\/wp-json\/wp\/v2\/media?parent=6781"}],"curies":[{"name":"wp","href":"https:\/\/api.w.org\/{rel}","templated":true}]}}